{"id":4921,"date":"2021-02-23T19:35:31","date_gmt":"2021-02-23T19:35:31","guid":{"rendered":"https:\/\/eldoncel.com\/restaurant\/head-of-room"},"modified":"2022-11-16T18:50:51","modified_gmt":"2022-11-16T18:50:51","slug":"head-of-room","status":"publish","type":"page","link":"https:\/\/eldoncel.com\/en\/restaurant\/head-of-room","title":{"rendered":"Head of room"},"content":{"rendered":"<p>[vc_row content_placement=&#8221;top&#8221; content_text_aligment=&#8221;center&#8221;][vc_column]<div class=\"mkdf-elements-holder   mkdf-two-columns  mkdf-responsive-mode-1024 \" ><div class=\"mkdf-eh-item  mkdf-vertical-alignment-top mkdf-horizontal-alignment-center \"  data-item-class=\"mkdf-eh-custom-1248\" data-1367-1600=\"0 0 0 13%\" data-1025-1366=\"0 0 0 15%\" data-769-1024=\"0 0 0 9%\" data-681-768=\"0 0 0 9%\" data-680=\"0 0 0 5%\">\n\t<div class=\"mkdf-eh-item-inner\">\n\t\t<div class=\"mkdf-eh-item-content mkdf-eh-custom-1248\" style=\"padding: 0 0 0 38%\">\n\t\t\t<div class=\"mkdf-section-title-holder  mkdf-st-standard mkdf-st-title-left mkdf-st-normal-space \" style=\"padding:0 0 15% 0;text-align: left\">\n\t<div class=\"mkdf-st-inner\">\n\t\t\t\t\t<h2 class=\"mkdf-st-title\" >\n\t\t\t\tHead<br \/> of room\t\t\t<\/h2>\n\t\t    <span class=\"mkdf-st-line\" style=\"margin: 50px 9% 0 14%; height: 120px\"><\/span>\n    <div class=\"mkdf-st-text\" style=\"margin-top: 45px;padding-right: 90px\">\n        \n<h4>Eduardo P\u00e9rez<\/h4>\n<h5>(Head of room)<\/h5>\n<p>Born in Sig\u00fcenza in 1979.. He completed his studies at the prestigious school of hotel management in Zaragoza (Miralbueno)[vc_empty_space height=&#8221;30px&#8221;]In his years of studies, he did his first stage at the restaurant &#8220;Zalaca\u00edn&#8221;, under the orders of Custodio Zamarra and Jos\u00e9 Jim\u00e9nez Blas[vc_empty_space height=&#8221;30px&#8221;]Later in the Ritz hotel, regional cuisine competition. He does his internship at the &#8220;Flamb\u00e9&#8221; restaurant in Zaragoza[vc_empty_space height=&#8221;30px&#8221;]Winner of the 2nd prize in the national cocktail contest of the year 2000. Take sommelier courses at &#8220;La Filoxera&#8221; (Zaragoza)[vc_empty_space height=&#8221;30px&#8221;]In June 2001, he took the reins of the family business together with his brother Enrique, giving a 180 \u00b0 turn to the style and management of both the hotel and the restaurant and the new era of the P\u00e9rez brothers began.[vc_empty_space height=&#8221;30px&#8221;]In 2002, Eduardo inaugurated the &#8220;Doncel&#8221; winery with more than 340 references and both the living room and the kitchen were renovated with the youthful, quality and prestigious touch with which they want to represent themselves. From then until today, the &#8220;Doncel&#8221; has been awarded numerous prizes[vc_empty_space height=&#8221;30px&#8221;]In January 2020, an intense architectural reform and a new interior decoration is undertaken, renewing the atmosphere of the restaurant    <\/div>\n\t<\/div>\n<\/div>[vc_empty_space height=&#8221;5&#8243;]<div class=\"mkdf-single-image-holder    mkdf-image-center\" >\n    <div class=\"mkdf-si-inner\" >\n                                    <img width=\"218\" height=\"135\" src=\"https:\/\/eldoncel.com\/wp-content\/uploads\/2020\/11\/signature_eduardo_sala.png\" class=\"attachment-full size-full\" alt=\"\" loading=\"eager\" \/>                        <\/div>\n<\/div>[vc_empty_space height=&#8221;70px&#8221;]\t\t<\/div>\n\t<\/div>\n<\/div><div class=\"mkdf-eh-item  mkdf-vertical-alignment-top  \"  data-item-class=\"mkdf-eh-custom-7030\">\n\t<div class=\"mkdf-eh-item-inner\">\n\t\t<div class=\"mkdf-eh-item-content mkdf-eh-custom-7030\" style=\"padding: 0 0 0 9%\">\n\t\t\t<div class=\"mkdf-single-image-holder    \" >\n    <div class=\"mkdf-si-inner\" >\n                                    <img width=\"1100\" height=\"2000\" src=\"https:\/\/eldoncel.com\/wp-content\/uploads\/2020\/12\/rest_jefesala_eduardoperez.jpg\" class=\"attachment-full size-full\" alt=\"\" srcset=\"https:\/\/eldoncel.com\/wp-content\/uploads\/2020\/12\/rest_jefesala_eduardoperez.jpg 1100w, https:\/\/eldoncel.com\/wp-content\/uploads\/2020\/12\/rest_jefesala_eduardoperez-165x300.jpg 165w, https:\/\/eldoncel.com\/wp-content\/uploads\/2020\/12\/rest_jefesala_eduardoperez-563x1024.jpg 563w, https:\/\/eldoncel.com\/wp-content\/uploads\/2020\/12\/rest_jefesala_eduardoperez-768x1396.jpg 768w, https:\/\/eldoncel.com\/wp-content\/uploads\/2020\/12\/rest_jefesala_eduardoperez-845x1536.jpg 845w, https:\/\/eldoncel.com\/wp-content\/uploads\/2020\/12\/rest_jefesala_eduardoperez-600x1091.jpg 600w\" sizes=\"(max-width: 1100px) 100vw, 1100px\" loading=\"eager\" \/>                        <\/div>\n<\/div>\t\t<\/div>\n\t<\/div>\n<\/div><\/div>[\/vc_column][\/vc_row][vc_row][vc_column][vc_empty_space height=&#8221;100&#8243;][vc_text_separator title=&#8221;&#8221; i_type=&#8221;material&#8221; i_icon_material=&#8221;vc-material vc-material-restaurant&#8221; i_color=&#8221;white&#8221; i_background_style=&#8221;rounded&#8221; i_background_color=&#8221;custom&#8221; i_size=&#8221;sm&#8221; color=&#8221;custom&#8221; add_icon=&#8221;true&#8221; accent_color=&#8221;#f6efe5&#8243; i_custom_background_color=&#8221;#f6efe5&#8243;][vc_empty_space height=&#8221;50&#8243;]<div class=\"mkdf-image-gallery mkdf-grid-list mkdf-grid-masonry-list mkdf-disable-bottom-space  mkdf-ig-masonry-type mkdf-four-columns mkdf-normal-space  mkdf-image-behavior-custom-link\">\n\t<div class=\"mkdf-ig-inner mkdf-outer-space mkdf-masonry-list-wrapper\">\n\t\t<div class=\"mkdf-masonry-grid-sizer\"><\/div>\n\t\t<div class=\"mkdf-masonry-grid-gutter\"><\/div>\n\t\t\t\t\t\t\t\t<div class=\"mkdf-ig-image mkdf-item-space \">\n\t\t\t\t<div class=\"mkdf-ig-image-inner\">\n\t\t\t\t\t\t\t\t\t\t\t<img width=\"550\" height=\"550\" src=\"https:\/\/eldoncel.com\/wp-content\/uploads\/2020\/12\/rest_jsala_eduardoperez_02.jpg\" class=\"attachment-full size-full\" alt=\"\" srcset=\"https:\/\/eldoncel.com\/wp-content\/uploads\/2020\/12\/rest_jsala_eduardoperez_02.jpg 550w, https:\/\/eldoncel.com\/wp-content\/uploads\/2020\/12\/rest_jsala_eduardoperez_02-300x300.jpg 300w, https:\/\/eldoncel.com\/wp-content\/uploads\/2020\/12\/rest_jsala_eduardoperez_02-150x150.jpg 150w, https:\/\/eldoncel.com\/wp-content\/uploads\/2020\/12\/rest_jsala_eduardoperez_02-100x100.jpg 100w\" sizes=\"(max-width: 550px) 100vw, 550px\" loading=\"eager\" \/>\t\t\t\t\t\t\t\t\t\t\t<\/a>\n\t\t\t\t\t\t\t\t\t<\/div>\n\t\t\t<\/div>\n\t\t\t\t\t\t\t\t<div class=\"mkdf-ig-image mkdf-item-space mkdf-fixed-masonry-item mkdf-masonry-size-large-height\">\n\t\t\t\t<div class=\"mkdf-ig-image-inner\">\n\t\t\t\t\t\t\t\t\t\t\t<img width=\"550\" height=\"1100\" src=\"https:\/\/eldoncel.com\/wp-content\/uploads\/2020\/12\/rest_jsala_eduardoperez_00.jpg\" class=\"attachment-attika_mikado_image_portrait size-attika_mikado_image_portrait\" alt=\"\" srcset=\"https:\/\/eldoncel.com\/wp-content\/uploads\/2020\/12\/rest_jsala_eduardoperez_00.jpg 550w, https:\/\/eldoncel.com\/wp-content\/uploads\/2020\/12\/rest_jsala_eduardoperez_00-150x300.jpg 150w, https:\/\/eldoncel.com\/wp-content\/uploads\/2020\/12\/rest_jsala_eduardoperez_00-512x1024.jpg 512w\" sizes=\"(max-width: 550px) 100vw, 550px\" loading=\"eager\" \/>\t\t\t\t\t\t\t\t\t\t\t<\/a>\n\t\t\t\t\t\t\t\t\t<\/div>\n\t\t\t<\/div>\n\t\t\t\t\t\t\t\t<div class=\"mkdf-ig-image mkdf-item-space mkdf-fixed-masonry-item mkdf-masonry-size-large-width-height\">\n\t\t\t\t<div class=\"mkdf-ig-image-inner\">\n\t\t\t\t\t\t\t\t\t\t\t<img width=\"1100\" height=\"1100\" src=\"https:\/\/eldoncel.com\/wp-content\/uploads\/2020\/12\/rest_jsala_eduardoperez_04.jpg\" class=\"attachment-full size-full\" alt=\"\" srcset=\"https:\/\/eldoncel.com\/wp-content\/uploads\/2020\/12\/rest_jsala_eduardoperez_04.jpg 1100w, https:\/\/eldoncel.com\/wp-content\/uploads\/2020\/12\/rest_jsala_eduardoperez_04-300x300.jpg 300w, https:\/\/eldoncel.com\/wp-content\/uploads\/2020\/12\/rest_jsala_eduardoperez_04-1024x1024.jpg 1024w, https:\/\/eldoncel.com\/wp-content\/uploads\/2020\/12\/rest_jsala_eduardoperez_04-150x150.jpg 150w, https:\/\/eldoncel.com\/wp-content\/uploads\/2020\/12\/rest_jsala_eduardoperez_04-768x768.jpg 768w, https:\/\/eldoncel.com\/wp-content\/uploads\/2020\/12\/rest_jsala_eduardoperez_04-650x650.jpg 650w, https:\/\/eldoncel.com\/wp-content\/uploads\/2020\/12\/rest_jsala_eduardoperez_04-600x600.jpg 600w, https:\/\/eldoncel.com\/wp-content\/uploads\/2020\/12\/rest_jsala_eduardoperez_04-100x100.jpg 100w\" sizes=\"(max-width: 1100px) 100vw, 1100px\" loading=\"eager\" \/>\t\t\t\t\t\t\t\t\t\t\t<\/a>\n\t\t\t\t\t\t\t\t\t<\/div>\n\t\t\t<\/div>\n\t\t\t\t\t\t\t\t<div class=\"mkdf-ig-image mkdf-item-space \">\n\t\t\t\t<div class=\"mkdf-ig-image-inner\">\n\t\t\t\t\t\t\t\t\t\t\t<img width=\"536\" height=\"536\" src=\"https:\/\/eldoncel.com\/wp-content\/uploads\/2020\/12\/rest_jsala_eduardoperez_01.jpg\" class=\"attachment-full size-full\" alt=\"\" srcset=\"https:\/\/eldoncel.com\/wp-content\/uploads\/2020\/12\/rest_jsala_eduardoperez_01.jpg 536w, https:\/\/eldoncel.com\/wp-content\/uploads\/2020\/12\/rest_jsala_eduardoperez_01-300x300.jpg 300w, https:\/\/eldoncel.com\/wp-content\/uploads\/2020\/12\/rest_jsala_eduardoperez_01-150x150.jpg 150w, https:\/\/eldoncel.com\/wp-content\/uploads\/2020\/12\/rest_jsala_eduardoperez_01-100x100.jpg 100w\" sizes=\"(max-width: 536px) 100vw, 536px\" loading=\"eager\" \/>\t\t\t\t\t\t\t\t\t\t\t<\/a>\n\t\t\t\t\t\t\t\t\t<\/div>\n\t\t\t<\/div>\n\t\t\t<\/div>\n<\/div>[vc_empty_space height=&#8221;50&#8243;][\/vc_column][\/vc_row][vc_row][vc_column]<div class=\"mkdf-testimonials-holder clearfix mkdf-testimonials-standard  mkdf-navigation-numbers mkdf-nav-outer\">\n    <div class=\"mkdf-testimonials-icon\">\n        <svg version=\"1.1\" x=\"0px\" y=\"0px\"\n            width=\"50.75px\" height=\"37.828px\" viewBox=\"0 0 50.75 37.828\" enable-background=\"new 0 0 50.75 37.828\" xml:space=\"preserve\">\n            <path fill=\"#898989\" d=\"M39.486,14.41c-0.105-1.113-0.023-4.144,2.879-8.359c0.219-0.315,0.18-0.745-0.094-1.018\n            c-1.184-1.185-1.918-1.931-2.43-2.455c-0.676-0.687-0.984-1-1.438-1.41c-0.301-0.272-0.758-0.276-1.063-0.01\n            c-5.059,4.401-10.68,13.502-9.867,24.646c0.477,6.547,5.25,11.297,11.352,11.297c6.262,0,11.355-5.094,11.355-11.355\n            C50.181,19.707,45.439,14.754,39.486,14.41L39.486,14.41z M38.826,35.5c-5.238,0-9.34-4.125-9.754-9.807v-0.006\n            c-0.918-12.533,6.535-20.68,8.789-22.835c0.219,0.22,0.469,0.474,0.84,0.849c0.445,0.453,1.055,1.073,1.977,2\n            c-3.527,5.428-2.859,9.295-2.57,9.85c0.141,0.267,0.422,0.443,0.719,0.443c5.379,0,9.754,4.375,9.754,9.752\n            C48.58,31.125,44.205,35.5,38.826,35.5L38.826,35.5z M38.826,35.5\"\/>\n            <path fill=\"#898989\" d=\"M12.68,14.41c-0.105-1.113-0.023-4.144,2.879-8.359c0.219-0.315,0.18-0.745-0.094-1.018\n            c-1.184-1.185-1.918-1.931-2.43-2.455c-0.676-0.687-0.984-1-1.438-1.41c-0.301-0.272-0.758-0.276-1.063-0.01\n            C5.477,5.56-0.145,14.66,0.668,25.805c0.477,6.547,5.25,11.297,11.352,11.297c6.262,0,11.355-5.094,11.355-11.355\n            C23.375,19.707,18.633,14.754,12.68,14.41L12.68,14.41z M12.02,35.5c-5.238,0-9.34-4.125-9.754-9.807v-0.006\n            C1.348,13.154,8.801,5.008,11.055,2.853c0.219,0.22,0.469,0.474,0.84,0.849c0.445,0.453,1.055,1.073,1.977,2\n            c-3.527,5.428-2.859,9.295-2.57,9.85c0.141,0.267,0.422,0.443,0.719,0.443c5.379,0,9.754,4.375,9.754,9.752\n            C21.773,31.125,17.398,35.5,12.02,35.5L12.02,35.5z M12.02,35.5\"\/>\n        <\/svg>\n    <\/div>\n    <div class=\"mkdf-testimonials mkdf-owl-slider\" data-number-of-items=\"1\" data-enable-loop=\"no\" data-enable-autoplay=\"no\" data-slider-speed=\"5000\" data-slider-speed-animation=\"600\" data-enable-navigation=\"no\" data-enable-pagination=\"no\">\n\n    \n            <div class=\"mkdf-testimonial-content\" id=\"mkdf-testimonials-5099\">\n                <div class=\"mkdf-testimonial-text-holder\">\n                                            <p class=\"mkdf-testimonial-text\">Believing in ideas and carrying them out, does not involve risks if they are clear...<\/p>\n                                                                <h4 class=\"mkdf-testimonial-author\">\n                            <span class=\"mkdf-testimonials-author-name\">Eduardo P\u00e9rez<\/span>\n                                                    <\/h4>\n                                    <\/div>\n                            <\/div>\n\n    \n    <\/div>\n<\/div>[\/vc_column][\/vc_row][vc_row css=&#8221;.vc_custom_1533721367903{padding-top: 100px !important;padding-bottom: 100px !important;}&#8221;][vc_column][vc_row_inner row_content_width=&#8221;grid&#8221; enable_parallax_background_elements=&#8221;yes&#8221; parallax_background_elements_vertical_alignment=&#8221;middle&#8221; enable_parallax_effect=&#8221;no&#8221; left_parallax_background_element=&#8221;721&#8243;][vc_column_inner width=&#8221;1\/12&#8243; offset=&#8221;vc_hidden-md vc_hidden-sm vc_hidden-xs&#8221;][\/vc_column_inner][vc_column_inner offset=&#8221;vc_col-lg-4 vc_col-md-5 vc_col-xs-12&#8243;]<div class=\"mkdf-single-image-holder    \" data-parallax=\"{&quot;y&quot;: 30, &quot;smoothness&quot;: 30}\">\n    <div class=\"mkdf-si-inner\" >\n                                    <img width=\"384\" height=\"576\" src=\"https:\/\/eldoncel.com\/wp-content\/uploads\/2020\/12\/rest_jefesala_content_img01.jpg\" class=\"attachment-full size-full\" alt=\"\" srcset=\"https:\/\/eldoncel.com\/wp-content\/uploads\/2020\/12\/rest_jefesala_content_img01.jpg 384w, https:\/\/eldoncel.com\/wp-content\/uploads\/2020\/12\/rest_jefesala_content_img01-200x300.jpg 200w\" sizes=\"(max-width: 384px) 100vw, 384px\" loading=\"eager\" \/>                        <\/div>\n<\/div>[\/vc_column_inner][vc_column_inner width=&#8221;1\/12&#8243; offset=&#8221;vc_hidden-md vc_hidden-sm vc_hidden-xs&#8221;][\/vc_column_inner][vc_column_inner css=&#8221;.vc_custom_1534512863336{padding-left: 0px !important;}&#8221; offset=&#8221;vc_col-lg-6 vc_col-md-7 vc_col-xs-12&#8243;][vc_empty_space height=&#8221;80px&#8221;]<div class=\"mkdf-section-title-holder  mkdf-st-standard mkdf-st-title-left mkdf-st-normal-space \" style=\"padding:0 0 15% 0;text-align: left\">\n\t<div class=\"mkdf-st-inner\">\n\t\t\t\t\t<h2 class=\"mkdf-st-title\" >\n\t\t\t\tRoom<br \/>\t\t\t<\/h2>\n\t\t    <span class=\"mkdf-st-line\" style=\"margin: 50px 9% 0 26%; height: 120px\"><\/span>\n    <div class=\"mkdf-st-text\" style=\"margin-top: 45px;padding-right: 0\">\n        La Sala de el doncel est\u00e1 dirigida por Eduardo P\u00e9rez[vc_empty_space height=&#8221;30px&#8221;]To understand the customer well, the kitchen has to understand and go out into the room, listen to the customer, know how to sell and make him enjoy a unique experience in the establishment[vc_empty_space height=&#8221;30px&#8221;]From the moment the client enters the door, you have to receive them with the best smile and analyze each profile to see what we are facing[vc_empty_space height=&#8221;30px&#8221;]Each table is different, each client is different and in the room we have to have our point of psychologists, psychiatrists, be good public relations and above all be credible.[vc_empty_space height=&#8221;30px&#8221;]The union of kitchen and living room opens a range of possibilities and results in a surprising experience in flavors and textures    <\/div>\n\t<\/div>\n<\/div>[\/vc_column_inner][\/vc_row_inner][\/vc_column][\/vc_row][vc_row][vc_column]<div class=\"mkdf-section-title-holder  mkdf-st-two-columns mkdf-st-title-left mkdf-st-normal-space \" style=\"padding:0 0 1% 0\">\n\t<div class=\"mkdf-st-inner\">\n\t\t\t\t\t<h2 class=\"mkdf-st-title\" >\n\t\t\t\tMain dining room\t\t\t<\/h2>\n\t\t    <span class=\"mkdf-st-line\" style=\"height: 80px\"><\/span>\n    <div class=\"mkdf-st-text\" style=\"margin-top: 45px;padding-right: 0\">\n            <\/div>\n\t<\/div>\n<\/div>[vc_gallery type=&#8221;nivo&#8221; interval=&#8221;3&#8243; images=&#8221;4157,4158,4159,4160,4161&#8243; img_size=&#8221;full&#8221;][\/vc_column][\/vc_row]<\/p>\n","protected":false},"excerpt":{"rendered":"<p>[vc_row content_placement=&#8221;top&#8221; content_text_aligment=&#8221;center&#8221;][vc_column][\/vc_column][\/vc_row][vc_row][vc_column][vc_empty_space height=&#8221;100&#8243;][vc_text_separator title=&#8221;&#8221; i_type=&#8221;material&#8221; i_icon_material=&#8221;vc-material vc-material-restaurant&#8221; i_color=&#8221;white&#8221; i_background_style=&#8221;rounded&#8221; i_background_color=&#8221;custom&#8221; i_size=&#8221;sm&#8221; color=&#8221;custom&#8221; add_icon=&#8221;true&#8221; accent_color=&#8221;#f6efe5&#8243; i_custom_background_color=&#8221;#f6efe5&#8243;][vc_empty_space height=&#8221;50&#8243;][vc_empty_space height=&#8221;50&#8243;][\/vc_column][\/vc_row][vc_row][vc_column][\/vc_column][\/vc_row][vc_row css=&#8221;.vc_custom_1533721367903{padding-top: 100px !important;padding-bottom: 100px !important;}&#8221;][vc_column][vc_row_inner row_content_width=&#8221;grid&#8221; enable_parallax_background_elements=&#8221;yes&#8221; parallax_background_elements_vertical_alignment=&#8221;middle&#8221; enable_parallax_effect=&#8221;no&#8221; left_parallax_background_element=&#8221;721&#8243;][vc_column_inner width=&#8221;1\/12&#8243; offset=&#8221;vc_hidden-md vc_hidden-sm vc_hidden-xs&#8221;][\/vc_column_inner][vc_column_inner offset=&#8221;vc_col-lg-4 vc_col-md-5 vc_col-xs-12&#8243;][\/vc_column_inner][vc_column_inner width=&#8221;1\/12&#8243; offset=&#8221;vc_hidden-md vc_hidden-sm vc_hidden-xs&#8221;][\/vc_column_inner][vc_column_inner css=&#8221;.vc_custom_1534512863336{padding-left: [&hellip;]<\/p>\n","protected":false},"author":2,"featured_media":0,"parent":4690,"menu_order":0,"comment_status":"closed","ping_status":"closed","template":"full-width.php","meta":[],"_links":{"self":[{"href":"https:\/\/eldoncel.com\/en\/wp-json\/wp\/v2\/pages\/4921"}],"collection":[{"href":"https:\/\/eldoncel.com\/en\/wp-json\/wp\/v2\/pages"}],"about":[{"href":"https:\/\/eldoncel.com\/en\/wp-json\/wp\/v2\/types\/page"}],"author":[{"embeddable":true,"href":"https:\/\/eldoncel.com\/en\/wp-json\/wp\/v2\/users\/2"}],"replies":[{"embeddable":true,"href":"https:\/\/eldoncel.com\/en\/wp-json\/wp\/v2\/comments?post=4921"}],"version-history":[{"count":12,"href":"https:\/\/eldoncel.com\/en\/wp-json\/wp\/v2\/pages\/4921\/revisions"}],"predecessor-version":[{"id":5702,"href":"https:\/\/eldoncel.com\/en\/wp-json\/wp\/v2\/pages\/4921\/revisions\/5702"}],"up":[{"embeddable":true,"href":"https:\/\/eldoncel.com\/en\/wp-json\/wp\/v2\/pages\/4690"}],"wp:attachment":[{"href":"https:\/\/eldoncel.com\/en\/wp-json\/wp\/v2\/media?parent=4921"}],"curies":[{"name":"wp","href":"https:\/\/api.w.org\/{rel}","templated":true}]}}