{"id":5009,"date":"2021-02-23T21:32:42","date_gmt":"2021-02-23T21:32:42","guid":{"rendered":"https:\/\/eldoncel.com\/trajectory\/origin"},"modified":"2021-02-23T21:32:47","modified_gmt":"2021-02-23T21:32:47","slug":"origin","status":"publish","type":"page","link":"https:\/\/eldoncel.com\/en\/trajectory\/origin","title":{"rendered":"Origin"},"content":{"rendered":"<p>[vc_row content_placement=&#8221;top&#8221; content_text_aligment=&#8221;center&#8221;][vc_column]<div class=\"mkdf-elements-holder   mkdf-two-columns  mkdf-responsive-mode-1024 \" ><div class=\"mkdf-eh-item  mkdf-vertical-alignment-top mkdf-horizontal-alignment-center \"  data-item-class=\"mkdf-eh-custom-3054\" data-1367-1600=\"0 0 0 13%\" data-1025-1366=\"0 0 0 15%\" data-769-1024=\"0 0 7% 9%\" data-681-768=\"0 0 6% 9%\" data-680=\"0 0 10% 5%\">\n\t<div class=\"mkdf-eh-item-inner\">\n\t\t<div class=\"mkdf-eh-item-content mkdf-eh-custom-3054\" style=\"padding: 0 0 0 38%\">\n\t\t\t<div class=\"mkdf-section-title-holder  mkdf-st-standard mkdf-st-title-left mkdf-st-normal-space \" style=\"padding:0 0 15% 0;text-align: left\">\n\t<div class=\"mkdf-st-inner\">\n\t\t\t\t\t<h2 class=\"mkdf-st-title\" >\n\t\t\t\tOrigins<br \/>\t\t\t<\/h2>\n\t\t    <span class=\"mkdf-st-line\" style=\"margin: 50px 9% 0 14%; height: 120px\"><\/span>\n    <div class=\"mkdf-st-text\" style=\"margin-top: 45px;padding-right: 90px\">\n        Our trajectory (fourth generation of hoteliers) begins almost unconsciously when, since we were little, we lived from a family business in which without much ambition we helped our parents on weekends[vc_empty_space height=&#8221;30px&#8221;]We left Sig\u00fcenza to train professionally, but circumstances caused a radical turn in our lives when our father had to &#8220;lift his foot off the gas&#8221; of the business. So we decided to return to our town and carry on with it, but with a fundamental premise: to do what we liked.[vc_empty_space height=&#8221;30px&#8221;]A very important step that required a change of vision, both in concept and in business structure. We sit down and develop a new business strategy[vc_empty_space height=&#8221;30px&#8221;]We started with a slow and thoughtful transformation, until 2010 when we felt professionally prepared to decide by betting on giving a more personalized turn to our cuisine and positioning ourselves in the gastronomic market, with our identity, with two fundamental premises. The first, to be aware of our surroundings and the extraordinary ingredients of our region, revaluing them and staging them in a different, very personal way. The second enjoy what we did, our cuisine and try to infect it and transmit that illusion to those who visit us[vc_empty_space height=&#8221;30px&#8221;]    <\/div>\n\t<\/div>\n<\/div>\t\t<\/div>\n\t<\/div>\n<\/div><div class=\"mkdf-eh-item  mkdf-vertical-alignment-top  \"  data-item-class=\"mkdf-eh-custom-6628\">\n\t<div class=\"mkdf-eh-item-inner\">\n\t\t<div class=\"mkdf-eh-item-content mkdf-eh-custom-6628\" style=\"padding: 0 0 0 9%\">\n\t\t\t<div class=\"mkdf-single-image-holder    \" >\n    <div class=\"mkdf-si-inner\" >\n                                    <img width=\"862\" height=\"1109\" src=\"https:\/\/eldoncel.com\/wp-content\/uploads\/2020\/11\/origenes_eldoncel_hermanos.jpg\" class=\"attachment-full size-full\" alt=\"\" srcset=\"https:\/\/eldoncel.com\/wp-content\/uploads\/2020\/11\/origenes_eldoncel_hermanos.jpg 862w, https:\/\/eldoncel.com\/wp-content\/uploads\/2020\/11\/origenes_eldoncel_hermanos-233x300.jpg 233w, https:\/\/eldoncel.com\/wp-content\/uploads\/2020\/11\/origenes_eldoncel_hermanos-796x1024.jpg 796w, https:\/\/eldoncel.com\/wp-content\/uploads\/2020\/11\/origenes_eldoncel_hermanos-768x988.jpg 768w, https:\/\/eldoncel.com\/wp-content\/uploads\/2020\/11\/origenes_eldoncel_hermanos-600x772.jpg 600w\" sizes=\"(max-width: 862px) 100vw, 862px\" loading=\"eager\" \/>                        <\/div>\n<\/div>\t\t<\/div>\n\t<\/div>\n<\/div><\/div>[\/vc_column][\/vc_row][vc_row row_content_width=&#8221;grid&#8221; css=&#8221;.vc_custom_1533725150863{padding-top: 210px !important;padding-bottom: 200px !important;}&#8221;][vc_column parallax=&#8221;content-moving&#8221;]<div class=\"mkdf-testimonials-holder clearfix mkdf-testimonials-standard  mkdf-navigation-numbers mkdf-nav-outer\">\n    <div class=\"mkdf-testimonials-icon\">\n        <svg version=\"1.1\" x=\"0px\" y=\"0px\"\n            width=\"50.75px\" height=\"37.828px\" viewBox=\"0 0 50.75 37.828\" enable-background=\"new 0 0 50.75 37.828\" xml:space=\"preserve\">\n            <path fill=\"#898989\" d=\"M39.486,14.41c-0.105-1.113-0.023-4.144,2.879-8.359c0.219-0.315,0.18-0.745-0.094-1.018\n            c-1.184-1.185-1.918-1.931-2.43-2.455c-0.676-0.687-0.984-1-1.438-1.41c-0.301-0.272-0.758-0.276-1.063-0.01\n            c-5.059,4.401-10.68,13.502-9.867,24.646c0.477,6.547,5.25,11.297,11.352,11.297c6.262,0,11.355-5.094,11.355-11.355\n            C50.181,19.707,45.439,14.754,39.486,14.41L39.486,14.41z M38.826,35.5c-5.238,0-9.34-4.125-9.754-9.807v-0.006\n            c-0.918-12.533,6.535-20.68,8.789-22.835c0.219,0.22,0.469,0.474,0.84,0.849c0.445,0.453,1.055,1.073,1.977,2\n            c-3.527,5.428-2.859,9.295-2.57,9.85c0.141,0.267,0.422,0.443,0.719,0.443c5.379,0,9.754,4.375,9.754,9.752\n            C48.58,31.125,44.205,35.5,38.826,35.5L38.826,35.5z M38.826,35.5\"\/>\n            <path fill=\"#898989\" d=\"M12.68,14.41c-0.105-1.113-0.023-4.144,2.879-8.359c0.219-0.315,0.18-0.745-0.094-1.018\n            c-1.184-1.185-1.918-1.931-2.43-2.455c-0.676-0.687-0.984-1-1.438-1.41c-0.301-0.272-0.758-0.276-1.063-0.01\n            C5.477,5.56-0.145,14.66,0.668,25.805c0.477,6.547,5.25,11.297,11.352,11.297c6.262,0,11.355-5.094,11.355-11.355\n            C23.375,19.707,18.633,14.754,12.68,14.41L12.68,14.41z M12.02,35.5c-5.238,0-9.34-4.125-9.754-9.807v-0.006\n            C1.348,13.154,8.801,5.008,11.055,2.853c0.219,0.22,0.469,0.474,0.84,0.849c0.445,0.453,1.055,1.073,1.977,2\n            c-3.527,5.428-2.859,9.295-2.57,9.85c0.141,0.267,0.422,0.443,0.719,0.443c5.379,0,9.754,4.375,9.754,9.752\n            C21.773,31.125,17.398,35.5,12.02,35.5L12.02,35.5z M12.02,35.5\"\/>\n        <\/svg>\n    <\/div>\n    <div class=\"mkdf-testimonials mkdf-owl-slider\" data-number-of-items=\"1\" data-enable-loop=\"yes\" data-enable-autoplay=\"yes\" data-slider-speed=\"5000\" data-slider-speed-animation=\"600\" data-enable-navigation=\"yes\" data-enable-pagination=\"no\">\n\n    \n            <div class=\"mkdf-testimonial-content\" id=\"mkdf-testimonials-5105\">\n                <div class=\"mkdf-testimonial-text-holder\">\n                                            <p class=\"mkdf-testimonial-text\">Two fundamental premises. The first, to be aware of our surroundings and the extraordinary ingredients of our region, revaluing them and staging them in a different, very personal way. The second is to enjoy what we do, our cuisine and try to infect it and transmit that illusion to those who visit us.<\/p>\n                                                                <h4 class=\"mkdf-testimonial-author\">\n                            <span class=\"mkdf-testimonials-author-name\">el doncel<\/span>\n                                                    <\/h4>\n                                    <\/div>\n                            <\/div>\n\n    \n    <\/div>\n<\/div>[\/vc_column][\/vc_row][vc_row css=&#8221;.vc_custom_1534513038512{padding-bottom: 200px !important;}&#8221;][vc_column][vc_row_inner row_content_width=&#8221;grid&#8221; enable_parallax_background_elements=&#8221;yes&#8221; parallax_background_elements_vertical_alignment=&#8221;bottom&#8221; enable_parallax_effect=&#8221;no&#8221; left_parallax_background_element=&#8221;751&#8243;][vc_column_inner width=&#8221;1\/12&#8243; css=&#8221;.vc_custom_1534514381983{padding-right: 0px !important;}&#8221; offset=&#8221;vc_hidden-md vc_hidden-sm vc_hidden-xs&#8221;][\/vc_column_inner][vc_column_inner css=&#8221;.vc_custom_1534514542346{padding-right: 0px !important;padding-left: 0px !important;}&#8221; offset=&#8221;vc_col-lg-4 vc_col-md-5 vc_col-xs-12&#8243;]<div class=\"mkdf-single-image-holder    \" data-parallax=\"{&quot;y&quot;: 30, &quot;smoothness&quot;: 30}\">\n    <div class=\"mkdf-si-inner\" >\n                                    <img width=\"452\" height=\"558\" src=\"https:\/\/eldoncel.com\/wp-content\/uploads\/2020\/11\/hermanos_padres_01_eldoncel.jpg\" class=\"attachment-full size-full\" alt=\"\" srcset=\"https:\/\/eldoncel.com\/wp-content\/uploads\/2020\/11\/hermanos_padres_01_eldoncel.jpg 452w, https:\/\/eldoncel.com\/wp-content\/uploads\/2020\/11\/hermanos_padres_01_eldoncel-243x300.jpg 243w\" sizes=\"(max-width: 452px) 100vw, 452px\" loading=\"eager\" \/>                        <\/div>\n<\/div>[\/vc_column_inner][vc_column_inner width=&#8221;1\/12&#8243; css=&#8221;.vc_custom_1534514550307{padding-right: 0px !important;padding-left: 0px !important;}&#8221; offset=&#8221;vc_col-lg-2 vc_col-md-1 vc_hidden-sm vc_hidden-xs&#8221;][\/vc_column_inner][vc_column_inner css=&#8221;.vc_custom_1534514557722{padding-right: 0px !important;padding-left: 0px !important;}&#8221; offset=&#8221;vc_col-lg-4 vc_col-md-6 vc_col-xs-12&#8243;]<div class=\"mkdf-section-title-holder  mkdf-st-standard mkdf-st-title-left mkdf-st-normal-space \" style=\"padding:0 0 15% 0;text-align: left\">\n\t<div class=\"mkdf-st-inner\">\n\t\t\t\t\t<h2 class=\"mkdf-st-title\" >\n\t\t\t\tChronology<br \/>\t\t\t<\/h2>\n\t\t    <span class=\"mkdf-st-line\" style=\"margin: 50px 9% 0 14%; height: 120px\"><\/span>\n    <div class=\"mkdf-st-text\" style=\"margin-top: 20px;padding-right: 40px\">\n        \n<h5>1860<\/h5>\n<p>The great-grandparents, Luciano and Sof\u00eda ran &#8220;El Caf\u00e9 de la Estaci\u00f3n&#8221; in Arcos del Jal\u00f3n (Soria)[vc_empty_space height=&#8221;1px&#8221;]<\/p>\n<h5>1950<\/h5>\n<p>The grandparents, Enrique and Pilar open the restaurant bar &#8220;El Motor&#8221; in Sig\u00fcenza[vc_empty_space height=&#8221;1px&#8221;]<\/p>\n<h5>1970<\/h5>\n<p>The grandparents, Enrique and Pilar buy an old house from the 18th century which they will call &#8220;the doncel&#8221;[vc_empty_space height=&#8221;1px&#8221;]<\/p>\n<h5>1973<\/h5>\n<p>The grandparents, Enrique and Pilar open the 2-star hostel \u00abel doncel\u00bb in the Casona they acquired[vc_empty_space height=&#8221;1px&#8221;]<\/p>\n<h5>1975<\/h5>\n<p>The parents, Enrique and Elo\u00edsa take the reins of the Hostel and start up the restaurant &#8220;el doncel&#8221;[vc_empty_space height=&#8221;1px&#8221;]<\/p>\n<h5>2001<\/h5>\n<p>Enrique and Eduardo take over the reins of the restaurant and Hostal \u00abel doncel\u00bb[vc_empty_space height=&#8221;1px&#8221;]<\/p>\n<h5>2013<\/h5>\n<p>The business is expanded with the event farm &#8220;La Finca del Obispo&#8221;<\/p>\n<h5>2020<\/h5>\n<p>The accommodation type classification of the 2-star Hostel is now classified as the 3-star Hotel \u00abel doncel\u00bb[vc_empty_space height=&#8221;1px&#8221;]<\/p>\n<h5>2020<\/h5>\n<p>An intense architectural reform and a new interior decoration of the restaurant and the Hotel are undertaken    <\/div>\n\t<\/div>\n<\/div>[\/vc_column_inner][vc_column_inner width=&#8221;1\/12&#8243; css=&#8221;.vc_custom_1534514436317{padding-left: 0px !important;}&#8221; offset=&#8221;vc_hidden-md vc_hidden-sm vc_hidden-xs&#8221;][\/vc_column_inner][\/vc_row_inner][\/vc_column][\/vc_row][vc_row content_text_aligment=&#8221;center&#8221;][vc_column][vc_single_image image=&#8221;3523&#8243; img_size=&#8221;full&#8221; alignment=&#8221;center&#8221; onclick=&#8221;zoom&#8221; css_animation=&#8221;fadeIn&#8221;][\/vc_column][\/vc_row][vc_row][vc_column][vc_empty_space height=&#8221;5&#8243;][\/vc_column][\/vc_row][vc_row content_placement=&#8221;top&#8221; content_text_aligment=&#8221;left&#8221; parallax_background_image=&#8221;762&#8243;][vc_column][vc_row_inner equal_height=&#8221;yes&#8221; gap=&#8221;10&#8243; row_content_width=&#8221;grid&#8221;][vc_column_inner width=&#8221;1\/12&#8243; offset=&#8221;vc_col-lg-1 vc_hidden-md vc_hidden-sm vc_hidden-xs&#8221;][\/vc_column_inner][vc_column_inner css=&#8221;.vc_custom_1606919311509{padding-right: 0px !important;padding-left: 0px !important;}&#8221; offset=&#8221;vc_col-lg-10 vc_col-md-12 vc_col-xs-12&#8243;]<div class=\"mkdf-image-gallery mkdf-grid-list mkdf-disable-bottom-space  mkdf-ig-grid-type mkdf-one-columns mkdf-small-space  mkdf-image-behavior-zoom\">\n\t<div class=\"mkdf-ig-inner mkdf-outer-space\">\n\t\t\t\t\t<div class=\"mkdf-ig-image mkdf-item-space\">\n\t\t\t\t<div class=\"mkdf-ig-image-inner\">\n\t\t\t\t\t\t\t\t\t\t\t<img width=\"1024\" height=\"470\" src=\"https:\/\/eldoncel.com\/wp-content\/uploads\/2020\/12\/f2_3_bisabuelo_abuelo_eldoncel2_3.jpg\" class=\"attachment-full size-full\" alt=\"\" srcset=\"https:\/\/eldoncel.com\/wp-content\/uploads\/2020\/12\/f2_3_bisabuelo_abuelo_eldoncel2_3.jpg 1024w, https:\/\/eldoncel.com\/wp-content\/uploads\/2020\/12\/f2_3_bisabuelo_abuelo_eldoncel2_3-300x138.jpg 300w, https:\/\/eldoncel.com\/wp-content\/uploads\/2020\/12\/f2_3_bisabuelo_abuelo_eldoncel2_3-768x353.jpg 768w, https:\/\/eldoncel.com\/wp-content\/uploads\/2020\/12\/f2_3_bisabuelo_abuelo_eldoncel2_3-600x275.jpg 600w\" sizes=\"(max-width: 1024px) 100vw, 1024px\" loading=\"eager\" \/>\t\t\t\t\t\t\t\t\t<\/div>\n\t\t\t<\/div>\n\t\t\t<\/div>\n<\/div>[\/vc_column_inner][vc_column_inner width=&#8221;1\/12&#8243; css=&#8221;.vc_custom_1535382774510{padding-right: 0px !important;}&#8221; offset=&#8221;vc_col-lg-1 vc_hidden-md vc_hidden-sm vc_hidden-xs&#8221;][\/vc_column_inner][\/vc_row_inner][\/vc_column][\/vc_row][vc_row][vc_column][vc_empty_space height=&#8221;5&#8243;][\/vc_column][\/vc_row][vc_row content_placement=&#8221;top&#8221;][vc_column][vc_row_inner equal_height=&#8221;yes&#8221; gap=&#8221;10&#8243; row_content_width=&#8221;grid&#8221;][vc_column_inner width=&#8221;1\/12&#8243; offset=&#8221;vc_col-lg-1 vc_hidden-md vc_hidden-sm vc_hidden-xs&#8221;][\/vc_column_inner][vc_column_inner css=&#8221;.vc_custom_1606916721518{padding-right: 0px !important;padding-left: 0px !important;}&#8221; offset=&#8221;vc_col-lg-10 vc_col-md-12 vc_col-xs-12&#8243;]<div class=\"mkdf-image-gallery mkdf-grid-list mkdf-grid-masonry-list mkdf-disable-bottom-space  mkdf-ig-masonry-type mkdf-one-columns mkdf-tiny-space  mkdf-image-behavior-zoom\">\n\t<div class=\"mkdf-ig-inner mkdf-outer-space mkdf-masonry-list-wrapper\">\n\t\t<div class=\"mkdf-masonry-grid-sizer\"><\/div>\n\t\t<div class=\"mkdf-masonry-grid-gutter\"><\/div>\n\t\t\t\t\t\t\t\t<div class=\"mkdf-ig-image mkdf-item-space \">\n\t\t\t\t<div class=\"mkdf-ig-image-inner\">\n\t\t\t\t\t\t\t\t\t\t\t<img width=\"1024\" height=\"470\" src=\"https:\/\/eldoncel.com\/wp-content\/uploads\/2020\/12\/f4_5_enriquepadre_enriqcesar_eldoncel_4_5.jpg\" class=\"attachment-full size-full\" alt=\"\" srcset=\"https:\/\/eldoncel.com\/wp-content\/uploads\/2020\/12\/f4_5_enriquepadre_enriqcesar_eldoncel_4_5.jpg 1024w, https:\/\/eldoncel.com\/wp-content\/uploads\/2020\/12\/f4_5_enriquepadre_enriqcesar_eldoncel_4_5-300x138.jpg 300w, https:\/\/eldoncel.com\/wp-content\/uploads\/2020\/12\/f4_5_enriquepadre_enriqcesar_eldoncel_4_5-768x353.jpg 768w, https:\/\/eldoncel.com\/wp-content\/uploads\/2020\/12\/f4_5_enriquepadre_enriqcesar_eldoncel_4_5-600x275.jpg 600w\" sizes=\"(max-width: 1024px) 100vw, 1024px\" loading=\"eager\" \/>\t\t\t\t\t\t\t\t\t<\/div>\n\t\t\t<\/div>\n\t\t\t<\/div>\n<\/div>[\/vc_column_inner][vc_column_inner width=&#8221;1\/12&#8243; css=&#8221;.vc_custom_1535382774510{padding-right: 0px !important;}&#8221; offset=&#8221;vc_col-lg-1 vc_hidden-md vc_hidden-sm vc_hidden-xs&#8221;][\/vc_column_inner][\/vc_row_inner][\/vc_column][\/vc_row][vc_row content_placement=&#8221;top&#8221;][vc_column][vc_row_inner equal_height=&#8221;yes&#8221; gap=&#8221;10&#8243; row_content_width=&#8221;grid&#8221;][vc_column_inner width=&#8221;1\/12&#8243; offset=&#8221;vc_col-lg-1 vc_hidden-md vc_hidden-sm vc_hidden-xs&#8221;][\/vc_column_inner][vc_column_inner css=&#8221;.vc_custom_1606916721518{padding-right: 0px !important;padding-left: 0px !important;}&#8221; offset=&#8221;vc_col-lg-10 vc_col-md-12 vc_col-xs-12&#8243;]<div class=\"mkdf-image-gallery mkdf-grid-list mkdf-disable-bottom-space  mkdf-ig-grid-type mkdf-two-columns mkdf-small-space  mkdf-image-behavior-zoom\">\n\t<div class=\"mkdf-ig-inner mkdf-outer-space\">\n\t\t\t\t\t<div class=\"mkdf-ig-image mkdf-item-space\">\n\t\t\t\t<div class=\"mkdf-ig-image-inner\">\n\t\t\t\t\t\t\t\t\t\t\t<img width=\"500\" height=\"440\" src=\"https:\/\/eldoncel.com\/wp-content\/uploads\/2020\/12\/f6_02_quique_edu.jpg\" class=\"attachment-full size-full\" alt=\"\" srcset=\"https:\/\/eldoncel.com\/wp-content\/uploads\/2020\/12\/f6_02_quique_edu.jpg 500w, https:\/\/eldoncel.com\/wp-content\/uploads\/2020\/12\/f6_02_quique_edu-300x264.jpg 300w\" sizes=\"(max-width: 500px) 100vw, 500px\" loading=\"eager\" \/>\t\t\t\t\t\t\t\t\t<\/div>\n\t\t\t<\/div>\n\t\t\t\t\t<div class=\"mkdf-ig-image mkdf-item-space\">\n\t\t\t\t<div class=\"mkdf-ig-image-inner\">\n\t\t\t\t\t\t\t\t\t\t\t<img width=\"500\" height=\"440\" src=\"https:\/\/eldoncel.com\/wp-content\/uploads\/2020\/12\/f6_01_abuelos_eldoncel.jpg\" class=\"attachment-full size-full\" alt=\"\" srcset=\"https:\/\/eldoncel.com\/wp-content\/uploads\/2020\/12\/f6_01_abuelos_eldoncel.jpg 500w, https:\/\/eldoncel.com\/wp-content\/uploads\/2020\/12\/f6_01_abuelos_eldoncel-300x264.jpg 300w\" sizes=\"(max-width: 500px) 100vw, 500px\" loading=\"eager\" \/>\t\t\t\t\t\t\t\t\t<\/div>\n\t\t\t<\/div>\n\t\t\t<\/div>\n<\/div>[\/vc_column_inner][vc_column_inner width=&#8221;1\/12&#8243;][\/vc_column_inner][\/vc_row_inner][\/vc_column][\/vc_row][vc_row full_height=&#8221;yes&#8221; columns_placement=&#8221;top&#8221; equal_height=&#8221;yes&#8221; content_placement=&#8221;top&#8221; parallax=&#8221;content-moving&#8221; row_content_width=&#8221;grid&#8221; content_text_aligment=&#8221;center&#8221; parallax_background_image=&#8221;762&#8243;][vc_column][vc_row_inner gap=&#8221;10&#8243; content_text_aligment=&#8221;center&#8221;][vc_column_inner][vc_gallery type=&#8221;image_grid&#8221; images=&#8221;3882,3883&#8243; img_size=&#8221;full&#8221; onclick=&#8221;&#8221; css_animation=&#8221;zoomIn&#8221;][\/vc_column_inner][\/vc_row_inner][vc_row_inner][vc_column_inner][vc_gallery type=&#8221;image_grid&#8221; images=&#8221;3880,3881&#8243; img_size=&#8221;full&#8221; onclick=&#8221;&#8221; css_animation=&#8221;zoomIn&#8221;][\/vc_column_inner][\/vc_row_inner][\/vc_column][\/vc_row]<\/p>\n","protected":false},"excerpt":{"rendered":"<p>[vc_row content_placement=&#8221;top&#8221; content_text_aligment=&#8221;center&#8221;][vc_column][\/vc_column][\/vc_row][vc_row row_content_width=&#8221;grid&#8221; css=&#8221;.vc_custom_1533725150863{padding-top: 210px !important;padding-bottom: 200px !important;}&#8221;][vc_column parallax=&#8221;content-moving&#8221;][\/vc_column][\/vc_row][vc_row css=&#8221;.vc_custom_1534513038512{padding-bottom: 200px !important;}&#8221;][vc_column][vc_row_inner row_content_width=&#8221;grid&#8221; enable_parallax_background_elements=&#8221;yes&#8221; parallax_background_elements_vertical_alignment=&#8221;bottom&#8221; enable_parallax_effect=&#8221;no&#8221; left_parallax_background_element=&#8221;751&#8243;][vc_column_inner width=&#8221;1\/12&#8243; css=&#8221;.vc_custom_1534514381983{padding-right: 0px !important;}&#8221; offset=&#8221;vc_hidden-md vc_hidden-sm vc_hidden-xs&#8221;][\/vc_column_inner][vc_column_inner css=&#8221;.vc_custom_1534514542346{padding-right: 0px !important;padding-left: 0px !important;}&#8221; offset=&#8221;vc_col-lg-4 vc_col-md-5 vc_col-xs-12&#8243;][\/vc_column_inner][vc_column_inner width=&#8221;1\/12&#8243; css=&#8221;.vc_custom_1534514550307{padding-right: 0px !important;padding-left: 0px !important;}&#8221; offset=&#8221;vc_col-lg-2 [&hellip;]<\/p>\n","protected":false},"author":2,"featured_media":0,"parent":4969,"menu_order":0,"comment_status":"closed","ping_status":"closed","template":"full-width.php","meta":[],"_links":{"self":[{"href":"https:\/\/eldoncel.com\/en\/wp-json\/wp\/v2\/pages\/5009"}],"collection":[{"href":"https:\/\/eldoncel.com\/en\/wp-json\/wp\/v2\/pages"}],"about":[{"href":"https:\/\/eldoncel.com\/en\/wp-json\/wp\/v2\/types\/page"}],"author":[{"embeddable":true,"href":"https:\/\/eldoncel.com\/en\/wp-json\/wp\/v2\/users\/2"}],"replies":[{"embeddable":true,"href":"https:\/\/eldoncel.com\/en\/wp-json\/wp\/v2\/comments?post=5009"}],"version-history":[{"count":5,"href":"https:\/\/eldoncel.com\/en\/wp-json\/wp\/v2\/pages\/5009\/revisions"}],"predecessor-version":[{"id":5014,"href":"https:\/\/eldoncel.com\/en\/wp-json\/wp\/v2\/pages\/5009\/revisions\/5014"}],"up":[{"embeddable":true,"href":"https:\/\/eldoncel.com\/en\/wp-json\/wp\/v2\/pages\/4969"}],"wp:attachment":[{"href":"https:\/\/eldoncel.com\/en\/wp-json\/wp\/v2\/media?parent=5009"}],"curies":[{"name":"wp","href":"https:\/\/api.w.org\/{rel}","templated":true}]}}