{"id":4504,"date":"2021-02-22T14:55:28","date_gmt":"2021-02-22T14:55:28","guid":{"rendered":"https:\/\/eldoncel.com\/inicie"},"modified":"2021-02-25T19:01:06","modified_gmt":"2021-02-25T19:01:06","slug":"inicie","status":"publish","type":"page","link":"https:\/\/eldoncel.com\/fr","title":{"rendered":"ACCUEIL"},"content":{"rendered":"<p>[vc_row full_height=\u00a0\u00bbyes\u00a0\u00bb equal_height=\u00a0\u00bbyes\u00a0\u00bb][vc_column]<div class=\"mkdf-portfolio-slider-holder\"><div class=\"mkdf-portfolio-list-holder mkdf-grid-list mkdf-disable-bottom-space mkdf-pl-gallery mkdf-four-columns mkdf-no-space mkdf-pl-gallery-overlay    mkdf-pl-pag-no-pagination   mkdf-nav-dark-skin  mkdf-pag-below-slider  mkdf-navigation-numbers mkdf-nav-inner  mkdf-pl-mousewheel-enabled\"  data-type=gallery data-item-type=gallery data-number-of-columns=four data-space-between-items=no data-number-of-items=9 data-image-proportions=full data-enable-fixed-proportions=no data-enable-image-shadow=no data-category=homemade data-orderby=menu_order data-order=ASC data-item-style=gallery-overlay data-enable-title=yes data-title-tag=h6 data-enable-category=no data-enable-count-images=yes data-enable-excerpt=no data-excerpt-length=20 data-pagination-type=no-pagination data-filter=no data-filter-order-by=name data-enable-article-animation=no data-portfolio-slider-on=yes data-enable-loop=no data-enable-autoplay=yes data-slider-speed=5000 data-slider-speed-animation=600 data-enable-navigation=yes data-enable-navigation-numbers=yes data-navigation-number-position=inner data-navigation-skin=dark data-enable-pagination=no data-pagination-position=below-slider data-enable-center=no data-enable-auto-width=yes data-enable-fullheight=no data-portfolio-slider-full-height-decrease=yes data-enable-mousewheel-scroll=yes data-max-num-pages=1 data-next-page=2>\n\t\t<div class=\"mkdf-pl-inner mkdf-outer-space mkdf-owl-slider mkdf-list-is-slider mkdf-ps-full-height-decreased clearfix\">\n\t\t<article class=\"mkdf-pl-item mkdf-item-space  post-4540 portfolio-item type-portfolio-item status-publish has-post-thumbnail hentry portfolio-category-homemade-fr\">\n\t<div class=\"mkdf-pl-item-inner\">\n\t\t<div class=\"mkdf-pli-image\">\n\t<img width=\"1920\" height=\"1100\" src=\"https:\/\/eldoncel.com\/wp-content\/uploads\/2026\/03\/h7-port-img-home_01_2026.jpg\" class=\"attachment-full size-full wp-post-image\" alt=\"\" loading=\"eager\" srcset=\"https:\/\/eldoncel.com\/wp-content\/uploads\/2026\/03\/h7-port-img-home_01_2026.jpg 1920w, https:\/\/eldoncel.com\/wp-content\/uploads\/2026\/03\/h7-port-img-home_01_2026-300x172.jpg 300w, https:\/\/eldoncel.com\/wp-content\/uploads\/2026\/03\/h7-port-img-home_01_2026-1024x587.jpg 1024w, https:\/\/eldoncel.com\/wp-content\/uploads\/2026\/03\/h7-port-img-home_01_2026-768x440.jpg 768w, https:\/\/eldoncel.com\/wp-content\/uploads\/2026\/03\/h7-port-img-home_01_2026-1536x880.jpg 1536w, https:\/\/eldoncel.com\/wp-content\/uploads\/2026\/03\/h7-port-img-home_01_2026-600x344.jpg 600w\" sizes=\"(max-width: 1920px) 100vw, 1920px\" \/><\/div>\n<div class=\"mkdf-pli-text-holder\">\n\t<div class=\"mkdf-pli-text-wrapper\">\n\t\t<div class=\"mkdf-pli-text\">\n\t\t\t<a itemprop=\"url\" href=\"https:\/\/eldoncel.com\/fr\/portfolio-item\/promotion-2\">\n\t\t\t\t\t<h6 itemprop=\"name\" class=\"mkdf-pli-title entry-title\" >\n\t\tel doncel\t<\/h6>\n\t\t\t<\/a>\n\n\t\t\t\n\t\t\t\t\t\t\n\t\t\t\t\t<\/div>\n\t<\/div>\n<\/div>\t\t\n\t\t\t<\/div>\n<\/article><article class=\"mkdf-pl-item mkdf-item-space  post-4582 portfolio-item type-portfolio-item status-publish has-post-thumbnail hentry portfolio-category-homemade-fr portfolio-tag-nice-fr\">\n\t<div class=\"mkdf-pl-item-inner\">\n\t\t<div class=\"mkdf-pli-image\">\n\t<img width=\"1920\" height=\"1100\" src=\"https:\/\/eldoncel.com\/wp-content\/uploads\/2020\/12\/h7-port-img-11.jpg\" class=\"attachment-full size-full wp-post-image\" alt=\"\" loading=\"eager\" srcset=\"https:\/\/eldoncel.com\/wp-content\/uploads\/2020\/12\/h7-port-img-11.jpg 1920w, https:\/\/eldoncel.com\/wp-content\/uploads\/2020\/12\/h7-port-img-11-300x172.jpg 300w, https:\/\/eldoncel.com\/wp-content\/uploads\/2020\/12\/h7-port-img-11-1024x587.jpg 1024w, https:\/\/eldoncel.com\/wp-content\/uploads\/2020\/12\/h7-port-img-11-768x440.jpg 768w, https:\/\/eldoncel.com\/wp-content\/uploads\/2020\/12\/h7-port-img-11-1536x880.jpg 1536w, https:\/\/eldoncel.com\/wp-content\/uploads\/2020\/12\/h7-port-img-11-600x344.jpg 600w\" sizes=\"(max-width: 1920px) 100vw, 1920px\" \/><\/div>\n<div class=\"mkdf-pli-text-holder\">\n\t<div class=\"mkdf-pli-text-wrapper\">\n\t\t<div class=\"mkdf-pli-text\">\n\t\t\t<a itemprop=\"url\" href=\"https:\/\/eldoncel.com\/fr\/portfolio-item\/a-different-cuisine-special-and-especially-our\">\n\t\t\t\t\t<h6 itemprop=\"name\" class=\"mkdf-pli-title entry-title\" >\n\t\tune cuisine diff\u00e9rente, sp\u00e9ciale et surtout notre\t<\/h6>\n\t\t\t<\/a>\n\n\t\t\t\n\t\t\t\t\t\t\n\t\t\t\t\t<\/div>\n\t<\/div>\n<\/div>\t\t\n\t\t\t<\/div>\n<\/article><article class=\"mkdf-pl-item mkdf-item-space  post-4579 portfolio-item type-portfolio-item status-publish has-post-thumbnail hentry portfolio-category-homemade-fr\">\n\t<div class=\"mkdf-pl-item-inner\">\n\t\t<div class=\"mkdf-pli-image\">\n\t<img width=\"1920\" height=\"1100\" src=\"https:\/\/eldoncel.com\/wp-content\/uploads\/2020\/12\/h7-port-img-4-1.jpg\" class=\"attachment-full size-full wp-post-image\" alt=\"\" loading=\"eager\" srcset=\"https:\/\/eldoncel.com\/wp-content\/uploads\/2020\/12\/h7-port-img-4-1.jpg 1920w, https:\/\/eldoncel.com\/wp-content\/uploads\/2020\/12\/h7-port-img-4-1-300x172.jpg 300w, https:\/\/eldoncel.com\/wp-content\/uploads\/2020\/12\/h7-port-img-4-1-1024x587.jpg 1024w, https:\/\/eldoncel.com\/wp-content\/uploads\/2020\/12\/h7-port-img-4-1-768x440.jpg 768w, https:\/\/eldoncel.com\/wp-content\/uploads\/2020\/12\/h7-port-img-4-1-1536x880.jpg 1536w, https:\/\/eldoncel.com\/wp-content\/uploads\/2020\/12\/h7-port-img-4-1-600x344.jpg 600w\" sizes=\"(max-width: 1920px) 100vw, 1920px\" \/><\/div>\n<div class=\"mkdf-pli-text-holder\">\n\t<div class=\"mkdf-pli-text-wrapper\">\n\t\t<div class=\"mkdf-pli-text\">\n\t\t\t<a itemprop=\"url\" href=\"https:\/\/eldoncel.com\/fr\/portfolio-item\/from-honesty-and-delicacy\">\n\t\t\t\t\t<h6 itemprop=\"name\" class=\"mkdf-pli-title entry-title\" >\n\t\tde l&rsquo;honn\u00eatet\u00e9 et de la d\u00e9licatesse\t<\/h6>\n\t\t\t<\/a>\n\n\t\t\t\n\t\t\t\t\t\t\n\t\t\t\t\t<\/div>\n\t<\/div>\n<\/div>\t\t\n\t\t\t<\/div>\n<\/article><article class=\"mkdf-pl-item mkdf-item-space  post-4569 portfolio-item type-portfolio-item status-publish has-post-thumbnail hentry portfolio-category-homemade-fr portfolio-tag-nice-fr\">\n\t<div class=\"mkdf-pl-item-inner\">\n\t\t<div class=\"mkdf-pli-image\">\n\t<img width=\"1920\" height=\"1100\" src=\"https:\/\/eldoncel.com\/wp-content\/uploads\/2020\/12\/h7-port-img-10-1.jpg\" class=\"attachment-full size-full wp-post-image\" alt=\"\" loading=\"eager\" srcset=\"https:\/\/eldoncel.com\/wp-content\/uploads\/2020\/12\/h7-port-img-10-1.jpg 1920w, https:\/\/eldoncel.com\/wp-content\/uploads\/2020\/12\/h7-port-img-10-1-300x172.jpg 300w, https:\/\/eldoncel.com\/wp-content\/uploads\/2020\/12\/h7-port-img-10-1-1024x587.jpg 1024w, https:\/\/eldoncel.com\/wp-content\/uploads\/2020\/12\/h7-port-img-10-1-768x440.jpg 768w, https:\/\/eldoncel.com\/wp-content\/uploads\/2020\/12\/h7-port-img-10-1-1536x880.jpg 1536w, https:\/\/eldoncel.com\/wp-content\/uploads\/2020\/12\/h7-port-img-10-1-600x344.jpg 600w\" sizes=\"(max-width: 1920px) 100vw, 1920px\" \/><\/div>\n<div class=\"mkdf-pli-text-holder\">\n\t<div class=\"mkdf-pli-text-wrapper\">\n\t\t<div class=\"mkdf-pli-text\">\n\t\t\t<a itemprop=\"url\" href=\"https:\/\/eldoncel.com\/fr\/portfolio-item\/produit-saisonnier-indigene\">\n\t\t\t\t\t<h6 itemprop=\"name\" class=\"mkdf-pli-title entry-title\" >\n\t\tproduit saisonnier indig\u00e8ne\t<\/h6>\n\t\t\t<\/a>\n\n\t\t\t\n\t\t\t\t\t\t\n\t\t\t\t\t<\/div>\n\t<\/div>\n<\/div>\t\t\n\t\t\t<\/div>\n<\/article><article class=\"mkdf-pl-item mkdf-item-space  post-4564 portfolio-item type-portfolio-item status-publish has-post-thumbnail hentry portfolio-category-homemade-fr portfolio-tag-nice-fr\">\n\t<div class=\"mkdf-pl-item-inner\">\n\t\t<div class=\"mkdf-pli-image\">\n\t<img width=\"1920\" height=\"1100\" src=\"https:\/\/eldoncel.com\/wp-content\/uploads\/2020\/12\/h7-port-img-9-1-1.jpg\" class=\"attachment-full size-full wp-post-image\" alt=\"\" loading=\"eager\" srcset=\"https:\/\/eldoncel.com\/wp-content\/uploads\/2020\/12\/h7-port-img-9-1-1.jpg 1920w, https:\/\/eldoncel.com\/wp-content\/uploads\/2020\/12\/h7-port-img-9-1-1-300x172.jpg 300w, https:\/\/eldoncel.com\/wp-content\/uploads\/2020\/12\/h7-port-img-9-1-1-1024x587.jpg 1024w, https:\/\/eldoncel.com\/wp-content\/uploads\/2020\/12\/h7-port-img-9-1-1-768x440.jpg 768w, https:\/\/eldoncel.com\/wp-content\/uploads\/2020\/12\/h7-port-img-9-1-1-1536x880.jpg 1536w, https:\/\/eldoncel.com\/wp-content\/uploads\/2020\/12\/h7-port-img-9-1-1-600x344.jpg 600w\" sizes=\"(max-width: 1920px) 100vw, 1920px\" \/><\/div>\n<div class=\"mkdf-pli-text-holder\">\n\t<div class=\"mkdf-pli-text-wrapper\">\n\t\t<div class=\"mkdf-pli-text\">\n\t\t\t<a itemprop=\"url\" href=\"https:\/\/eldoncel.com\/fr\/portfolio-item\/recherche-approfondie-des-saveurs-et-des-combinaisons\">\n\t\t\t\t\t<h6 itemprop=\"name\" class=\"mkdf-pli-title entry-title\" >\n\t\trecherche approfondie des saveurs et des combinaisons\t<\/h6>\n\t\t\t<\/a>\n\n\t\t\t\n\t\t\t\t\t\t\n\t\t\t\t\t<\/div>\n\t<\/div>\n<\/div>\t\t\n\t\t\t<\/div>\n<\/article><article class=\"mkdf-pl-item mkdf-item-space  post-4550 portfolio-item type-portfolio-item status-publish has-post-thumbnail hentry portfolio-category-homemade-fr portfolio-tag-food-fr\">\n\t<div class=\"mkdf-pl-item-inner\">\n\t\t<div class=\"mkdf-pli-image\">\n\t<img width=\"1920\" height=\"1100\" src=\"https:\/\/eldoncel.com\/wp-content\/uploads\/2020\/12\/h7-port-img-6-1-1.jpg\" class=\"attachment-full size-full wp-post-image\" alt=\"\" loading=\"eager\" srcset=\"https:\/\/eldoncel.com\/wp-content\/uploads\/2020\/12\/h7-port-img-6-1-1.jpg 1920w, https:\/\/eldoncel.com\/wp-content\/uploads\/2020\/12\/h7-port-img-6-1-1-300x172.jpg 300w, https:\/\/eldoncel.com\/wp-content\/uploads\/2020\/12\/h7-port-img-6-1-1-1024x587.jpg 1024w, https:\/\/eldoncel.com\/wp-content\/uploads\/2020\/12\/h7-port-img-6-1-1-768x440.jpg 768w, https:\/\/eldoncel.com\/wp-content\/uploads\/2020\/12\/h7-port-img-6-1-1-1536x880.jpg 1536w, https:\/\/eldoncel.com\/wp-content\/uploads\/2020\/12\/h7-port-img-6-1-1-600x344.jpg 600w\" sizes=\"(max-width: 1920px) 100vw, 1920px\" \/><\/div>\n<div class=\"mkdf-pli-text-holder\">\n\t<div class=\"mkdf-pli-text-wrapper\">\n\t\t<div class=\"mkdf-pli-text\">\n\t\t\t<a itemprop=\"url\" href=\"https:\/\/eldoncel.com\/fr\/portfolio-item\/cuisine-creative-et-moderne\">\n\t\t\t\t\t<h6 itemprop=\"name\" class=\"mkdf-pli-title entry-title\" >\n\t\tcuisine cr\u00e9ative et moderne\t<\/h6>\n\t\t\t<\/a>\n\n\t\t\t\n\t\t\t\t\t\t\n\t\t\t\t\t<\/div>\n\t<\/div>\n<\/div>\t\t\n\t\t\t<\/div>\n<\/article><article class=\"mkdf-pl-item mkdf-item-space  post-4546 portfolio-item type-portfolio-item status-publish has-post-thumbnail hentry portfolio-category-homemade-fr\">\n\t<div class=\"mkdf-pl-item-inner\">\n\t\t<div class=\"mkdf-pli-image\">\n\t<img width=\"1920\" height=\"1100\" src=\"https:\/\/eldoncel.com\/wp-content\/uploads\/2020\/12\/h7-port-img-8.jpg\" class=\"attachment-full size-full wp-post-image\" alt=\"\" loading=\"eager\" srcset=\"https:\/\/eldoncel.com\/wp-content\/uploads\/2020\/12\/h7-port-img-8.jpg 1920w, https:\/\/eldoncel.com\/wp-content\/uploads\/2020\/12\/h7-port-img-8-300x172.jpg 300w, https:\/\/eldoncel.com\/wp-content\/uploads\/2020\/12\/h7-port-img-8-1024x587.jpg 1024w, https:\/\/eldoncel.com\/wp-content\/uploads\/2020\/12\/h7-port-img-8-768x440.jpg 768w, https:\/\/eldoncel.com\/wp-content\/uploads\/2020\/12\/h7-port-img-8-1536x880.jpg 1536w, https:\/\/eldoncel.com\/wp-content\/uploads\/2020\/12\/h7-port-img-8-600x344.jpg 600w\" sizes=\"(max-width: 1920px) 100vw, 1920px\" \/><\/div>\n<div class=\"mkdf-pli-text-holder\">\n\t<div class=\"mkdf-pli-text-wrapper\">\n\t\t<div class=\"mkdf-pli-text\">\n\t\t\t<a itemprop=\"url\" href=\"https:\/\/eldoncel.com\/fr\/portfolio-item\/experience-surprenante-des-saveurs-et-des-textures\">\n\t\t\t\t\t<h6 itemprop=\"name\" class=\"mkdf-pli-title entry-title\" >\n\t\texp\u00e9rience surprenante des saveurs et des textures\t<\/h6>\n\t\t\t<\/a>\n\n\t\t\t\n\t\t\t\t\t\t\n\t\t\t\t\t<\/div>\n\t<\/div>\n<\/div>\t\t\n\t\t\t<\/div>\n<\/article>\t<\/div>\n\t\n\t<\/div><\/div>[\/vc_column][\/vc_row]<\/p>\n","protected":false},"excerpt":{"rendered":"<p>[vc_row full_height=\u00a0\u00bbyes\u00a0\u00bb equal_height=\u00a0\u00bbyes\u00a0\u00bb][vc_column][\/vc_column][\/vc_row]<\/p>\n","protected":false},"author":2,"featured_media":0,"parent":0,"menu_order":0,"comment_status":"closed","ping_status":"closed","template":"full-width.php","meta":[],"_links":{"self":[{"href":"https:\/\/eldoncel.com\/fr\/wp-json\/wp\/v2\/pages\/4504"}],"collection":[{"href":"https:\/\/eldoncel.com\/fr\/wp-json\/wp\/v2\/pages"}],"about":[{"href":"https:\/\/eldoncel.com\/fr\/wp-json\/wp\/v2\/types\/page"}],"author":[{"embeddable":true,"href":"https:\/\/eldoncel.com\/fr\/wp-json\/wp\/v2\/users\/2"}],"replies":[{"embeddable":true,"href":"https:\/\/eldoncel.com\/fr\/wp-json\/wp\/v2\/comments?post=4504"}],"version-history":[{"count":10,"href":"https:\/\/eldoncel.com\/fr\/wp-json\/wp\/v2\/pages\/4504\/revisions"}],"predecessor-version":[{"id":5220,"href":"https:\/\/eldoncel.com\/fr\/wp-json\/wp\/v2\/pages\/4504\/revisions\/5220"}],"wp:attachment":[{"href":"https:\/\/eldoncel.com\/fr\/wp-json\/wp\/v2\/media?parent=4504"}],"curies":[{"name":"wp","href":"https:\/\/api.w.org\/{rel}","templated":true}]}}