{"id":4509,"date":"2021-02-22T15:08:07","date_gmt":"2021-02-22T15:08:07","guid":{"rendered":"https:\/\/eldoncel.com\/evenements"},"modified":"2021-02-22T15:31:51","modified_gmt":"2021-02-22T15:31:51","slug":"evenements","status":"publish","type":"page","link":"https:\/\/eldoncel.com\/fr\/evenements","title":{"rendered":"\u00c9v\u00e9nements"},"content":{"rendered":"<p>[vc_row content_placement=\u00a0\u00bbtop\u00a0\u00bb enable_parallax_background_elements=\u00a0\u00bbyes\u00a0\u00bb right_parallax_background_element=\u00a0\u00bb762&Prime;][vc_column][vc_row_inner content_placement=\u00a0\u00bbmiddle\u00a0\u00bb row_content_width=\u00a0\u00bbgrid\u00a0\u00bb css=\u00a0\u00bb.vc_custom_1535380918653{padding-bottom: 40px !important;}\u00a0\u00bb][vc_column_inner offset=\u00a0\u00bbvc_col-lg-6 vc_col-md-12&Prime;]<div class=\"mkdf-section-title-holder  mkdf-st-standard mkdf-st-title-left mkdf-st-normal-space \" style=\"padding:0 0 15% 0;text-align: left\">\n\t<div class=\"mkdf-st-inner\">\n\t\t\t\t\t<h2 class=\"mkdf-st-title\" >\n\t\t\t\tProjets<br \/> personnalis\u00e9s\t\t\t<\/h2>\n\t\t    <span class=\"mkdf-st-line\" style=\"margin: 50px 9% 0 14%; height: 120px\"><\/span>\n    <div class=\"mkdf-st-text\" style=\"margin-top: 45px;padding-right: 40px\">\n        Le doncel organise tout type d&rsquo;\u00e9v\u00e9nement avec les crit\u00e8res de qualit\u00e9 les plus exigeants, avec des poin\u00e7ons bien d\u00e9finis[vc_empty_space height=\u00a0\u00bb20px\u00a0\u00bb]\u2022 Salles de r\u00e9union[vc_empty_space height=\u00a0\u00bb20px\u00a0\u00bb]\u2022 \u00c9v\u00e9nements priv\u00e9s[vc_empty_space height=\u00a0\u00bb20px\u00a0\u00bb]\u2022 R\u00e9unions d&rsquo;affaires[vc_empty_space height=\u00a0\u00bb30px\u00a0\u00bb]Chaque \u00e9v\u00e9nement est con\u00e7u et d\u00e9velopp\u00e9 de mani\u00e8re personnalis\u00e9e, en s&rsquo;adaptant \u00e0 vos besoins, <em>d\u00eeners, petits d\u00e9jeuners d&rsquo;affaires, cours de cuisine th\u00e9matiques, menus d&rsquo;entreprise, d\u00e9gustations gastronomiques, cocktails<\/em>[vc_empty_space height=\u00a0\u00bb30px\u00a0\u00bb]D\u00e9couvrez nos services pour l&rsquo;organisation d&rsquo;\u00e9v\u00e9nements pour entreprises et particuliers, grands ou petits \u00e9v\u00e9nements, coins de charme, ambiance, musique, \u00e9clairage&#8230;[vc_empty_space height=\u00a0\u00bb30px\u00a0\u00bb]Consultez-nous et notre \u00e9quipe concevra pour vous un projet en personnalisant vos besoins, laissez-nous vous conseiller pour obtenir le meilleur r\u00e9sultat    <\/div>\n\t<\/div>\n<\/div>[vc_empty_space height=\u00a0\u00bb100px\u00a0\u00bb][\/vc_column_inner][vc_column_inner offset=\u00a0\u00bbvc_col-lg-6 vc_col-md-12&Prime; css=\u00a0\u00bb.vc_custom_1613590688932{margin-top: 50px !important;padding-right: 0px !important;padding-left: 0px !important;}\u00a0\u00bb]<div class=\"mkdf-single-image-holder    \" >\n    <div class=\"mkdf-si-inner\" >\n                                    <img width=\"1000\" height=\"1333\" src=\"https:\/\/eldoncel.com\/wp-content\/uploads\/2021\/02\/eventos_1_eldoncel.jpg\" class=\"attachment-full size-full\" alt=\"\" srcset=\"https:\/\/eldoncel.com\/wp-content\/uploads\/2021\/02\/eventos_1_eldoncel.jpg 1000w, https:\/\/eldoncel.com\/wp-content\/uploads\/2021\/02\/eventos_1_eldoncel-225x300.jpg 225w, https:\/\/eldoncel.com\/wp-content\/uploads\/2021\/02\/eventos_1_eldoncel-768x1024.jpg 768w, https:\/\/eldoncel.com\/wp-content\/uploads\/2021\/02\/eventos_1_eldoncel-600x800.jpg 600w\" sizes=\"(max-width: 1000px) 100vw, 1000px\" loading=\"eager\" \/>                        <\/div>\n<\/div>[\/vc_column_inner][\/vc_row_inner]<div class=\"mkdf-single-image-holder    mkdf-image-center\" data-parallax=\"{&quot;y&quot;: 40, &quot;smoothness&quot;: 20}\">\n    <div class=\"mkdf-si-inner\" >\n                                    <img width=\"1200\" height=\"900\" src=\"https:\/\/eldoncel.com\/wp-content\/uploads\/2021\/02\/eventos_2_eldoncel.jpg\" class=\"attachment-full size-full\" alt=\"\" srcset=\"https:\/\/eldoncel.com\/wp-content\/uploads\/2021\/02\/eventos_2_eldoncel.jpg 1200w, https:\/\/eldoncel.com\/wp-content\/uploads\/2021\/02\/eventos_2_eldoncel-300x225.jpg 300w, https:\/\/eldoncel.com\/wp-content\/uploads\/2021\/02\/eventos_2_eldoncel-1024x768.jpg 1024w, https:\/\/eldoncel.com\/wp-content\/uploads\/2021\/02\/eventos_2_eldoncel-768x576.jpg 768w, https:\/\/eldoncel.com\/wp-content\/uploads\/2021\/02\/eventos_2_eldoncel-600x450.jpg 600w\" sizes=\"(max-width: 1200px) 100vw, 1200px\" loading=\"eager\" \/>                        <\/div>\n<\/div>[vc_empty_space height=\u00a0\u00bb5&Prime;][\/vc_column][\/vc_row]<\/p>\n","protected":false},"excerpt":{"rendered":"<p>[vc_row content_placement=\u00a0\u00bbtop\u00a0\u00bb enable_parallax_background_elements=\u00a0\u00bbyes\u00a0\u00bb right_parallax_background_element=\u00a0\u00bb762&Prime;][vc_column][vc_row_inner content_placement=\u00a0\u00bbmiddle\u00a0\u00bb row_content_width=\u00a0\u00bbgrid\u00a0\u00bb css=\u00a0\u00bb.vc_custom_1535380918653{padding-bottom: 40px !important;}\u00a0\u00bb][vc_column_inner offset=\u00a0\u00bbvc_col-lg-6 vc_col-md-12&Prime;][vc_empty_space height=\u00a0\u00bb100px\u00a0\u00bb][\/vc_column_inner][vc_column_inner offset=\u00a0\u00bbvc_col-lg-6 vc_col-md-12&Prime; css=\u00a0\u00bb.vc_custom_1613590688932{margin-top: 50px !important;padding-right: 0px !important;padding-left: 0px !important;}\u00a0\u00bb][\/vc_column_inner][\/vc_row_inner][vc_empty_space height=\u00a0\u00bb5&Prime;][\/vc_column][\/vc_row]<\/p>\n","protected":false},"author":2,"featured_media":0,"parent":0,"menu_order":0,"comment_status":"closed","ping_status":"closed","template":"full-width.php","meta":[],"_links":{"self":[{"href":"https:\/\/eldoncel.com\/fr\/wp-json\/wp\/v2\/pages\/4509"}],"collection":[{"href":"https:\/\/eldoncel.com\/fr\/wp-json\/wp\/v2\/pages"}],"about":[{"href":"https:\/\/eldoncel.com\/fr\/wp-json\/wp\/v2\/types\/page"}],"author":[{"embeddable":true,"href":"https:\/\/eldoncel.com\/fr\/wp-json\/wp\/v2\/users\/2"}],"replies":[{"embeddable":true,"href":"https:\/\/eldoncel.com\/fr\/wp-json\/wp\/v2\/comments?post=4509"}],"version-history":[{"count":3,"href":"https:\/\/eldoncel.com\/fr\/wp-json\/wp\/v2\/pages\/4509\/revisions"}],"predecessor-version":[{"id":4522,"href":"https:\/\/eldoncel.com\/fr\/wp-json\/wp\/v2\/pages\/4509\/revisions\/4522"}],"wp:attachment":[{"href":"https:\/\/eldoncel.com\/fr\/wp-json\/wp\/v2\/media?parent=4509"}],"curies":[{"name":"wp","href":"https:\/\/api.w.org\/{rel}","templated":true}]}}