{"id":4746,"date":"2021-02-22T22:38:50","date_gmt":"2021-02-22T22:38:50","guid":{"rendered":"https:\/\/eldoncel.com\/hotel"},"modified":"2026-03-24T12:30:24","modified_gmt":"2026-03-24T12:30:24","slug":"hotel","status":"publish","type":"page","link":"https:\/\/eldoncel.com\/fr\/hotel","title":{"rendered":"H\u00d4TEL"},"content":{"rendered":"<p>[vc_row content_placement=\u00a0\u00bbtop\u00a0\u00bb enable_parallax_background_elements=\u00a0\u00bbyes\u00a0\u00bb right_parallax_background_element=\u00a0\u00bb762&Prime;][vc_column][vc_row_inner content_placement=\u00a0\u00bbmiddle\u00a0\u00bb row_content_width=\u00a0\u00bbgrid\u00a0\u00bb css=\u00a0\u00bb.vc_custom_1535380918653{padding-bottom: 40px !important;}\u00a0\u00bb][vc_column_inner offset=\u00a0\u00bbvc_col-lg-6 vc_col-md-12&Prime;]<div class=\"mkdf-section-title-holder  mkdf-st-standard mkdf-st-title-left mkdf-st-normal-space \" style=\"padding:0 0 15% 0;text-align: left\">\n\t<div class=\"mkdf-st-inner\">\n\t\t\t\t\t<h2 class=\"mkdf-st-title\" >\n\t\t\t\tH\u00f4tel***<br \/>\t\t\t<\/h2>\n\t\t    <span class=\"mkdf-st-line\" style=\"margin: 50px 9% 0 14%; height: 120px\"><\/span>\n    <div class=\"mkdf-st-text\" style=\"margin-top: 45px;padding-right: 40px\">\n        Les 14 chambres de l\u2019h\u00f4tel ont \u00e9t\u00e9 adapt\u00e9es en respectant la sobri\u00e9t\u00e9 de la pierre, fusionnant modernit\u00e9 et confort, m\u00ealant hier et aujourd\u2019hui de cette maison \u00e0 sa propre vie qui respire la po\u00e9sie \u00e0 travers ses murs[vc_empty_space height=\u00a0\u00bb20px\u00a0\u00bb]Toutes les chambres sont \u00e9quip\u00e9es de salle de bain compl\u00e8te, s\u00e8che-cheveux, climatisation, TV plasma, r\u00e9seau Wi-Fi, matelas \u00e0 ressort biconique o\u00f9 la d\u00e9tente est garantie&#8230;[vc_empty_space height=\u00a0\u00bb20px\u00a0\u00bb]La literie et les oreillers sont fabriqu\u00e9s avec des mat\u00e9riaux anti-acariens, offrant ainsi un meilleur confort et une plus grande commodit\u00e9.[vc_empty_space height=\u00a0\u00bb20px\u00a0\u00bb]Dans le grenier de la maison se trouve notre suite avec vue sur l&rsquo;Alameda de Sig\u00fcenza et l&#8217;embl\u00e9matique rue San Roque et quartier illustr\u00e9, avec de grands espaces ouverts[vc_empty_space height=\u00a0\u00bb20px\u00a0\u00bb]Les amoureux de la grande salle de bain pourront profiter de la colonne d&rsquo;hydromassage, du s\u00e8che-cheveux, du peignoir, de la climatisation, etc.[vc_empty_space height=\u00a0\u00bb30px\u00a0\u00bb]    <\/div>\n\t<\/div>\n<\/div>[vc_empty_space height=\u00a0\u00bb100px\u00a0\u00bb][\/vc_column_inner][vc_column_inner offset=\u00a0\u00bbvc_col-lg-6 vc_col-md-12&Prime; css=\u00a0\u00bb.vc_custom_1535446084271{padding-right: 0px !important;padding-left: 0px !important;}\u00a0\u00bb]<div class=\"mkdf-single-image-holder    \" >\n    <div class=\"mkdf-si-inner\" >\n                                    <img width=\"862\" height=\"875\" src=\"https:\/\/eldoncel.com\/wp-content\/uploads\/2024\/06\/hotel_2024_00_eldoncel.jpg\" class=\"attachment-full size-full\" alt=\"\" srcset=\"https:\/\/eldoncel.com\/wp-content\/uploads\/2024\/06\/hotel_2024_00_eldoncel.jpg 862w, https:\/\/eldoncel.com\/wp-content\/uploads\/2024\/06\/hotel_2024_00_eldoncel-296x300.jpg 296w, https:\/\/eldoncel.com\/wp-content\/uploads\/2024\/06\/hotel_2024_00_eldoncel-768x780.jpg 768w, https:\/\/eldoncel.com\/wp-content\/uploads\/2024\/06\/hotel_2024_00_eldoncel-600x609.jpg 600w\" sizes=\"(max-width: 862px) 100vw, 862px\" loading=\"eager\" \/>                        <\/div>\n<\/div>[\/vc_column_inner][\/vc_row_inner][vc_empty_space height=\u00a0\u00bb5&Prime;][\/vc_column][\/vc_row][vc_row][vc_column][vc_gallery type=\u00a0\u00bbnivo\u00a0\u00bb interval=\u00a0\u00bb3&Prime; images=\u00a0\u00bb6321,5960,5963,5966,5969,5972,5975,5978,5592,5589,5583,5981,5987,5984,5990,5993&Prime; img_size=\u00a0\u00bbfull\u00a0\u00bb onclick=\u00a0\u00bbcustom_link\u00a0\u00bb custom_links=\u00a0\u00bb#E-8_aHR0cHMlM0ElMkYlMkZib29raW5nLnJlZGZvcnRzLmNvbSUyRlVNTEUlMkYlMkM=\u00a0\u00bb][\/vc_column][\/vc_row]<\/p>\n","protected":false},"excerpt":{"rendered":"<p>[vc_row content_placement=\u00a0\u00bbtop\u00a0\u00bb enable_parallax_background_elements=\u00a0\u00bbyes\u00a0\u00bb right_parallax_background_element=\u00a0\u00bb762&Prime;][vc_column][vc_row_inner content_placement=\u00a0\u00bbmiddle\u00a0\u00bb row_content_width=\u00a0\u00bbgrid\u00a0\u00bb css=\u00a0\u00bb.vc_custom_1535380918653{padding-bottom: 40px !important;}\u00a0\u00bb][vc_column_inner offset=\u00a0\u00bbvc_col-lg-6 vc_col-md-12&Prime;][vc_empty_space height=\u00a0\u00bb100px\u00a0\u00bb][\/vc_column_inner][vc_column_inner offset=\u00a0\u00bbvc_col-lg-6 vc_col-md-12&Prime; css=\u00a0\u00bb.vc_custom_1535446084271{padding-right: 0px !important;padding-left: 0px !important;}\u00a0\u00bb][\/vc_column_inner][\/vc_row_inner][vc_empty_space height=\u00a0\u00bb5&Prime;][\/vc_column][\/vc_row][vc_row][vc_column][vc_gallery type=\u00a0\u00bbnivo\u00a0\u00bb interval=\u00a0\u00bb3&Prime; images=\u00a0\u00bb6321,5960,5963,5966,5969,5972,5975,5978,5592,5589,5583,5981,5987,5984,5990,5993&Prime; img_size=\u00a0\u00bbfull\u00a0\u00bb onclick=\u00a0\u00bbcustom_link\u00a0\u00bb custom_links=\u00a0\u00bb#E-8_aHR0cHMlM0ElMkYlMkZib29raW5nLnJlZGZvcnRzLmNvbSUyRlVNTEUlMkYlMkM=\u00a0\u00bb][\/vc_column][\/vc_row]<\/p>\n","protected":false},"author":2,"featured_media":0,"parent":0,"menu_order":0,"comment_status":"closed","ping_status":"closed","template":"full-width.php","meta":[],"_links":{"self":[{"href":"https:\/\/eldoncel.com\/fr\/wp-json\/wp\/v2\/pages\/4746"}],"collection":[{"href":"https:\/\/eldoncel.com\/fr\/wp-json\/wp\/v2\/pages"}],"about":[{"href":"https:\/\/eldoncel.com\/fr\/wp-json\/wp\/v2\/types\/page"}],"author":[{"embeddable":true,"href":"https:\/\/eldoncel.com\/fr\/wp-json\/wp\/v2\/users\/2"}],"replies":[{"embeddable":true,"href":"https:\/\/eldoncel.com\/fr\/wp-json\/wp\/v2\/comments?post=4746"}],"version-history":[{"count":43,"href":"https:\/\/eldoncel.com\/fr\/wp-json\/wp\/v2\/pages\/4746\/revisions"}],"predecessor-version":[{"id":6325,"href":"https:\/\/eldoncel.com\/fr\/wp-json\/wp\/v2\/pages\/4746\/revisions\/6325"}],"wp:attachment":[{"href":"https:\/\/eldoncel.com\/fr\/wp-json\/wp\/v2\/media?parent=4746"}],"curies":[{"name":"wp","href":"https:\/\/api.w.org\/{rel}","templated":true}]}}