{"id":4927,"date":"2021-02-23T19:43:35","date_gmt":"2021-02-23T19:43:35","guid":{"rendered":"https:\/\/eldoncel.com\/le-restaurant\/chef-de-salle"},"modified":"2022-11-16T18:46:32","modified_gmt":"2022-11-16T18:46:32","slug":"chef-de-salle","status":"publish","type":"page","link":"https:\/\/eldoncel.com\/fr\/le-restaurant\/chef-de-salle","title":{"rendered":"Chef de salle"},"content":{"rendered":"<p>[vc_row content_placement=\u00a0\u00bbtop\u00a0\u00bb content_text_aligment=\u00a0\u00bbcenter\u00a0\u00bb][vc_column]<div class=\"mkdf-elements-holder   mkdf-two-columns  mkdf-responsive-mode-1024 \" ><div class=\"mkdf-eh-item  mkdf-vertical-alignment-top mkdf-horizontal-alignment-center \"  data-item-class=\"mkdf-eh-custom-5725\" data-1367-1600=\"0 0 0 13%\" data-1025-1366=\"0 0 0 15%\" data-769-1024=\"0 0 0 9%\" data-681-768=\"0 0 0 9%\" data-680=\"0 0 0 5%\">\n\t<div class=\"mkdf-eh-item-inner\">\n\t\t<div class=\"mkdf-eh-item-content mkdf-eh-custom-5725\" style=\"padding: 0 0 0 38%\">\n\t\t\t<div class=\"mkdf-section-title-holder  mkdf-st-standard mkdf-st-title-left mkdf-st-normal-space \" style=\"padding:0 0 15% 0;text-align: left\">\n\t<div class=\"mkdf-st-inner\">\n\t\t\t\t\t<h2 class=\"mkdf-st-title\" >\n\t\t\t\tChef<br \/> de salle\t\t\t<\/h2>\n\t\t    <span class=\"mkdf-st-line\" style=\"margin: 50px 9% 0 14%; height: 120px\"><\/span>\n    <div class=\"mkdf-st-text\" style=\"margin-top: 45px;padding-right: 90px\">\n        \n<h4>Eduardo P\u00e9rez<\/h4>\n<h5>(Chef de salle)<\/h5>\n<p>N\u00e9 \u00e0 Sig\u00fcenza en 1979. Il a \u00e9tudi\u00e9 \u00e0 la prestigieuse \u00e9cole d&rsquo;hospitalit\u00e9 de Zaragoza (Miralbueno)[vc_empty_space height=\u00a0\u00bb30px\u00a0\u00bb]\u00abAu cours de ses ann\u00e9es d&rsquo;\u00e9tudes, il a fait sa premi\u00e8re \u00e9tape au restaurant\u00ab Zalaca\u00edn \u00bb, sous les ordres de Custodio Zamarra et Jos\u00e9 Jim\u00e9nez Blas.\u00bb[vc_empty_space height=\u00a0\u00bb30px\u00a0\u00bb] Plus tard \u00e0 l&rsquo;h\u00f4tel Ritz, un concours de cuisine r\u00e9gionale. Faites votre stage au restaurant \u00ab\u00a0Flamb\u00e9\u00a0\u00bb \u00e0 Zaragoza [vc_empty_space height=\u00a0\u00bb30px\u00a0\u00bb]Vainqueur du 2\u00e8me prix du concours national de cocktails de l&rsquo;ann\u00e9e 2000. Suivez des cours de sommelier \u00e0 \u00ab\u00a0La Filoxera\u00a0\u00bb (Zaragoza)[vc_empty_space height=\u00a0\u00bb30px\u00a0\u00bb]En juin 2001, il prend les r\u00eanes de l&rsquo;entreprise familiale avec son fr\u00e8re Enrique, donnant un virage \u00e0 180 \u00b0 au style et \u00e0 la gestion de l&rsquo;h\u00f4tel et du restaurant et la nouvelle \u00e8re des fr\u00e8res P\u00e9rez commence.[vc_empty_space height=\u00a0\u00bb30px\u00a0\u00bb]En 2002, Eduardo a inaugur\u00e9 la cave \u00ab\u00a0Doncel\u00a0\u00bb avec plus de 340 r\u00e9f\u00e9rences et le salon et la cuisine ont \u00e9t\u00e9 r\u00e9nov\u00e9s avec la touche de jeunesse, de qualit\u00e9 et de prestige avec laquelle ils veulent se repr\u00e9senter. Depuis lors jusqu&rsquo;\u00e0 aujourd&rsquo;hui, le \u00ab\u00a0Doncel\u00a0\u00bb a re\u00e7u de nombreux prix [vc_empty_space height=\u00a0\u00bb30px\u00a0\u00bb]En janvier 2020, une intense r\u00e9forme architecturale et une nouvelle d\u00e9coration int\u00e9rieure sont entreprises, renouvelant l&rsquo;ambiance du restaurant    <\/div>\n\t<\/div>\n<\/div>[vc_empty_space height=\u00a0\u00bb5&Prime;]<div class=\"mkdf-single-image-holder    mkdf-image-center\" >\n    <div class=\"mkdf-si-inner\" >\n                                    <img width=\"218\" height=\"135\" src=\"https:\/\/eldoncel.com\/wp-content\/uploads\/2020\/11\/signature_eduardo_sala.png\" class=\"attachment-full size-full\" alt=\"\" loading=\"eager\" \/>                        <\/div>\n<\/div>[vc_empty_space height=\u00a0\u00bb70px\u00a0\u00bb]\t\t<\/div>\n\t<\/div>\n<\/div><div class=\"mkdf-eh-item  mkdf-vertical-alignment-top  \"  data-item-class=\"mkdf-eh-custom-7770\">\n\t<div class=\"mkdf-eh-item-inner\">\n\t\t<div class=\"mkdf-eh-item-content mkdf-eh-custom-7770\" style=\"padding: 0 0 0 9%\">\n\t\t\t<div class=\"mkdf-single-image-holder    \" >\n    <div class=\"mkdf-si-inner\" >\n                                    <img width=\"1100\" height=\"2000\" src=\"https:\/\/eldoncel.com\/wp-content\/uploads\/2020\/12\/rest_jefesala_eduardoperez.jpg\" class=\"attachment-full size-full\" alt=\"\" srcset=\"https:\/\/eldoncel.com\/wp-content\/uploads\/2020\/12\/rest_jefesala_eduardoperez.jpg 1100w, https:\/\/eldoncel.com\/wp-content\/uploads\/2020\/12\/rest_jefesala_eduardoperez-165x300.jpg 165w, https:\/\/eldoncel.com\/wp-content\/uploads\/2020\/12\/rest_jefesala_eduardoperez-563x1024.jpg 563w, https:\/\/eldoncel.com\/wp-content\/uploads\/2020\/12\/rest_jefesala_eduardoperez-768x1396.jpg 768w, https:\/\/eldoncel.com\/wp-content\/uploads\/2020\/12\/rest_jefesala_eduardoperez-845x1536.jpg 845w, https:\/\/eldoncel.com\/wp-content\/uploads\/2020\/12\/rest_jefesala_eduardoperez-600x1091.jpg 600w\" sizes=\"(max-width: 1100px) 100vw, 1100px\" loading=\"eager\" \/>                        <\/div>\n<\/div>\t\t<\/div>\n\t<\/div>\n<\/div><\/div>[\/vc_column][\/vc_row][vc_row][vc_column][vc_empty_space height=\u00a0\u00bb100&Prime;][vc_text_separator title=\u00a0\u00bb\u00a0\u00bb i_type=\u00a0\u00bbmaterial\u00a0\u00bb i_icon_material=\u00a0\u00bbvc-material vc-material-restaurant\u00a0\u00bb i_color=\u00a0\u00bbwhite\u00a0\u00bb i_background_style=\u00a0\u00bbrounded\u00a0\u00bb i_background_color=\u00a0\u00bbcustom\u00a0\u00bb i_size=\u00a0\u00bbsm\u00a0\u00bb color=\u00a0\u00bbcustom\u00a0\u00bb add_icon=\u00a0\u00bbtrue\u00a0\u00bb accent_color=\u00a0\u00bb#f6efe5&Prime; i_custom_background_color=\u00a0\u00bb#f6efe5&Prime;][vc_empty_space height=\u00a0\u00bb50&Prime;]<div class=\"mkdf-image-gallery mkdf-grid-list mkdf-grid-masonry-list mkdf-disable-bottom-space  mkdf-ig-masonry-type mkdf-four-columns mkdf-normal-space  mkdf-image-behavior-custom-link\">\n\t<div class=\"mkdf-ig-inner mkdf-outer-space mkdf-masonry-list-wrapper\">\n\t\t<div class=\"mkdf-masonry-grid-sizer\"><\/div>\n\t\t<div class=\"mkdf-masonry-grid-gutter\"><\/div>\n\t\t\t\t\t\t\t\t<div class=\"mkdf-ig-image mkdf-item-space \">\n\t\t\t\t<div class=\"mkdf-ig-image-inner\">\n\t\t\t\t\t\t\t\t\t\t\t<img width=\"550\" height=\"550\" src=\"https:\/\/eldoncel.com\/wp-content\/uploads\/2020\/12\/rest_jsala_eduardoperez_02.jpg\" class=\"attachment-full size-full\" alt=\"\" srcset=\"https:\/\/eldoncel.com\/wp-content\/uploads\/2020\/12\/rest_jsala_eduardoperez_02.jpg 550w, https:\/\/eldoncel.com\/wp-content\/uploads\/2020\/12\/rest_jsala_eduardoperez_02-300x300.jpg 300w, https:\/\/eldoncel.com\/wp-content\/uploads\/2020\/12\/rest_jsala_eduardoperez_02-150x150.jpg 150w, https:\/\/eldoncel.com\/wp-content\/uploads\/2020\/12\/rest_jsala_eduardoperez_02-100x100.jpg 100w\" sizes=\"(max-width: 550px) 100vw, 550px\" loading=\"eager\" \/>\t\t\t\t\t\t\t\t\t\t\t<\/a>\n\t\t\t\t\t\t\t\t\t<\/div>\n\t\t\t<\/div>\n\t\t\t\t\t\t\t\t<div class=\"mkdf-ig-image mkdf-item-space mkdf-fixed-masonry-item mkdf-masonry-size-large-height\">\n\t\t\t\t<div class=\"mkdf-ig-image-inner\">\n\t\t\t\t\t\t\t\t\t\t\t<img width=\"550\" height=\"1100\" src=\"https:\/\/eldoncel.com\/wp-content\/uploads\/2020\/12\/rest_jsala_eduardoperez_00.jpg\" class=\"attachment-attika_mikado_image_portrait size-attika_mikado_image_portrait\" alt=\"\" srcset=\"https:\/\/eldoncel.com\/wp-content\/uploads\/2020\/12\/rest_jsala_eduardoperez_00.jpg 550w, https:\/\/eldoncel.com\/wp-content\/uploads\/2020\/12\/rest_jsala_eduardoperez_00-150x300.jpg 150w, https:\/\/eldoncel.com\/wp-content\/uploads\/2020\/12\/rest_jsala_eduardoperez_00-512x1024.jpg 512w\" sizes=\"(max-width: 550px) 100vw, 550px\" loading=\"eager\" \/>\t\t\t\t\t\t\t\t\t\t\t<\/a>\n\t\t\t\t\t\t\t\t\t<\/div>\n\t\t\t<\/div>\n\t\t\t\t\t\t\t\t<div class=\"mkdf-ig-image mkdf-item-space mkdf-fixed-masonry-item mkdf-masonry-size-large-width-height\">\n\t\t\t\t<div class=\"mkdf-ig-image-inner\">\n\t\t\t\t\t\t\t\t\t\t\t<img width=\"1100\" height=\"1100\" src=\"https:\/\/eldoncel.com\/wp-content\/uploads\/2020\/12\/rest_jsala_eduardoperez_04.jpg\" class=\"attachment-full size-full\" alt=\"\" srcset=\"https:\/\/eldoncel.com\/wp-content\/uploads\/2020\/12\/rest_jsala_eduardoperez_04.jpg 1100w, https:\/\/eldoncel.com\/wp-content\/uploads\/2020\/12\/rest_jsala_eduardoperez_04-300x300.jpg 300w, https:\/\/eldoncel.com\/wp-content\/uploads\/2020\/12\/rest_jsala_eduardoperez_04-1024x1024.jpg 1024w, https:\/\/eldoncel.com\/wp-content\/uploads\/2020\/12\/rest_jsala_eduardoperez_04-150x150.jpg 150w, https:\/\/eldoncel.com\/wp-content\/uploads\/2020\/12\/rest_jsala_eduardoperez_04-768x768.jpg 768w, https:\/\/eldoncel.com\/wp-content\/uploads\/2020\/12\/rest_jsala_eduardoperez_04-650x650.jpg 650w, https:\/\/eldoncel.com\/wp-content\/uploads\/2020\/12\/rest_jsala_eduardoperez_04-600x600.jpg 600w, https:\/\/eldoncel.com\/wp-content\/uploads\/2020\/12\/rest_jsala_eduardoperez_04-100x100.jpg 100w\" sizes=\"(max-width: 1100px) 100vw, 1100px\" loading=\"eager\" \/>\t\t\t\t\t\t\t\t\t\t\t<\/a>\n\t\t\t\t\t\t\t\t\t<\/div>\n\t\t\t<\/div>\n\t\t\t\t\t\t\t\t<div class=\"mkdf-ig-image mkdf-item-space \">\n\t\t\t\t<div class=\"mkdf-ig-image-inner\">\n\t\t\t\t\t\t\t\t\t\t\t<img width=\"536\" height=\"536\" src=\"https:\/\/eldoncel.com\/wp-content\/uploads\/2020\/12\/rest_jsala_eduardoperez_01.jpg\" class=\"attachment-full size-full\" alt=\"\" srcset=\"https:\/\/eldoncel.com\/wp-content\/uploads\/2020\/12\/rest_jsala_eduardoperez_01.jpg 536w, https:\/\/eldoncel.com\/wp-content\/uploads\/2020\/12\/rest_jsala_eduardoperez_01-300x300.jpg 300w, https:\/\/eldoncel.com\/wp-content\/uploads\/2020\/12\/rest_jsala_eduardoperez_01-150x150.jpg 150w, https:\/\/eldoncel.com\/wp-content\/uploads\/2020\/12\/rest_jsala_eduardoperez_01-100x100.jpg 100w\" sizes=\"(max-width: 536px) 100vw, 536px\" loading=\"eager\" \/>\t\t\t\t\t\t\t\t\t\t\t<\/a>\n\t\t\t\t\t\t\t\t\t<\/div>\n\t\t\t<\/div>\n\t\t\t<\/div>\n<\/div>[vc_empty_space height=\u00a0\u00bb50&Prime;][\/vc_column][\/vc_row][vc_row][vc_column]<div class=\"mkdf-testimonials-holder clearfix mkdf-testimonials-standard  mkdf-navigation-numbers mkdf-nav-outer\">\n    <div class=\"mkdf-testimonials-icon\">\n        <svg version=\"1.1\" x=\"0px\" y=\"0px\"\n            width=\"50.75px\" height=\"37.828px\" viewBox=\"0 0 50.75 37.828\" enable-background=\"new 0 0 50.75 37.828\" xml:space=\"preserve\">\n            <path fill=\"#898989\" d=\"M39.486,14.41c-0.105-1.113-0.023-4.144,2.879-8.359c0.219-0.315,0.18-0.745-0.094-1.018\n            c-1.184-1.185-1.918-1.931-2.43-2.455c-0.676-0.687-0.984-1-1.438-1.41c-0.301-0.272-0.758-0.276-1.063-0.01\n            c-5.059,4.401-10.68,13.502-9.867,24.646c0.477,6.547,5.25,11.297,11.352,11.297c6.262,0,11.355-5.094,11.355-11.355\n            C50.181,19.707,45.439,14.754,39.486,14.41L39.486,14.41z M38.826,35.5c-5.238,0-9.34-4.125-9.754-9.807v-0.006\n            c-0.918-12.533,6.535-20.68,8.789-22.835c0.219,0.22,0.469,0.474,0.84,0.849c0.445,0.453,1.055,1.073,1.977,2\n            c-3.527,5.428-2.859,9.295-2.57,9.85c0.141,0.267,0.422,0.443,0.719,0.443c5.379,0,9.754,4.375,9.754,9.752\n            C48.58,31.125,44.205,35.5,38.826,35.5L38.826,35.5z M38.826,35.5\"\/>\n            <path fill=\"#898989\" d=\"M12.68,14.41c-0.105-1.113-0.023-4.144,2.879-8.359c0.219-0.315,0.18-0.745-0.094-1.018\n            c-1.184-1.185-1.918-1.931-2.43-2.455c-0.676-0.687-0.984-1-1.438-1.41c-0.301-0.272-0.758-0.276-1.063-0.01\n            C5.477,5.56-0.145,14.66,0.668,25.805c0.477,6.547,5.25,11.297,11.352,11.297c6.262,0,11.355-5.094,11.355-11.355\n            C23.375,19.707,18.633,14.754,12.68,14.41L12.68,14.41z M12.02,35.5c-5.238,0-9.34-4.125-9.754-9.807v-0.006\n            C1.348,13.154,8.801,5.008,11.055,2.853c0.219,0.22,0.469,0.474,0.84,0.849c0.445,0.453,1.055,1.073,1.977,2\n            c-3.527,5.428-2.859,9.295-2.57,9.85c0.141,0.267,0.422,0.443,0.719,0.443c5.379,0,9.754,4.375,9.754,9.752\n            C21.773,31.125,17.398,35.5,12.02,35.5L12.02,35.5z M12.02,35.5\"\/>\n        <\/svg>\n    <\/div>\n    <div class=\"mkdf-testimonials mkdf-owl-slider\" data-number-of-items=\"1\" data-enable-loop=\"no\" data-enable-autoplay=\"no\" data-slider-speed=\"5000\" data-slider-speed-animation=\"600\" data-enable-navigation=\"no\" data-enable-pagination=\"no\">\n\n    \n            <div class=\"mkdf-testimonial-content\" id=\"mkdf-testimonials-5100\">\n                <div class=\"mkdf-testimonial-text-holder\">\n                                            <p class=\"mkdf-testimonial-text\">Croire aux id\u00e9es et les mettre en \u0153uvre n&#039;entra\u00eene pas de risques si elles sont claires...<\/p>\n                                                                <h4 class=\"mkdf-testimonial-author\">\n                            <span class=\"mkdf-testimonials-author-name\">Eduardo P\u00e9rez<\/span>\n                                                    <\/h4>\n                                    <\/div>\n                            <\/div>\n\n    \n    <\/div>\n<\/div>[\/vc_column][\/vc_row][vc_row css=\u00a0\u00bb.vc_custom_1533721367903{padding-top: 100px !important;padding-bottom: 100px !important;}\u00a0\u00bb][vc_column][vc_row_inner row_content_width=\u00a0\u00bbgrid\u00a0\u00bb enable_parallax_background_elements=\u00a0\u00bbyes\u00a0\u00bb parallax_background_elements_vertical_alignment=\u00a0\u00bbmiddle\u00a0\u00bb enable_parallax_effect=\u00a0\u00bbno\u00a0\u00bb left_parallax_background_element=\u00a0\u00bb721&Prime;][vc_column_inner width=\u00a0\u00bb1\/12&Prime; offset=\u00a0\u00bbvc_hidden-md vc_hidden-sm vc_hidden-xs\u00a0\u00bb][\/vc_column_inner][vc_column_inner offset=\u00a0\u00bbvc_col-lg-4 vc_col-md-5 vc_col-xs-12&Prime;]<div class=\"mkdf-single-image-holder    \" data-parallax=\"{&quot;y&quot;: 30, &quot;smoothness&quot;: 30}\">\n    <div class=\"mkdf-si-inner\" >\n                                    <img width=\"384\" height=\"576\" src=\"https:\/\/eldoncel.com\/wp-content\/uploads\/2020\/12\/rest_jefesala_content_img01.jpg\" class=\"attachment-full size-full\" alt=\"\" srcset=\"https:\/\/eldoncel.com\/wp-content\/uploads\/2020\/12\/rest_jefesala_content_img01.jpg 384w, https:\/\/eldoncel.com\/wp-content\/uploads\/2020\/12\/rest_jefesala_content_img01-200x300.jpg 200w\" sizes=\"(max-width: 384px) 100vw, 384px\" loading=\"eager\" \/>                        <\/div>\n<\/div>[\/vc_column_inner][vc_column_inner width=\u00a0\u00bb1\/12&Prime; offset=\u00a0\u00bbvc_hidden-md vc_hidden-sm vc_hidden-xs\u00a0\u00bb][\/vc_column_inner][vc_column_inner css=\u00a0\u00bb.vc_custom_1534512863336{padding-left: 0px !important;}\u00a0\u00bb offset=\u00a0\u00bbvc_col-lg-6 vc_col-md-7 vc_col-xs-12&Prime;][vc_empty_space height=\u00a0\u00bb80px\u00a0\u00bb]<div class=\"mkdf-section-title-holder  mkdf-st-standard mkdf-st-title-left mkdf-st-normal-space \" style=\"padding:0 0 15% 0;text-align: left\">\n\t<div class=\"mkdf-st-inner\">\n\t\t\t\t\t<h2 class=\"mkdf-st-title\" >\n\t\t\t\tSalle<br \/>\t\t\t<\/h2>\n\t\t    <span class=\"mkdf-st-line\" style=\"margin: 50px 9% 0 26%; height: 120px\"><\/span>\n    <div class=\"mkdf-st-text\" style=\"margin-top: 45px;padding-right: 0\">\n        La salle Doncel est dirig\u00e9e par Eduardo P\u00e9rez[vc_empty_space height=\u00a0\u00bb30px\u00a0\u00bb]Pour bien comprendre le client, la cuisine doit comprendre et sortir dans la pi\u00e8ce, \u00e9couter le client, savoir vendre et lui faire vivre une exp\u00e9rience unique dans l&rsquo;\u00e9tablissement[vc_empty_space height=\u00a0\u00bb30px\u00a0\u00bb]D\u00e8s le moment o\u00f9 le client entre dans la porte, il faut le recevoir avec le meilleur sourire et analyser chaque profil pour voir \u00e0 quoi nous sommes confront\u00e9s[vc_empty_space height=\u00a0\u00bb30px\u00a0\u00bb]Chaque table est diff\u00e9rente, chaque client est diff\u00e9rent et dans la salle nous devons avoir notre point de vue de psychologues, de psychiatres, \u00eatre de bonnes relations publiques et surtout \u00eatre cr\u00e9dible.[vc_empty_space height=\u00a0\u00bb30px\u00a0\u00bb]L&rsquo;union de la cuisine et du salon ouvre un \u00e9ventail de possibilit\u00e9s et se traduit par une exp\u00e9rience surprenante de saveurs et de textures    <\/div>\n\t<\/div>\n<\/div>[\/vc_column_inner][\/vc_row_inner][\/vc_column][\/vc_row][vc_row][vc_column]<div class=\"mkdf-section-title-holder  mkdf-st-two-columns mkdf-st-title-left mkdf-st-normal-space \" style=\"padding:0 0 1% 0\">\n\t<div class=\"mkdf-st-inner\">\n\t\t\t\t\t<h2 class=\"mkdf-st-title\" >\n\t\t\t\tSalle \u00e0 manger principale\t\t\t<\/h2>\n\t\t    <span class=\"mkdf-st-line\" style=\"height: 80px\"><\/span>\n    <div class=\"mkdf-st-text\" style=\"margin-top: 45px;padding-right: 0\">\n            <\/div>\n\t<\/div>\n<\/div>[vc_gallery type=\u00a0\u00bbnivo\u00a0\u00bb interval=\u00a0\u00bb3&Prime; images=\u00a0\u00bb4157,4158,4159,4160,4161&Prime; img_size=\u00a0\u00bbfull\u00a0\u00bb][\/vc_column][\/vc_row]<\/p>\n","protected":false},"excerpt":{"rendered":"<p>[vc_row content_placement=\u00a0\u00bbtop\u00a0\u00bb content_text_aligment=\u00a0\u00bbcenter\u00a0\u00bb][vc_column][\/vc_column][\/vc_row][vc_row][vc_column][vc_empty_space height=\u00a0\u00bb100&Prime;][vc_text_separator title=\u00a0\u00bb\u00a0\u00bb i_type=\u00a0\u00bbmaterial\u00a0\u00bb i_icon_material=\u00a0\u00bbvc-material vc-material-restaurant\u00a0\u00bb i_color=\u00a0\u00bbwhite\u00a0\u00bb i_background_style=\u00a0\u00bbrounded\u00a0\u00bb i_background_color=\u00a0\u00bbcustom\u00a0\u00bb i_size=\u00a0\u00bbsm\u00a0\u00bb color=\u00a0\u00bbcustom\u00a0\u00bb add_icon=\u00a0\u00bbtrue\u00a0\u00bb accent_color=\u00a0\u00bb#f6efe5&Prime; i_custom_background_color=\u00a0\u00bb#f6efe5&Prime;][vc_empty_space height=\u00a0\u00bb50&Prime;][vc_empty_space height=\u00a0\u00bb50&Prime;][\/vc_column][\/vc_row][vc_row][vc_column][\/vc_column][\/vc_row][vc_row css=\u00a0\u00bb.vc_custom_1533721367903{padding-top: 100px !important;padding-bottom: 100px !important;}\u00a0\u00bb][vc_column][vc_row_inner row_content_width=\u00a0\u00bbgrid\u00a0\u00bb enable_parallax_background_elements=\u00a0\u00bbyes\u00a0\u00bb parallax_background_elements_vertical_alignment=\u00a0\u00bbmiddle\u00a0\u00bb enable_parallax_effect=\u00a0\u00bbno\u00a0\u00bb left_parallax_background_element=\u00a0\u00bb721&Prime;][vc_column_inner width=\u00a0\u00bb1\/12&Prime; offset=\u00a0\u00bbvc_hidden-md vc_hidden-sm vc_hidden-xs\u00a0\u00bb][\/vc_column_inner][vc_column_inner offset=\u00a0\u00bbvc_col-lg-4 vc_col-md-5 vc_col-xs-12&Prime;][\/vc_column_inner][vc_column_inner width=\u00a0\u00bb1\/12&Prime; offset=\u00a0\u00bbvc_hidden-md vc_hidden-sm vc_hidden-xs\u00a0\u00bb][\/vc_column_inner][vc_column_inner css=\u00a0\u00bb.vc_custom_1534512863336{padding-left: [&hellip;]<\/p>\n","protected":false},"author":2,"featured_media":0,"parent":4692,"menu_order":0,"comment_status":"closed","ping_status":"closed","template":"full-width.php","meta":[],"_links":{"self":[{"href":"https:\/\/eldoncel.com\/fr\/wp-json\/wp\/v2\/pages\/4927"}],"collection":[{"href":"https:\/\/eldoncel.com\/fr\/wp-json\/wp\/v2\/pages"}],"about":[{"href":"https:\/\/eldoncel.com\/fr\/wp-json\/wp\/v2\/types\/page"}],"author":[{"embeddable":true,"href":"https:\/\/eldoncel.com\/fr\/wp-json\/wp\/v2\/users\/2"}],"replies":[{"embeddable":true,"href":"https:\/\/eldoncel.com\/fr\/wp-json\/wp\/v2\/comments?post=4927"}],"version-history":[{"count":17,"href":"https:\/\/eldoncel.com\/fr\/wp-json\/wp\/v2\/pages\/4927\/revisions"}],"predecessor-version":[{"id":5700,"href":"https:\/\/eldoncel.com\/fr\/wp-json\/wp\/v2\/pages\/4927\/revisions\/5700"}],"up":[{"embeddable":true,"href":"https:\/\/eldoncel.com\/fr\/wp-json\/wp\/v2\/pages\/4692"}],"wp:attachment":[{"href":"https:\/\/eldoncel.com\/fr\/wp-json\/wp\/v2\/media?parent=4927"}],"curies":[{"name":"wp","href":"https:\/\/api.w.org\/{rel}","templated":true}]}}