{"id":4947,"date":"2021-02-23T19:58:54","date_gmt":"2021-02-23T19:58:54","guid":{"rendered":"https:\/\/eldoncel.com\/le-restaurant\/chef-cuisinier"},"modified":"2021-02-23T20:20:33","modified_gmt":"2021-02-23T20:20:33","slug":"chef-cuisinier","status":"publish","type":"page","link":"https:\/\/eldoncel.com\/fr\/le-restaurant\/chef-cuisinier","title":{"rendered":"Chef cuisinier"},"content":{"rendered":"<p>[vc_row content_placement=\u00a0\u00bbtop\u00a0\u00bb content_text_aligment=\u00a0\u00bbcenter\u00a0\u00bb][vc_column]<div class=\"mkdf-elements-holder   mkdf-two-columns  mkdf-responsive-mode-1024 \" ><div class=\"mkdf-eh-item  mkdf-vertical-alignment-top mkdf-horizontal-alignment-center \"  data-item-class=\"mkdf-eh-custom-6337\" data-1367-1600=\"0 0 0 13%\" data-1025-1366=\"0 0 0 15%\" data-769-1024=\"0 0 0 9%\" data-681-768=\"0 0 0 9%\" data-680=\"0 0 0 5%\">\n\t<div class=\"mkdf-eh-item-inner\">\n\t\t<div class=\"mkdf-eh-item-content mkdf-eh-custom-6337\" style=\"padding: 0 0 0 38%\">\n\t\t\t<div class=\"mkdf-section-title-holder  mkdf-st-standard mkdf-st-title-left mkdf-st-normal-space \" style=\"padding:0 0 15% 0;text-align: left\">\n\t<div class=\"mkdf-st-inner\">\n\t\t\t\t\t<h2 class=\"mkdf-st-title\" >\n\t\t\t\tChef<br \/> cuisinier\t\t\t<\/h2>\n\t\t    <span class=\"mkdf-st-line\" style=\"margin: 50px 9% 0 14%; height: 120px\"><\/span>\n    <div class=\"mkdf-st-text\" style=\"margin-top: 45px;padding-right: 90px\">\n        \n<h4>Enrique P\u00e9rez<\/h4>\n<h5>(Chef cuisinier)<\/h5>\n<p>N\u00e9 \u00e0 Madrid en 1974. Il a \u00e9tudi\u00e9 la cuisine \u00e0 l&rsquo;Ecole Sup\u00e9rieure d&rsquo;H\u00f4tellerie et de Tourisme de Teruel, l&rsquo;une des plus prestigieuses du pays. Au cours de ses ann\u00e9es d&rsquo;\u00e9tudes, il a fait sa premi\u00e8re \u00e9tape \u00e0 Zalaca\u00edn sous les ordres de Benjam\u00edn Urdiain et plus tard \u00e0 l&rsquo;H\u00f4tel Ritz un concours de cuisine r\u00e9gionale. Elle effectue son stage au restaurant \u00abRodero\u00bb \u00e0 Pampelune sous le commandement de Koldo Rodero[vc_empty_space height=\u00a0\u00bb30px\u00a0\u00bb]En 1997, apr\u00e8s avoir termin\u00e9 ses \u00e9tudes et \u00eatre le premier de sa promotion, il devient professeur \u00e0 l&rsquo;\u00c9cole Sup\u00e9rieure d&rsquo;Hospitalit\u00e9 Teruel, o\u00f9 il enseigne pendant quatre ans.[vc_empty_space height=\u00a0\u00bb30px\u00a0\u00bb]En 2001, il prend les r\u00eanes de l&rsquo;entreprise familiale avec son fr\u00e8re Eduardo, et impose une nouvelle philosophie culinaire en jouant avec le meilleur produit de la r\u00e9gion. Une cuisine honn\u00eate qui joue avec les sens et surprend le palais.[vc_empty_space height=\u00a0\u00bb30px\u00a0\u00bb]En 2002, le salon et la cuisine ont \u00e9t\u00e9 r\u00e9nov\u00e9s avec la touche de jeunesse, de qualit\u00e9 et de prestige qu&rsquo;ils veulent repr\u00e9senter. Depuis lors et jusqu&rsquo;\u00e0 aujourd&rsquo;hui, le \u00ab\u00a0Doncel\u00a0\u00bb a re\u00e7u de nombreux prix.[vc_empty_space height=\u00a0\u00bb30px\u00a0\u00bb]    <\/div>\n\t<\/div>\n<\/div>[vc_empty_space height=\u00a0\u00bb5&Prime;]<div class=\"mkdf-single-image-holder    mkdf-image-center\" >\n    <div class=\"mkdf-si-inner\" >\n                                    <img width=\"218\" height=\"135\" src=\"https:\/\/eldoncel.com\/wp-content\/uploads\/2020\/11\/signature_enrique_chef.png\" class=\"attachment-full size-full\" alt=\"\" loading=\"eager\" \/>                        <\/div>\n<\/div>[vc_empty_space height=\u00a0\u00bb70px\u00a0\u00bb]\t\t<\/div>\n\t<\/div>\n<\/div><div class=\"mkdf-eh-item  mkdf-vertical-alignment-top  \"  data-item-class=\"mkdf-eh-custom-7264\">\n\t<div class=\"mkdf-eh-item-inner\">\n\t\t<div class=\"mkdf-eh-item-content mkdf-eh-custom-7264\" style=\"padding: 0 0 0 9%\">\n\t\t\t<div class=\"mkdf-single-image-holder    \" >\n    <div class=\"mkdf-si-inner\" >\n                                    <img width=\"1100\" height=\"2000\" src=\"https:\/\/eldoncel.com\/wp-content\/uploads\/2020\/12\/rest_chef_enriqueperez.jpg\" class=\"attachment-full size-full\" alt=\"\" srcset=\"https:\/\/eldoncel.com\/wp-content\/uploads\/2020\/12\/rest_chef_enriqueperez.jpg 1100w, https:\/\/eldoncel.com\/wp-content\/uploads\/2020\/12\/rest_chef_enriqueperez-165x300.jpg 165w, https:\/\/eldoncel.com\/wp-content\/uploads\/2020\/12\/rest_chef_enriqueperez-563x1024.jpg 563w, https:\/\/eldoncel.com\/wp-content\/uploads\/2020\/12\/rest_chef_enriqueperez-768x1396.jpg 768w, https:\/\/eldoncel.com\/wp-content\/uploads\/2020\/12\/rest_chef_enriqueperez-845x1536.jpg 845w, https:\/\/eldoncel.com\/wp-content\/uploads\/2020\/12\/rest_chef_enriqueperez-600x1091.jpg 600w\" sizes=\"(max-width: 1100px) 100vw, 1100px\" loading=\"eager\" \/>                        <\/div>\n<\/div>\t\t<\/div>\n\t<\/div>\n<\/div><\/div>[\/vc_column][\/vc_row][vc_row][vc_column][vc_empty_space height=\u00a0\u00bb100&Prime;][vc_text_separator title=\u00a0\u00bb\u00a0\u00bb i_icon_fontawesome=\u00a0\u00bbfar fa-circle\u00a0\u00bb i_color=\u00a0\u00bbwhite\u00a0\u00bb i_background_style=\u00a0\u00bbrounded\u00a0\u00bb i_background_color=\u00a0\u00bbcustom\u00a0\u00bb i_size=\u00a0\u00bbsm\u00a0\u00bb color=\u00a0\u00bbcustom\u00a0\u00bb add_icon=\u00a0\u00bbtrue\u00a0\u00bb accent_color=\u00a0\u00bb#f6efe5&Prime; i_custom_background_color=\u00a0\u00bb#f6efe5&Prime;][vc_empty_space height=\u00a0\u00bb50&Prime;]<div class=\"mkdf-image-gallery mkdf-grid-list mkdf-grid-masonry-list mkdf-disable-bottom-space  mkdf-ig-masonry-type mkdf-four-columns mkdf-normal-space  mkdf-image-behavior-custom-link\">\n\t<div class=\"mkdf-ig-inner mkdf-outer-space mkdf-masonry-list-wrapper\">\n\t\t<div class=\"mkdf-masonry-grid-sizer\"><\/div>\n\t\t<div class=\"mkdf-masonry-grid-gutter\"><\/div>\n\t\t\t\t\t\t\t\t<div class=\"mkdf-ig-image mkdf-item-space mkdf-fixed-masonry-item mkdf-masonry-size-large-width-height\">\n\t\t\t\t<div class=\"mkdf-ig-image-inner\">\n\t\t\t\t\t\t\t\t\t\t\t<img width=\"1100\" height=\"1100\" src=\"https:\/\/eldoncel.com\/wp-content\/uploads\/2020\/12\/h3_rest_chef_img_gallery_1.jpg\" class=\"attachment-full size-full\" alt=\"\" srcset=\"https:\/\/eldoncel.com\/wp-content\/uploads\/2020\/12\/h3_rest_chef_img_gallery_1.jpg 1100w, https:\/\/eldoncel.com\/wp-content\/uploads\/2020\/12\/h3_rest_chef_img_gallery_1-300x300.jpg 300w, https:\/\/eldoncel.com\/wp-content\/uploads\/2020\/12\/h3_rest_chef_img_gallery_1-1024x1024.jpg 1024w, https:\/\/eldoncel.com\/wp-content\/uploads\/2020\/12\/h3_rest_chef_img_gallery_1-150x150.jpg 150w, https:\/\/eldoncel.com\/wp-content\/uploads\/2020\/12\/h3_rest_chef_img_gallery_1-768x768.jpg 768w, https:\/\/eldoncel.com\/wp-content\/uploads\/2020\/12\/h3_rest_chef_img_gallery_1-650x650.jpg 650w, https:\/\/eldoncel.com\/wp-content\/uploads\/2020\/12\/h3_rest_chef_img_gallery_1-600x600.jpg 600w, https:\/\/eldoncel.com\/wp-content\/uploads\/2020\/12\/h3_rest_chef_img_gallery_1-100x100.jpg 100w\" sizes=\"(max-width: 1100px) 100vw, 1100px\" loading=\"eager\" \/>\t\t\t\t\t\t\t\t\t\t\t<\/a>\n\t\t\t\t\t\t\t\t\t<\/div>\n\t\t\t<\/div>\n\t\t\t\t\t\t\t\t<div class=\"mkdf-ig-image mkdf-item-space mkdf-fixed-masonry-item mkdf-masonry-size-large-width\">\n\t\t\t\t<div class=\"mkdf-ig-image-inner\">\n\t\t\t\t\t\t\t\t\t\t\t<img width=\"1100\" height=\"550\" src=\"https:\/\/eldoncel.com\/wp-content\/uploads\/2020\/12\/h3_rest_chef_img_gallery_2.jpg\" class=\"attachment-attika_mikado_image_landscape size-attika_mikado_image_landscape\" alt=\"\" srcset=\"https:\/\/eldoncel.com\/wp-content\/uploads\/2020\/12\/h3_rest_chef_img_gallery_2.jpg 1100w, https:\/\/eldoncel.com\/wp-content\/uploads\/2020\/12\/h3_rest_chef_img_gallery_2-300x150.jpg 300w, https:\/\/eldoncel.com\/wp-content\/uploads\/2020\/12\/h3_rest_chef_img_gallery_2-1024x512.jpg 1024w, https:\/\/eldoncel.com\/wp-content\/uploads\/2020\/12\/h3_rest_chef_img_gallery_2-768x384.jpg 768w, https:\/\/eldoncel.com\/wp-content\/uploads\/2020\/12\/h3_rest_chef_img_gallery_2-600x300.jpg 600w\" sizes=\"(max-width: 1100px) 100vw, 1100px\" loading=\"eager\" \/>\t\t\t\t\t\t\t\t\t\t\t<\/a>\n\t\t\t\t\t\t\t\t\t<\/div>\n\t\t\t<\/div>\n\t\t\t\t\t\t\t\t<div class=\"mkdf-ig-image mkdf-item-space \">\n\t\t\t\t<div class=\"mkdf-ig-image-inner\">\n\t\t\t\t\t\t\t\t\t\t\t<img width=\"550\" height=\"550\" src=\"https:\/\/eldoncel.com\/wp-content\/uploads\/2020\/12\/h3_rest_chef_img_gallery_3.jpg\" class=\"attachment-full size-full\" alt=\"\" srcset=\"https:\/\/eldoncel.com\/wp-content\/uploads\/2020\/12\/h3_rest_chef_img_gallery_3.jpg 550w, https:\/\/eldoncel.com\/wp-content\/uploads\/2020\/12\/h3_rest_chef_img_gallery_3-300x300.jpg 300w, https:\/\/eldoncel.com\/wp-content\/uploads\/2020\/12\/h3_rest_chef_img_gallery_3-150x150.jpg 150w, https:\/\/eldoncel.com\/wp-content\/uploads\/2020\/12\/h3_rest_chef_img_gallery_3-100x100.jpg 100w\" sizes=\"(max-width: 550px) 100vw, 550px\" loading=\"eager\" \/>\t\t\t\t\t\t\t\t\t\t\t<\/a>\n\t\t\t\t\t\t\t\t\t<\/div>\n\t\t\t<\/div>\n\t\t\t\t\t\t\t\t<div class=\"mkdf-ig-image mkdf-item-space \">\n\t\t\t\t<div class=\"mkdf-ig-image-inner\">\n\t\t\t\t\t\t\t\t\t\t\t<img width=\"550\" height=\"550\" src=\"https:\/\/eldoncel.com\/wp-content\/uploads\/2020\/12\/h3_rest_chef_img_gallery_4.jpg\" class=\"attachment-full size-full\" alt=\"\" srcset=\"https:\/\/eldoncel.com\/wp-content\/uploads\/2020\/12\/h3_rest_chef_img_gallery_4.jpg 550w, https:\/\/eldoncel.com\/wp-content\/uploads\/2020\/12\/h3_rest_chef_img_gallery_4-300x300.jpg 300w, https:\/\/eldoncel.com\/wp-content\/uploads\/2020\/12\/h3_rest_chef_img_gallery_4-150x150.jpg 150w, https:\/\/eldoncel.com\/wp-content\/uploads\/2020\/12\/h3_rest_chef_img_gallery_4-100x100.jpg 100w\" sizes=\"(max-width: 550px) 100vw, 550px\" loading=\"eager\" \/>\t\t\t\t\t\t\t\t\t\t\t<\/a>\n\t\t\t\t\t\t\t\t\t<\/div>\n\t\t\t<\/div>\n\t\t\t<\/div>\n<\/div>[vc_empty_space height=\u00a0\u00bb50&Prime;][\/vc_column][\/vc_row][vc_row][vc_column]<div class=\"mkdf-testimonials-holder clearfix mkdf-testimonials-standard  mkdf-navigation-numbers mkdf-nav-outer\">\n    <div class=\"mkdf-testimonials-icon\">\n        <svg version=\"1.1\" x=\"0px\" y=\"0px\"\n            width=\"50.75px\" height=\"37.828px\" viewBox=\"0 0 50.75 37.828\" enable-background=\"new 0 0 50.75 37.828\" xml:space=\"preserve\">\n            <path fill=\"#898989\" d=\"M39.486,14.41c-0.105-1.113-0.023-4.144,2.879-8.359c0.219-0.315,0.18-0.745-0.094-1.018\n            c-1.184-1.185-1.918-1.931-2.43-2.455c-0.676-0.687-0.984-1-1.438-1.41c-0.301-0.272-0.758-0.276-1.063-0.01\n            c-5.059,4.401-10.68,13.502-9.867,24.646c0.477,6.547,5.25,11.297,11.352,11.297c6.262,0,11.355-5.094,11.355-11.355\n            C50.181,19.707,45.439,14.754,39.486,14.41L39.486,14.41z M38.826,35.5c-5.238,0-9.34-4.125-9.754-9.807v-0.006\n            c-0.918-12.533,6.535-20.68,8.789-22.835c0.219,0.22,0.469,0.474,0.84,0.849c0.445,0.453,1.055,1.073,1.977,2\n            c-3.527,5.428-2.859,9.295-2.57,9.85c0.141,0.267,0.422,0.443,0.719,0.443c5.379,0,9.754,4.375,9.754,9.752\n            C48.58,31.125,44.205,35.5,38.826,35.5L38.826,35.5z M38.826,35.5\"\/>\n            <path fill=\"#898989\" d=\"M12.68,14.41c-0.105-1.113-0.023-4.144,2.879-8.359c0.219-0.315,0.18-0.745-0.094-1.018\n            c-1.184-1.185-1.918-1.931-2.43-2.455c-0.676-0.687-0.984-1-1.438-1.41c-0.301-0.272-0.758-0.276-1.063-0.01\n            C5.477,5.56-0.145,14.66,0.668,25.805c0.477,6.547,5.25,11.297,11.352,11.297c6.262,0,11.355-5.094,11.355-11.355\n            C23.375,19.707,18.633,14.754,12.68,14.41L12.68,14.41z M12.02,35.5c-5.238,0-9.34-4.125-9.754-9.807v-0.006\n            C1.348,13.154,8.801,5.008,11.055,2.853c0.219,0.22,0.469,0.474,0.84,0.849c0.445,0.453,1.055,1.073,1.977,2\n            c-3.527,5.428-2.859,9.295-2.57,9.85c0.141,0.267,0.422,0.443,0.719,0.443c5.379,0,9.754,4.375,9.754,9.752\n            C21.773,31.125,17.398,35.5,12.02,35.5L12.02,35.5z M12.02,35.5\"\/>\n        <\/svg>\n    <\/div>\n    <div class=\"mkdf-testimonials mkdf-owl-slider\" data-number-of-items=\"1\" data-enable-loop=\"no\" data-enable-autoplay=\"no\" data-slider-speed=\"5000\" data-slider-speed-animation=\"600\" data-enable-navigation=\"no\" data-enable-pagination=\"no\">\n\n    \n            <div class=\"mkdf-testimonial-content\" id=\"mkdf-testimonials-5102\">\n                <div class=\"mkdf-testimonial-text-holder\">\n                                            <p class=\"mkdf-testimonial-text\">Une cuisine diff\u00e9rente, sp\u00e9ciale et surtout la n\u00f4tre<\/p>\n                                                                <h4 class=\"mkdf-testimonial-author\">\n                            <span class=\"mkdf-testimonials-author-name\">Enrique P\u00e9rez<\/span>\n                                                    <\/h4>\n                                    <\/div>\n                            <\/div>\n\n    \n    <\/div>\n<\/div>[\/vc_column][\/vc_row][vc_row css=\u00a0\u00bb.vc_custom_1533721367903{padding-top: 100px !important;padding-bottom: 100px !important;}\u00a0\u00bb][vc_column][vc_row_inner row_content_width=\u00a0\u00bbgrid\u00a0\u00bb enable_parallax_background_elements=\u00a0\u00bbyes\u00a0\u00bb parallax_background_elements_vertical_alignment=\u00a0\u00bbmiddle\u00a0\u00bb enable_parallax_effect=\u00a0\u00bbno\u00a0\u00bb left_parallax_background_element=\u00a0\u00bb721&Prime;][vc_column_inner width=\u00a0\u00bb1\/12&Prime; offset=\u00a0\u00bbvc_hidden-md vc_hidden-sm vc_hidden-xs\u00a0\u00bb][\/vc_column_inner][vc_column_inner offset=\u00a0\u00bbvc_col-lg-4 vc_col-md-5 vc_col-xs-12&Prime;]<div class=\"mkdf-single-image-holder    \" data-parallax=\"{&quot;y&quot;: 30, &quot;smoothness&quot;: 30}\">\n    <div class=\"mkdf-si-inner\" >\n                                    <img width=\"384\" height=\"600\" src=\"https:\/\/eldoncel.com\/wp-content\/uploads\/2020\/12\/rest_chef_content_img01.jpg\" class=\"attachment-full size-full\" alt=\"\" srcset=\"https:\/\/eldoncel.com\/wp-content\/uploads\/2020\/12\/rest_chef_content_img01.jpg 384w, https:\/\/eldoncel.com\/wp-content\/uploads\/2020\/12\/rest_chef_content_img01-192x300.jpg 192w\" sizes=\"(max-width: 384px) 100vw, 384px\" loading=\"eager\" \/>                        <\/div>\n<\/div>[\/vc_column_inner][vc_column_inner width=\u00a0\u00bb1\/12&Prime; offset=\u00a0\u00bbvc_hidden-md vc_hidden-sm vc_hidden-xs\u00a0\u00bb][\/vc_column_inner][vc_column_inner css=\u00a0\u00bb.vc_custom_1534512863336{padding-left: 0px !important;}\u00a0\u00bb offset=\u00a0\u00bbvc_col-lg-6 vc_col-md-7 vc_col-xs-12&Prime;][vc_empty_space height=\u00a0\u00bb80px\u00a0\u00bb]<div class=\"mkdf-section-title-holder  mkdf-st-standard mkdf-st-title-left mkdf-st-normal-space \" style=\"padding:0 0 15% 0;text-align: left\">\n\t<div class=\"mkdf-st-inner\">\n\t\t\t\t\t<h2 class=\"mkdf-st-title\" >\n\t\t\t\tCuisine<br \/>\t\t\t<\/h2>\n\t\t    <span class=\"mkdf-st-line\" style=\"margin: 50px 9% 0 26%; height: 120px\"><\/span>\n    <div class=\"mkdf-st-text\" style=\"margin-top: 45px;padding-right: 0\">\n        Des mains de notre chef Enrique P\u00e9rez, cette cuisine se fond en deux.[vc_empty_space height=\u00a0\u00bb30px\u00a0\u00bb]Une cuisine bas\u00e9e sur le produit local de saison \u00e9labor\u00e9 dans le plus pur style du terroir et une autre dans laquelle Enrique \u00e9tudie en profondeur les saveurs et les combinaisons en changeant le \u00ab\u00a0modus \u00e9labor\u00e9\u00a0\u00bb, donnant ainsi une cuisine cr\u00e9ative et moderne qui joue avec les produits du terroir et d&rsquo;autres produits difficiles \u00e0 trouver sur les march\u00e9s qui surprennent les go\u00fbts les plus exigeants.[vc_empty_space height=\u00a0\u00bb30px\u00a0\u00bb]L&rsquo;union des deux ouvre un \u00e9ventail de possibilit\u00e9s et se traduit par une exp\u00e9rience surprenante des saveurs et des textures.    <\/div>\n\t<\/div>\n<\/div>[\/vc_column_inner][\/vc_row_inner][\/vc_column][\/vc_row][vc_row][vc_column]<div class=\"mkdf-section-title-holder  mkdf-st-two-columns mkdf-st-title-left mkdf-st-normal-space \" style=\"padding:0 0 1% 0\">\n\t<div class=\"mkdf-st-inner\">\n\t\t\t\t\t<h2 class=\"mkdf-st-title\" >\n\t\t\t\tPlats\t\t\t<\/h2>\n\t\t    <span class=\"mkdf-st-line\" style=\"height: 80px\"><\/span>\n    <div class=\"mkdf-st-text\" style=\"margin-top: 45px;padding-right: 0\">\n            <\/div>\n\t<\/div>\n<\/div>[vc_gallery type=\u00a0\u00bbnivo\u00a0\u00bb interval=\u00a0\u00bb3&Prime; images=\u00a0\u00bb4082,4081,4080,4079,4078,4077,4076,4075,4074,4073,4072,4071,4070,4069,4068&Prime; img_size=\u00a0\u00bblarge\u00a0\u00bb onclick=\u00a0\u00bb\u00a0\u00bb css_animation=\u00a0\u00bbfadeIn\u00a0\u00bb][\/vc_column][\/vc_row]<\/p>\n","protected":false},"excerpt":{"rendered":"<p>[vc_row content_placement=\u00a0\u00bbtop\u00a0\u00bb content_text_aligment=\u00a0\u00bbcenter\u00a0\u00bb][vc_column][\/vc_column][\/vc_row][vc_row][vc_column][vc_empty_space height=\u00a0\u00bb100&Prime;][vc_text_separator title=\u00a0\u00bb\u00a0\u00bb i_icon_fontawesome=\u00a0\u00bbfar fa-circle\u00a0\u00bb i_color=\u00a0\u00bbwhite\u00a0\u00bb i_background_style=\u00a0\u00bbrounded\u00a0\u00bb i_background_color=\u00a0\u00bbcustom\u00a0\u00bb i_size=\u00a0\u00bbsm\u00a0\u00bb color=\u00a0\u00bbcustom\u00a0\u00bb add_icon=\u00a0\u00bbtrue\u00a0\u00bb accent_color=\u00a0\u00bb#f6efe5&Prime; i_custom_background_color=\u00a0\u00bb#f6efe5&Prime;][vc_empty_space height=\u00a0\u00bb50&Prime;][vc_empty_space height=\u00a0\u00bb50&Prime;][\/vc_column][\/vc_row][vc_row][vc_column][\/vc_column][\/vc_row][vc_row css=\u00a0\u00bb.vc_custom_1533721367903{padding-top: 100px !important;padding-bottom: 100px !important;}\u00a0\u00bb][vc_column][vc_row_inner row_content_width=\u00a0\u00bbgrid\u00a0\u00bb enable_parallax_background_elements=\u00a0\u00bbyes\u00a0\u00bb parallax_background_elements_vertical_alignment=\u00a0\u00bbmiddle\u00a0\u00bb enable_parallax_effect=\u00a0\u00bbno\u00a0\u00bb left_parallax_background_element=\u00a0\u00bb721&Prime;][vc_column_inner width=\u00a0\u00bb1\/12&Prime; offset=\u00a0\u00bbvc_hidden-md vc_hidden-sm vc_hidden-xs\u00a0\u00bb][\/vc_column_inner][vc_column_inner offset=\u00a0\u00bbvc_col-lg-4 vc_col-md-5 vc_col-xs-12&Prime;][\/vc_column_inner][vc_column_inner width=\u00a0\u00bb1\/12&Prime; offset=\u00a0\u00bbvc_hidden-md vc_hidden-sm vc_hidden-xs\u00a0\u00bb][\/vc_column_inner][vc_column_inner css=\u00a0\u00bb.vc_custom_1534512863336{padding-left: 0px [&hellip;]<\/p>\n","protected":false},"author":2,"featured_media":0,"parent":4692,"menu_order":0,"comment_status":"closed","ping_status":"closed","template":"full-width.php","meta":[],"_links":{"self":[{"href":"https:\/\/eldoncel.com\/fr\/wp-json\/wp\/v2\/pages\/4947"}],"collection":[{"href":"https:\/\/eldoncel.com\/fr\/wp-json\/wp\/v2\/pages"}],"about":[{"href":"https:\/\/eldoncel.com\/fr\/wp-json\/wp\/v2\/types\/page"}],"author":[{"embeddable":true,"href":"https:\/\/eldoncel.com\/fr\/wp-json\/wp\/v2\/users\/2"}],"replies":[{"embeddable":true,"href":"https:\/\/eldoncel.com\/fr\/wp-json\/wp\/v2\/comments?post=4947"}],"version-history":[{"count":6,"href":"https:\/\/eldoncel.com\/fr\/wp-json\/wp\/v2\/pages\/4947\/revisions"}],"predecessor-version":[{"id":4968,"href":"https:\/\/eldoncel.com\/fr\/wp-json\/wp\/v2\/pages\/4947\/revisions\/4968"}],"up":[{"embeddable":true,"href":"https:\/\/eldoncel.com\/fr\/wp-json\/wp\/v2\/pages\/4692"}],"wp:attachment":[{"href":"https:\/\/eldoncel.com\/fr\/wp-json\/wp\/v2\/media?parent=4947"}],"curies":[{"name":"wp","href":"https:\/\/api.w.org\/{rel}","templated":true}]}}