{"id":4959,"date":"2021-02-23T20:15:21","date_gmt":"2021-02-23T20:15:21","guid":{"rendered":"https:\/\/eldoncel.com\/le-restaurant\/sommelier"},"modified":"2021-02-23T20:15:22","modified_gmt":"2021-02-23T20:15:22","slug":"sommelier","status":"publish","type":"page","link":"https:\/\/eldoncel.com\/fr\/le-restaurant\/sommelier","title":{"rendered":"Sommelier"},"content":{"rendered":"<p>[vc_row content_placement=\u00a0\u00bbtop\u00a0\u00bb content_text_aligment=\u00a0\u00bbcenter\u00a0\u00bb][vc_column]<div class=\"mkdf-elements-holder   mkdf-two-columns  mkdf-responsive-mode-1024 \" ><div class=\"mkdf-eh-item  mkdf-vertical-alignment-top mkdf-horizontal-alignment-center \"  data-item-class=\"mkdf-eh-custom-4546\" data-1367-1600=\"0 0 0 13%\" data-1025-1366=\"0 0 0 15%\" data-769-1024=\"0 0 0 9%\" data-681-768=\"0 0 0 9%\" data-680=\"0 0 0 5%\">\n\t<div class=\"mkdf-eh-item-inner\">\n\t\t<div class=\"mkdf-eh-item-content mkdf-eh-custom-4546\" style=\"padding: 0 0 0 38%\">\n\t\t\t<div class=\"mkdf-section-title-holder  mkdf-st-standard mkdf-st-title-left mkdf-st-normal-space \" style=\"padding:0 0 15% 0;text-align: left\">\n\t<div class=\"mkdf-st-inner\">\n\t\t\t\t\t<h2 class=\"mkdf-st-title\" >\n\t\t\t\tSommelier<br \/>\t\t\t<\/h2>\n\t\t    <span class=\"mkdf-st-line\" style=\"margin: 50px 9% 0 14%; height: 120px\"><\/span>\n    <div class=\"mkdf-st-text\" style=\"margin-top: 45px;padding-right: 90px\">\n        \n<h4>Andrei Popa<\/h4>\n<h5>(Sommelier)<\/h5>\n<p>Andrei Popa a une longue histoire de plus d&rsquo;une d\u00e9cennie faisant partie de l&rsquo;\u00e9quipe du restaurant el doncel <em>el doncel<\/em>[vc_empty_space height=\u00a0\u00bb30px\u00a0\u00bb]Il \u00e9tudie <em>la gestion des services de restauration<\/em> \u00e0 la Teruel Hospitality School[vc_empty_space height=\u00a0\u00bb30px\u00a0\u00bb]Vous avez obtenu la qualification de niveau avanc\u00e9 pour les professionnels &#8211; <em>WSET nivel 3<\/em> en vin, qui vous certifie en tant que sommelier expert avec une compr\u00e9hension d\u00e9taill\u00e9e de la viticulture et de la vinification[vc_empty_space height=\u00a0\u00bb30px\u00a0\u00bb]Il \u00e9value les vins avec une pr\u00e9cision exquise, utilisant ses connaissances et son exp\u00e9rience pour expliquer en d\u00e9tail et avec confiance le style et la qualit\u00e9 de chaque vin aux convives.[vc_empty_space height=\u00a0\u00bb30px\u00a0\u00bb]C&rsquo;est un amoureux de sa profession avec un esprit d&rsquo;apprentissage et de perfectionnement infatigable[vc_empty_space height=\u00a0\u00bb30px\u00a0\u00bb]Quand il appr\u00e9cie le plus c&rsquo;est au moment o\u00f9 il transporte les convives \u00e0 chaque harmonie dans un voyage unique \u00e0 travers les vignobles, les paysages et les r\u00e9gions.[vc_empty_space height=\u00a0\u00bb30px\u00a0\u00bb]    <\/div>\n\t<\/div>\n<\/div>[vc_empty_space height=\u00a0\u00bb5&Prime;]<div class=\"mkdf-single-image-holder    mkdf-image-center\" >\n    <div class=\"mkdf-si-inner\" >\n                                    <img width=\"218\" height=\"135\" src=\"https:\/\/eldoncel.com\/wp-content\/uploads\/2021\/01\/signature_andrei_sommelier.png\" class=\"attachment-full size-full\" alt=\"\" loading=\"eager\" \/>                        <\/div>\n<\/div>[vc_empty_space height=\u00a0\u00bb70px\u00a0\u00bb]\t\t<\/div>\n\t<\/div>\n<\/div><div class=\"mkdf-eh-item  mkdf-vertical-alignment-top  \"  data-item-class=\"mkdf-eh-custom-6345\">\n\t<div class=\"mkdf-eh-item-inner\">\n\t\t<div class=\"mkdf-eh-item-content mkdf-eh-custom-6345\" style=\"padding: 0 0 0 9%\">\n\t\t\t<div class=\"mkdf-single-image-holder    \" >\n    <div class=\"mkdf-si-inner\" >\n                                    <img width=\"1100\" height=\"2000\" src=\"https:\/\/eldoncel.com\/wp-content\/uploads\/2020\/12\/rest_sommelier_andreipopa.jpg\" class=\"attachment-full size-full\" alt=\"\" srcset=\"https:\/\/eldoncel.com\/wp-content\/uploads\/2020\/12\/rest_sommelier_andreipopa.jpg 1100w, https:\/\/eldoncel.com\/wp-content\/uploads\/2020\/12\/rest_sommelier_andreipopa-165x300.jpg 165w, https:\/\/eldoncel.com\/wp-content\/uploads\/2020\/12\/rest_sommelier_andreipopa-563x1024.jpg 563w, https:\/\/eldoncel.com\/wp-content\/uploads\/2020\/12\/rest_sommelier_andreipopa-768x1396.jpg 768w, https:\/\/eldoncel.com\/wp-content\/uploads\/2020\/12\/rest_sommelier_andreipopa-845x1536.jpg 845w, https:\/\/eldoncel.com\/wp-content\/uploads\/2020\/12\/rest_sommelier_andreipopa-600x1091.jpg 600w\" sizes=\"(max-width: 1100px) 100vw, 1100px\" loading=\"eager\" \/>                        <\/div>\n<\/div>\t\t<\/div>\n\t<\/div>\n<\/div><\/div>[\/vc_column][\/vc_row][vc_row][vc_column][vc_empty_space height=\u00a0\u00bb100&Prime;][vc_text_separator title=\u00a0\u00bb\u00a0\u00bb i_icon_fontawesome=\u00a0\u00bbfas fa-wine-glass\u00a0\u00bb i_color=\u00a0\u00bbwhite\u00a0\u00bb i_background_style=\u00a0\u00bbrounded\u00a0\u00bb i_background_color=\u00a0\u00bbcustom\u00a0\u00bb i_size=\u00a0\u00bbsm\u00a0\u00bb color=\u00a0\u00bbcustom\u00a0\u00bb add_icon=\u00a0\u00bbtrue\u00a0\u00bb i_custom_background_color=\u00a0\u00bb#f6efe5&Prime; accent_color=\u00a0\u00bb#f6efe5&Prime;][vc_empty_space height=\u00a0\u00bb50&Prime;]<div class=\"mkdf-image-gallery mkdf-grid-list mkdf-grid-masonry-list mkdf-disable-bottom-space  mkdf-ig-masonry-type mkdf-four-columns mkdf-normal-space  mkdf-image-behavior-custom-link\">\n\t<div class=\"mkdf-ig-inner mkdf-outer-space mkdf-masonry-list-wrapper\">\n\t\t<div class=\"mkdf-masonry-grid-sizer\"><\/div>\n\t\t<div class=\"mkdf-masonry-grid-gutter\"><\/div>\n\t\t\t\t\t\t\t\t<div class=\"mkdf-ig-image mkdf-item-space mkdf-fixed-masonry-item mkdf-masonry-size-large-width-height\">\n\t\t\t\t<div class=\"mkdf-ig-image-inner\">\n\t\t\t\t\t\t\t\t\t\t\t<img width=\"1100\" height=\"1100\" src=\"https:\/\/eldoncel.com\/wp-content\/uploads\/2020\/12\/rest_sommelier_img_gallery_1.jpg\" class=\"attachment-full size-full\" alt=\"\" srcset=\"https:\/\/eldoncel.com\/wp-content\/uploads\/2020\/12\/rest_sommelier_img_gallery_1.jpg 1100w, https:\/\/eldoncel.com\/wp-content\/uploads\/2020\/12\/rest_sommelier_img_gallery_1-300x300.jpg 300w, https:\/\/eldoncel.com\/wp-content\/uploads\/2020\/12\/rest_sommelier_img_gallery_1-1024x1024.jpg 1024w, https:\/\/eldoncel.com\/wp-content\/uploads\/2020\/12\/rest_sommelier_img_gallery_1-150x150.jpg 150w, https:\/\/eldoncel.com\/wp-content\/uploads\/2020\/12\/rest_sommelier_img_gallery_1-768x768.jpg 768w, https:\/\/eldoncel.com\/wp-content\/uploads\/2020\/12\/rest_sommelier_img_gallery_1-650x650.jpg 650w, https:\/\/eldoncel.com\/wp-content\/uploads\/2020\/12\/rest_sommelier_img_gallery_1-600x600.jpg 600w, https:\/\/eldoncel.com\/wp-content\/uploads\/2020\/12\/rest_sommelier_img_gallery_1-100x100.jpg 100w\" sizes=\"(max-width: 1100px) 100vw, 1100px\" loading=\"eager\" \/>\t\t\t\t\t\t\t\t\t\t\t<\/a>\n\t\t\t\t\t\t\t\t\t<\/div>\n\t\t\t<\/div>\n\t\t\t\t\t\t\t\t<div class=\"mkdf-ig-image mkdf-item-space mkdf-fixed-masonry-item mkdf-masonry-size-large-height\">\n\t\t\t\t<div class=\"mkdf-ig-image-inner\">\n\t\t\t\t\t\t\t\t\t\t\t<img width=\"550\" height=\"1100\" src=\"https:\/\/eldoncel.com\/wp-content\/uploads\/2020\/12\/rest_sommelier_img_gallery_2.jpg\" class=\"attachment-attika_mikado_image_portrait size-attika_mikado_image_portrait\" alt=\"\" srcset=\"https:\/\/eldoncel.com\/wp-content\/uploads\/2020\/12\/rest_sommelier_img_gallery_2.jpg 550w, https:\/\/eldoncel.com\/wp-content\/uploads\/2020\/12\/rest_sommelier_img_gallery_2-150x300.jpg 150w, https:\/\/eldoncel.com\/wp-content\/uploads\/2020\/12\/rest_sommelier_img_gallery_2-512x1024.jpg 512w\" sizes=\"(max-width: 550px) 100vw, 550px\" loading=\"eager\" \/>\t\t\t\t\t\t\t\t\t\t\t<\/a>\n\t\t\t\t\t\t\t\t\t<\/div>\n\t\t\t<\/div>\n\t\t\t\t\t\t\t\t<div class=\"mkdf-ig-image mkdf-item-space \">\n\t\t\t\t<div class=\"mkdf-ig-image-inner\">\n\t\t\t\t\t\t\t\t\t\t\t<img width=\"550\" height=\"550\" src=\"https:\/\/eldoncel.com\/wp-content\/uploads\/2020\/12\/rest_sommelier_img_gallery_3.jpg\" class=\"attachment-full size-full\" alt=\"\" srcset=\"https:\/\/eldoncel.com\/wp-content\/uploads\/2020\/12\/rest_sommelier_img_gallery_3.jpg 550w, https:\/\/eldoncel.com\/wp-content\/uploads\/2020\/12\/rest_sommelier_img_gallery_3-300x300.jpg 300w, https:\/\/eldoncel.com\/wp-content\/uploads\/2020\/12\/rest_sommelier_img_gallery_3-150x150.jpg 150w, https:\/\/eldoncel.com\/wp-content\/uploads\/2020\/12\/rest_sommelier_img_gallery_3-100x100.jpg 100w\" sizes=\"(max-width: 550px) 100vw, 550px\" loading=\"eager\" \/>\t\t\t\t\t\t\t\t\t\t\t<\/a>\n\t\t\t\t\t\t\t\t\t<\/div>\n\t\t\t<\/div>\n\t\t\t\t\t\t\t\t<div class=\"mkdf-ig-image mkdf-item-space \">\n\t\t\t\t<div class=\"mkdf-ig-image-inner\">\n\t\t\t\t\t\t\t\t\t\t\t<img width=\"550\" height=\"550\" src=\"https:\/\/eldoncel.com\/wp-content\/uploads\/2020\/12\/rest_sommelier_img_gallery_4.jpg\" class=\"attachment-full size-full\" alt=\"\" srcset=\"https:\/\/eldoncel.com\/wp-content\/uploads\/2020\/12\/rest_sommelier_img_gallery_4.jpg 550w, https:\/\/eldoncel.com\/wp-content\/uploads\/2020\/12\/rest_sommelier_img_gallery_4-300x300.jpg 300w, https:\/\/eldoncel.com\/wp-content\/uploads\/2020\/12\/rest_sommelier_img_gallery_4-150x150.jpg 150w, https:\/\/eldoncel.com\/wp-content\/uploads\/2020\/12\/rest_sommelier_img_gallery_4-100x100.jpg 100w\" sizes=\"(max-width: 550px) 100vw, 550px\" loading=\"eager\" \/>\t\t\t\t\t\t\t\t\t\t\t<\/a>\n\t\t\t\t\t\t\t\t\t<\/div>\n\t\t\t<\/div>\n\t\t\t<\/div>\n<\/div>[vc_empty_space height=\u00a0\u00bb50&Prime;][\/vc_column][\/vc_row][vc_row][vc_column]<div class=\"mkdf-testimonials-holder clearfix mkdf-testimonials-standard  mkdf-navigation-numbers mkdf-nav-outer\">\n    <div class=\"mkdf-testimonials-icon\">\n        <svg version=\"1.1\" x=\"0px\" y=\"0px\"\n            width=\"50.75px\" height=\"37.828px\" viewBox=\"0 0 50.75 37.828\" enable-background=\"new 0 0 50.75 37.828\" xml:space=\"preserve\">\n            <path fill=\"#898989\" d=\"M39.486,14.41c-0.105-1.113-0.023-4.144,2.879-8.359c0.219-0.315,0.18-0.745-0.094-1.018\n            c-1.184-1.185-1.918-1.931-2.43-2.455c-0.676-0.687-0.984-1-1.438-1.41c-0.301-0.272-0.758-0.276-1.063-0.01\n            c-5.059,4.401-10.68,13.502-9.867,24.646c0.477,6.547,5.25,11.297,11.352,11.297c6.262,0,11.355-5.094,11.355-11.355\n            C50.181,19.707,45.439,14.754,39.486,14.41L39.486,14.41z M38.826,35.5c-5.238,0-9.34-4.125-9.754-9.807v-0.006\n            c-0.918-12.533,6.535-20.68,8.789-22.835c0.219,0.22,0.469,0.474,0.84,0.849c0.445,0.453,1.055,1.073,1.977,2\n            c-3.527,5.428-2.859,9.295-2.57,9.85c0.141,0.267,0.422,0.443,0.719,0.443c5.379,0,9.754,4.375,9.754,9.752\n            C48.58,31.125,44.205,35.5,38.826,35.5L38.826,35.5z M38.826,35.5\"\/>\n            <path fill=\"#898989\" d=\"M12.68,14.41c-0.105-1.113-0.023-4.144,2.879-8.359c0.219-0.315,0.18-0.745-0.094-1.018\n            c-1.184-1.185-1.918-1.931-2.43-2.455c-0.676-0.687-0.984-1-1.438-1.41c-0.301-0.272-0.758-0.276-1.063-0.01\n            C5.477,5.56-0.145,14.66,0.668,25.805c0.477,6.547,5.25,11.297,11.352,11.297c6.262,0,11.355-5.094,11.355-11.355\n            C23.375,19.707,18.633,14.754,12.68,14.41L12.68,14.41z M12.02,35.5c-5.238,0-9.34-4.125-9.754-9.807v-0.006\n            C1.348,13.154,8.801,5.008,11.055,2.853c0.219,0.22,0.469,0.474,0.84,0.849c0.445,0.453,1.055,1.073,1.977,2\n            c-3.527,5.428-2.859,9.295-2.57,9.85c0.141,0.267,0.422,0.443,0.719,0.443c5.379,0,9.754,4.375,9.754,9.752\n            C21.773,31.125,17.398,35.5,12.02,35.5L12.02,35.5z M12.02,35.5\"\/>\n        <\/svg>\n    <\/div>\n    <div class=\"mkdf-testimonials mkdf-owl-slider\" data-number-of-items=\"1\" data-enable-loop=\"no\" data-enable-autoplay=\"no\" data-slider-speed=\"5000\" data-slider-speed-animation=\"600\" data-enable-navigation=\"no\" data-enable-pagination=\"no\">\n\n    \n            <div class=\"mkdf-testimonial-content\" id=\"mkdf-testimonials-5098\">\n                <div class=\"mkdf-testimonial-text-holder\">\n                                            <p class=\"mkdf-testimonial-text\">Boire du vin est une exp\u00e9rience vibrante quand on comprend le paysage de la bouteille<\/p>\n                                                                <h4 class=\"mkdf-testimonial-author\">\n                            <span class=\"mkdf-testimonials-author-name\">Andrei Popa<\/span>\n                                                    <\/h4>\n                                    <\/div>\n                            <\/div>\n\n    \n    <\/div>\n<\/div>[\/vc_column][\/vc_row][vc_row css=\u00a0\u00bb.vc_custom_1533721367903{padding-top: 100px !important;padding-bottom: 100px !important;}\u00a0\u00bb][vc_column][vc_row_inner row_content_width=\u00a0\u00bbgrid\u00a0\u00bb enable_parallax_background_elements=\u00a0\u00bbyes\u00a0\u00bb parallax_background_elements_vertical_alignment=\u00a0\u00bbmiddle\u00a0\u00bb enable_parallax_effect=\u00a0\u00bbno\u00a0\u00bb left_parallax_background_element=\u00a0\u00bb721&Prime;][vc_column_inner width=\u00a0\u00bb1\/12&Prime; offset=\u00a0\u00bbvc_hidden-md vc_hidden-sm vc_hidden-xs\u00a0\u00bb][\/vc_column_inner][vc_column_inner offset=\u00a0\u00bbvc_col-lg-4 vc_col-md-5 vc_col-xs-12&Prime;]<div class=\"mkdf-single-image-holder    \" data-parallax=\"{&quot;y&quot;: 30, &quot;smoothness&quot;: 30}\">\n    <div class=\"mkdf-si-inner\" >\n                                    <img width=\"384\" height=\"576\" src=\"https:\/\/eldoncel.com\/wp-content\/uploads\/2020\/12\/rest_sommelier_content_img01.jpg\" class=\"attachment-full size-full\" alt=\"\" srcset=\"https:\/\/eldoncel.com\/wp-content\/uploads\/2020\/12\/rest_sommelier_content_img01.jpg 384w, https:\/\/eldoncel.com\/wp-content\/uploads\/2020\/12\/rest_sommelier_content_img01-200x300.jpg 200w\" sizes=\"(max-width: 384px) 100vw, 384px\" loading=\"eager\" \/>                        <\/div>\n<\/div>[\/vc_column_inner][vc_column_inner width=\u00a0\u00bb1\/12&Prime; offset=\u00a0\u00bbvc_hidden-md vc_hidden-sm vc_hidden-xs\u00a0\u00bb][\/vc_column_inner][vc_column_inner css=\u00a0\u00bb.vc_custom_1534512863336{padding-left: 0px !important;}\u00a0\u00bb offset=\u00a0\u00bbvc_col-lg-6 vc_col-md-7 vc_col-xs-12&Prime;][vc_empty_space height=\u00a0\u00bb80px\u00a0\u00bb]<div class=\"mkdf-section-title-holder  mkdf-st-standard mkdf-st-title-left mkdf-st-normal-space \" style=\"padding:0 0 15% 0;text-align: left\">\n\t<div class=\"mkdf-st-inner\">\n\t\t\t\t\t<h2 class=\"mkdf-st-title\" >\n\t\t\t\tCave<br \/>\t\t\t<\/h2>\n\t\t    <span class=\"mkdf-st-line\" style=\"margin: 50px 9% 0 26%; height: 120px\"><\/span>\n    <div class=\"mkdf-st-text\" style=\"margin-top: 45px;padding-right: 0\">\n        Le domaine <em>el doncel<\/em> dispose d&rsquo;un large \u00e9ventail de r\u00e9f\u00e9rences nationales et internationales[vc_empty_space height=\u00a0\u00bb30px\u00a0\u00bb]Parmi eux, on peut trouver quelques-unes des reliques conserv\u00e9es par la famille P\u00e9rez Ib\u00e1\u00f1ez, des bouteilles de collection uniques de brandy, cognac, anis et vermouth des ann\u00e9es 1800, 1808 et 1840[vc_empty_space height=\u00a0\u00bb30px\u00a0\u00bb]<em>El doncel<\/em> s&rsquo;engage aupr\u00e8s des petits producteurs, ces vins qui touchent notre sensibilit\u00e9, nous excitent et finalement nous s\u00e9duisent, mais sans oublier les r\u00e9gions viticoles classiques du monde et leurs producteurs avec une longue tradition \u0153nologique, ainsi que la meilleure s\u00e9lection de vins de notre r\u00e9gion.[vc_empty_space height=\u00a0\u00bb30px\u00a0\u00bb]    <\/div>\n\t<\/div>\n<\/div>[\/vc_column_inner][\/vc_row_inner][\/vc_column][\/vc_row]<\/p>\n","protected":false},"excerpt":{"rendered":"<p>[vc_row content_placement=\u00a0\u00bbtop\u00a0\u00bb content_text_aligment=\u00a0\u00bbcenter\u00a0\u00bb][vc_column][\/vc_column][\/vc_row][vc_row][vc_column][vc_empty_space height=\u00a0\u00bb100&Prime;][vc_text_separator title=\u00a0\u00bb\u00a0\u00bb i_icon_fontawesome=\u00a0\u00bbfas fa-wine-glass\u00a0\u00bb i_color=\u00a0\u00bbwhite\u00a0\u00bb i_background_style=\u00a0\u00bbrounded\u00a0\u00bb i_background_color=\u00a0\u00bbcustom\u00a0\u00bb i_size=\u00a0\u00bbsm\u00a0\u00bb color=\u00a0\u00bbcustom\u00a0\u00bb add_icon=\u00a0\u00bbtrue\u00a0\u00bb i_custom_background_color=\u00a0\u00bb#f6efe5&Prime; accent_color=\u00a0\u00bb#f6efe5&Prime;][vc_empty_space height=\u00a0\u00bb50&Prime;][vc_empty_space height=\u00a0\u00bb50&Prime;][\/vc_column][\/vc_row][vc_row][vc_column][\/vc_column][\/vc_row][vc_row css=\u00a0\u00bb.vc_custom_1533721367903{padding-top: 100px !important;padding-bottom: 100px !important;}\u00a0\u00bb][vc_column][vc_row_inner row_content_width=\u00a0\u00bbgrid\u00a0\u00bb enable_parallax_background_elements=\u00a0\u00bbyes\u00a0\u00bb parallax_background_elements_vertical_alignment=\u00a0\u00bbmiddle\u00a0\u00bb enable_parallax_effect=\u00a0\u00bbno\u00a0\u00bb left_parallax_background_element=\u00a0\u00bb721&Prime;][vc_column_inner width=\u00a0\u00bb1\/12&Prime; offset=\u00a0\u00bbvc_hidden-md vc_hidden-sm vc_hidden-xs\u00a0\u00bb][\/vc_column_inner][vc_column_inner offset=\u00a0\u00bbvc_col-lg-4 vc_col-md-5 vc_col-xs-12&Prime;][\/vc_column_inner][vc_column_inner width=\u00a0\u00bb1\/12&Prime; offset=\u00a0\u00bbvc_hidden-md vc_hidden-sm vc_hidden-xs\u00a0\u00bb][\/vc_column_inner][vc_column_inner css=\u00a0\u00bb.vc_custom_1534512863336{padding-left: 0px [&hellip;]<\/p>\n","protected":false},"author":2,"featured_media":0,"parent":4692,"menu_order":0,"comment_status":"closed","ping_status":"closed","template":"full-width.php","meta":[],"_links":{"self":[{"href":"https:\/\/eldoncel.com\/fr\/wp-json\/wp\/v2\/pages\/4959"}],"collection":[{"href":"https:\/\/eldoncel.com\/fr\/wp-json\/wp\/v2\/pages"}],"about":[{"href":"https:\/\/eldoncel.com\/fr\/wp-json\/wp\/v2\/types\/page"}],"author":[{"embeddable":true,"href":"https:\/\/eldoncel.com\/fr\/wp-json\/wp\/v2\/users\/2"}],"replies":[{"embeddable":true,"href":"https:\/\/eldoncel.com\/fr\/wp-json\/wp\/v2\/comments?post=4959"}],"version-history":[{"count":5,"href":"https:\/\/eldoncel.com\/fr\/wp-json\/wp\/v2\/pages\/4959\/revisions"}],"predecessor-version":[{"id":4964,"href":"https:\/\/eldoncel.com\/fr\/wp-json\/wp\/v2\/pages\/4959\/revisions\/4964"}],"up":[{"embeddable":true,"href":"https:\/\/eldoncel.com\/fr\/wp-json\/wp\/v2\/pages\/4692"}],"wp:attachment":[{"href":"https:\/\/eldoncel.com\/fr\/wp-json\/wp\/v2\/media?parent=4959"}],"curies":[{"name":"wp","href":"https:\/\/api.w.org\/{rel}","templated":true}]}}