{"id":4975,"date":"2021-02-23T20:33:16","date_gmt":"2021-02-23T20:33:16","guid":{"rendered":"https:\/\/eldoncel.com\/trajectoire"},"modified":"2021-02-23T20:33:18","modified_gmt":"2021-02-23T20:33:18","slug":"trajectoire","status":"publish","type":"page","link":"https:\/\/eldoncel.com\/fr\/trajectoire","title":{"rendered":"TRAJECTOIRE"},"content":{"rendered":"<p>[vc_row content_placement=\u00a0\u00bbtop\u00a0\u00bb content_text_aligment=\u00a0\u00bbcenter\u00a0\u00bb][vc_column]<div class=\"mkdf-elements-holder   mkdf-two-columns  mkdf-responsive-mode-1024 \" ><div class=\"mkdf-eh-item  mkdf-vertical-alignment-top mkdf-horizontal-alignment-center \"  data-item-class=\"mkdf-eh-custom-9443\" data-1367-1600=\"0 0 0 13%\" data-1025-1366=\"0 0 0 15%\" data-769-1024=\"0 0 7% 9%\" data-681-768=\"0 0 6% 9%\" data-680=\"0 0 10% 5%\">\n\t<div class=\"mkdf-eh-item-inner\">\n\t\t<div class=\"mkdf-eh-item-content mkdf-eh-custom-9443\" style=\"padding: 0 0 0 38%\">\n\t\t\t<div class=\"mkdf-section-title-holder  mkdf-st-standard mkdf-st-title-left mkdf-st-normal-space \" style=\"padding:0 0 15% 0;text-align: left\">\n\t<div class=\"mkdf-st-inner\">\n\t\t\t\t\t<h2 class=\"mkdf-st-title\" >\n\t\t\t\tNotre<br \/> la passion<br \/>\t\t\t<\/h2>\n\t\t    <span class=\"mkdf-st-line\" style=\"margin: 50px 9% 0 14%; height: 120px\"><\/span>\n    <div class=\"mkdf-st-text\" style=\"margin-top: 45px;padding-right: 90px\">\n        Enrique P\u00e9rez, Chef, avec son fr\u00e8re Eduardo P\u00e9rez, chef de salle, ont donn\u00e9 forme et sens au restaurant de l&rsquo;h\u00f4tel El Doncel avec diverses actions tout au long de leur carri\u00e8re.[vc_empty_space height=\u00a0\u00bb30px\u00a0\u00bb]En 2008, la \u00ab\u00a0Classe de Gastronomie\u00a0\u00bb et sa nouvelle image h\u00f4teli\u00e8re, \u00e0 la d\u00e9coration plus avant-gardiste, inaugurent un nouvel espace. Une salle polyvalente qui re\u00e7oit son premier prix de formation en 2011[vc_empty_space height=\u00a0\u00bb30px\u00a0\u00bb]En 2009, <em>el doncel Catering<\/em>, est n\u00e9, ax\u00e9 sur les \u00e9v\u00e9nements, les mariages, les communions, etc.[vc_empty_space height=\u00a0\u00bb30px\u00a0\u00bb]En 2011, ils ont \u00e9crit leur premier livre \u00ab\u00a0RESETAS\u00a0\u00bb (recettes de champignons de Sig\u00fcenza)[vc_empty_space height=\u00a0\u00bb30px\u00a0\u00bb]En 2013, ils ont ouvert \u00abFinca del Obispo\u00bb, un nouvel espace \u00e9v\u00e9nementiel sous le sceau d&rsquo;El Doncel[vc_empty_space height=\u00a0\u00bb30px\u00a0\u00bb]En 2014, ils ont pr\u00e9sent\u00e9 leur nouveau livre \u00ab\u00a0MEZCLADOS\u00a0\u00bb, avec Joaqu\u00edn Fern\u00e1ndez (champion du monde des cocktails), un livre de cocktails en harmonie avec la cuisine, o\u00f9 se m\u00ealent les meilleurs barmans et chefs nationaux[vc_empty_space height=\u00a0\u00bb30px\u00a0\u00bb]Cette m\u00eame ann\u00e9e, le restaurant El Doncel obtient son premier guide Sun in the Repsol gr\u00e2ce \u00e0 la fusion d&rsquo;une cuisine traditionnelle et innovante et d&rsquo;un travail exquis dans la salle \u00e0 manger.[vc_empty_space height=\u00a0\u00bb30px\u00a0\u00bb]En 2016, le restaurant El Doncel a augment\u00e9 la reconnaissance des r\u00e9compenses avec un deuxi\u00e8me Sol du guide Repsol[vc_empty_space height=\u00a0\u00bb30px\u00a0\u00bb]En 2017, le restaurant El Doncel de Sig\u00fcenza a obtenu sa premi\u00e8re \u00e9toile Michelin mais ce n&rsquo;est pas un hasard, un travail acharn\u00e9 et un engagement envers l&rsquo;excellence tant dans la cuisine que dans la salle \u00e0 manger ont abouti \u00e0 l&rsquo;obtention de ce pr\u00e9cieux prix.    <\/div>\n\t<\/div>\n<\/div>\t\t<\/div>\n\t<\/div>\n<\/div><div class=\"mkdf-eh-item  mkdf-vertical-alignment-top  \"  data-item-class=\"mkdf-eh-custom-1882\">\n\t<div class=\"mkdf-eh-item-inner\">\n\t\t<div class=\"mkdf-eh-item-content mkdf-eh-custom-1882\" style=\"padding: 0 0 0 9%\">\n\t\t\t<div class=\"mkdf-single-image-holder    \" >\n    <div class=\"mkdf-si-inner\" >\n                                    <img width=\"862\" height=\"1381\" src=\"https:\/\/eldoncel.com\/wp-content\/uploads\/2020\/12\/trayectoria_eldoncel_hermanos.jpg\" class=\"attachment-full size-full\" alt=\"\" srcset=\"https:\/\/eldoncel.com\/wp-content\/uploads\/2020\/12\/trayectoria_eldoncel_hermanos.jpg 862w, https:\/\/eldoncel.com\/wp-content\/uploads\/2020\/12\/trayectoria_eldoncel_hermanos-187x300.jpg 187w, https:\/\/eldoncel.com\/wp-content\/uploads\/2020\/12\/trayectoria_eldoncel_hermanos-639x1024.jpg 639w, https:\/\/eldoncel.com\/wp-content\/uploads\/2020\/12\/trayectoria_eldoncel_hermanos-768x1230.jpg 768w, https:\/\/eldoncel.com\/wp-content\/uploads\/2020\/12\/trayectoria_eldoncel_hermanos-600x961.jpg 600w\" sizes=\"(max-width: 862px) 100vw, 862px\" loading=\"eager\" \/>                        <\/div>\n<\/div>\t\t<\/div>\n\t<\/div>\n<\/div><\/div>[\/vc_column][\/vc_row][vc_row row_content_width=\u00a0\u00bbgrid\u00a0\u00bb css=\u00a0\u00bb.vc_custom_1533725150863{padding-top: 210px !important;padding-bottom: 200px !important;}\u00a0\u00bb][vc_column]<div class=\"mkdf-testimonials-holder clearfix mkdf-testimonials-standard  mkdf-navigation-numbers mkdf-nav-inner\">\n    <div class=\"mkdf-testimonials-icon\">\n        <svg version=\"1.1\" x=\"0px\" y=\"0px\"\n            width=\"50.75px\" height=\"37.828px\" viewBox=\"0 0 50.75 37.828\" enable-background=\"new 0 0 50.75 37.828\" xml:space=\"preserve\">\n            <path fill=\"#898989\" d=\"M39.486,14.41c-0.105-1.113-0.023-4.144,2.879-8.359c0.219-0.315,0.18-0.745-0.094-1.018\n            c-1.184-1.185-1.918-1.931-2.43-2.455c-0.676-0.687-0.984-1-1.438-1.41c-0.301-0.272-0.758-0.276-1.063-0.01\n            c-5.059,4.401-10.68,13.502-9.867,24.646c0.477,6.547,5.25,11.297,11.352,11.297c6.262,0,11.355-5.094,11.355-11.355\n            C50.181,19.707,45.439,14.754,39.486,14.41L39.486,14.41z M38.826,35.5c-5.238,0-9.34-4.125-9.754-9.807v-0.006\n            c-0.918-12.533,6.535-20.68,8.789-22.835c0.219,0.22,0.469,0.474,0.84,0.849c0.445,0.453,1.055,1.073,1.977,2\n            c-3.527,5.428-2.859,9.295-2.57,9.85c0.141,0.267,0.422,0.443,0.719,0.443c5.379,0,9.754,4.375,9.754,9.752\n            C48.58,31.125,44.205,35.5,38.826,35.5L38.826,35.5z M38.826,35.5\"\/>\n            <path fill=\"#898989\" d=\"M12.68,14.41c-0.105-1.113-0.023-4.144,2.879-8.359c0.219-0.315,0.18-0.745-0.094-1.018\n            c-1.184-1.185-1.918-1.931-2.43-2.455c-0.676-0.687-0.984-1-1.438-1.41c-0.301-0.272-0.758-0.276-1.063-0.01\n            C5.477,5.56-0.145,14.66,0.668,25.805c0.477,6.547,5.25,11.297,11.352,11.297c6.262,0,11.355-5.094,11.355-11.355\n            C23.375,19.707,18.633,14.754,12.68,14.41L12.68,14.41z M12.02,35.5c-5.238,0-9.34-4.125-9.754-9.807v-0.006\n            C1.348,13.154,8.801,5.008,11.055,2.853c0.219,0.22,0.469,0.474,0.84,0.849c0.445,0.453,1.055,1.073,1.977,2\n            c-3.527,5.428-2.859,9.295-2.57,9.85c0.141,0.267,0.422,0.443,0.719,0.443c5.379,0,9.754,4.375,9.754,9.752\n            C21.773,31.125,17.398,35.5,12.02,35.5L12.02,35.5z M12.02,35.5\"\/>\n        <\/svg>\n    <\/div>\n    <div class=\"mkdf-testimonials mkdf-owl-slider\" data-number-of-items=\"1\" data-enable-loop=\"yes\" data-enable-autoplay=\"yes\" data-slider-speed=\"5000\" data-slider-speed-animation=\"600\" data-enable-navigation=\"yes\" data-enable-pagination=\"yes\">\n\n    \n            <div class=\"mkdf-testimonial-content\" id=\"mkdf-testimonials-5117\">\n                <div class=\"mkdf-testimonial-text-holder\">\n                                            <p class=\"mkdf-testimonial-text\">Notre parcours continue d&#039;\u00e9voluer, modifiant de mani\u00e8re \u00e9duqu\u00e9e et raisonnable les crit\u00e8res de nos \u00e9laborations, conservant le parcours et le travail que nous avons forg\u00e9 jusqu&#039;\u00e0 aujourd&#039;hui<\/p>\n                                                                <h4 class=\"mkdf-testimonial-author\">\n                            <span class=\"mkdf-testimonials-author-name\">Enrique et Eduardo P\u00e9rez<\/span>\n                                                    <\/h4>\n                                    <\/div>\n                            <\/div>\n\n    \n            <div class=\"mkdf-testimonial-content\" id=\"mkdf-testimonials-5115\">\n                <div class=\"mkdf-testimonial-text-holder\">\n                                            <p class=\"mkdf-testimonial-text\">Conscients de l&#039;h\u00e9ritage de certaines origines, nous conservons une essence exclusive sous l&#039;impulsion d&#039;une \u00e9quipe passionn\u00e9e<\/p>\n                                                                <h4 class=\"mkdf-testimonial-author\">\n                            <span class=\"mkdf-testimonials-author-name\">Enrique et Eduardo P\u00e9rez<\/span>\n                                                    <\/h4>\n                                    <\/div>\n                            <\/div>\n\n    \n    <\/div>\n<\/div>[\/vc_column][\/vc_row]<\/p>\n","protected":false},"excerpt":{"rendered":"<p>[vc_row content_placement=\u00a0\u00bbtop\u00a0\u00bb content_text_aligment=\u00a0\u00bbcenter\u00a0\u00bb][vc_column][\/vc_column][\/vc_row][vc_row row_content_width=\u00a0\u00bbgrid\u00a0\u00bb css=\u00a0\u00bb.vc_custom_1533725150863{padding-top: 210px !important;padding-bottom: 200px !important;}\u00a0\u00bb][vc_column][\/vc_column][\/vc_row]<\/p>\n","protected":false},"author":2,"featured_media":0,"parent":0,"menu_order":0,"comment_status":"closed","ping_status":"closed","template":"full-width.php","meta":[],"_links":{"self":[{"href":"https:\/\/eldoncel.com\/fr\/wp-json\/wp\/v2\/pages\/4975"}],"collection":[{"href":"https:\/\/eldoncel.com\/fr\/wp-json\/wp\/v2\/pages"}],"about":[{"href":"https:\/\/eldoncel.com\/fr\/wp-json\/wp\/v2\/types\/page"}],"author":[{"embeddable":true,"href":"https:\/\/eldoncel.com\/fr\/wp-json\/wp\/v2\/users\/2"}],"replies":[{"embeddable":true,"href":"https:\/\/eldoncel.com\/fr\/wp-json\/wp\/v2\/comments?post=4975"}],"version-history":[{"count":5,"href":"https:\/\/eldoncel.com\/fr\/wp-json\/wp\/v2\/pages\/4975\/revisions"}],"predecessor-version":[{"id":4980,"href":"https:\/\/eldoncel.com\/fr\/wp-json\/wp\/v2\/pages\/4975\/revisions\/4980"}],"wp:attachment":[{"href":"https:\/\/eldoncel.com\/fr\/wp-json\/wp\/v2\/media?parent=4975"}],"curies":[{"name":"wp","href":"https:\/\/api.w.org\/{rel}","templated":true}]}}