{"id":4990,"date":"2021-02-23T21:15:30","date_gmt":"2021-02-23T21:15:30","guid":{"rendered":"https:\/\/eldoncel.com\/trajectoire\/equipe"},"modified":"2021-02-23T22:05:35","modified_gmt":"2021-02-23T22:05:35","slug":"equipe","status":"publish","type":"page","link":"https:\/\/eldoncel.com\/fr\/trajectoire\/equipe","title":{"rendered":"\u00c9quipe"},"content":{"rendered":"<p>[vc_row content_placement=\u00a0\u00bbtop\u00a0\u00bb enable_parallax_background_elements=\u00a0\u00bbyes\u00a0\u00bb right_parallax_background_element=\u00a0\u00bb762&Prime;][vc_column][vc_row_inner content_placement=\u00a0\u00bbmiddle\u00a0\u00bb row_content_width=\u00a0\u00bbgrid\u00a0\u00bb css=\u00a0\u00bb.vc_custom_1535380918653{padding-bottom: 40px !important;}\u00a0\u00bb][vc_column_inner offset=\u00a0\u00bbvc_col-lg-6 vc_col-md-12&Prime;]<div class=\"mkdf-section-title-holder  mkdf-st-standard mkdf-st-title-left mkdf-st-normal-space \" style=\"padding:0 0 15% 0;text-align: left\">\n\t<div class=\"mkdf-st-inner\">\n\t\t\t\t\t<h2 class=\"mkdf-st-title\" >\n\t\t\t\t\u00c9quipe<br \/>\t\t\t<\/h2>\n\t\t    <span class=\"mkdf-st-line\" style=\"margin: 50px 9% 0 14%; height: 120px\"><\/span>\n    <div class=\"mkdf-st-text\" style=\"margin-top: 45px;padding-right: 40px\">\n        Nous sommes une \u00e9quipe de personnes passionn\u00e9es par le monde de la gastronomie d\u00e9di\u00e9e \u00e0 l&rsquo;excellence, l&rsquo;hospitalit\u00e9 et une attention personnalis\u00e9e.<\/p>\n<p>Chaque membre de notre groupe se sent engag\u00e9 dans cette mission, afin de contribuer \u00e0 la cr\u00e9ation d&rsquo;exp\u00e9riences uniques, diff\u00e9rentes et inoubliables qui impactent nos clients, \u00e0 travers notre service et notre environnement.    <\/div>\n\t<\/div>\n<\/div>[vc_empty_space height=\u00a0\u00bb100px\u00a0\u00bb][\/vc_column_inner][vc_column_inner offset=\u00a0\u00bbvc_col-lg-6 vc_col-md-12&Prime; css=\u00a0\u00bb.vc_custom_1535446084271{padding-right: 0px !important;padding-left: 0px !important;}\u00a0\u00bb]<div class=\"mkdf-single-image-holder    \" >\n    <div class=\"mkdf-si-inner\" >\n                                    <img width=\"800\" height=\"450\" src=\"https:\/\/eldoncel.com\/wp-content\/uploads\/2020\/12\/equipo_eldoncel_0.png\" class=\"attachment-full size-full\" alt=\"\" srcset=\"https:\/\/eldoncel.com\/wp-content\/uploads\/2020\/12\/equipo_eldoncel_0.png 800w, https:\/\/eldoncel.com\/wp-content\/uploads\/2020\/12\/equipo_eldoncel_0-300x169.png 300w, https:\/\/eldoncel.com\/wp-content\/uploads\/2020\/12\/equipo_eldoncel_0-768x432.png 768w, https:\/\/eldoncel.com\/wp-content\/uploads\/2020\/12\/equipo_eldoncel_0-600x338.png 600w\" sizes=\"(max-width: 800px) 100vw, 800px\" loading=\"eager\" \/>                        <\/div>\n<\/div>[\/vc_column_inner][\/vc_row_inner][vc_empty_space height=\u00a0\u00bb5&Prime;][\/vc_column][\/vc_row][vc_row content_placement=\u00a0\u00bbtop\u00a0\u00bb enable_parallax_background_elements=\u00a0\u00bbyes\u00a0\u00bb left_parallax_background_element=\u00a0\u00bb762&Prime;][vc_column]<div class=\"mkdf-single-image-holder    mkdf-image-center\" >\n    <div class=\"mkdf-si-inner\" >\n                                    <img width=\"1024\" height=\"684\" src=\"https:\/\/eldoncel.com\/wp-content\/uploads\/2020\/12\/equipo_eldoncel_01.png\" class=\"attachment-full size-full\" alt=\"\" srcset=\"https:\/\/eldoncel.com\/wp-content\/uploads\/2020\/12\/equipo_eldoncel_01.png 1024w, https:\/\/eldoncel.com\/wp-content\/uploads\/2020\/12\/equipo_eldoncel_01-300x200.png 300w, https:\/\/eldoncel.com\/wp-content\/uploads\/2020\/12\/equipo_eldoncel_01-768x513.png 768w, https:\/\/eldoncel.com\/wp-content\/uploads\/2020\/12\/equipo_eldoncel_01-600x401.png 600w\" sizes=\"(max-width: 1024px) 100vw, 1024px\" loading=\"eager\" \/>                        <\/div>\n<\/div>[vc_empty_space height=\u00a0\u00bb40&Prime;][\/vc_column][\/vc_row][vc_row][vc_column][vc_empty_space height=\u00a0\u00bb15&Prime;][vc_text_separator title=\u00a0\u00bb\u00a0\u00bb i_icon_fontawesome=\u00a0\u00bbfas fa-users\u00a0\u00bb i_color=\u00a0\u00bbcustom\u00a0\u00bb i_size=\u00a0\u00bblg\u00a0\u00bb color=\u00a0\u00bbcustom\u00a0\u00bb add_icon=\u00a0\u00bbtrue\u00a0\u00bb accent_color=\u00a0\u00bb#f6efe5&Prime; i_custom_color=\u00a0\u00bb#f6efe5&Prime;][vc_empty_space height=\u00a0\u00bb25&Prime;][\/vc_column][\/vc_row][vc_row equal_height=\u00a0\u00bbyes\u00a0\u00bb content_placement=\u00a0\u00bbmiddle\u00a0\u00bb css_animation=\u00a0\u00bbappear\u00a0\u00bb enable_parallax_background_elements=\u00a0\u00bbyes\u00a0\u00bb parallax_background_elements_vertical_alignment=\u00a0\u00bbmiddle\u00a0\u00bb left_parallax_background_element=\u00a0\u00bb762&Prime; right_parallax_background_element=\u00a0\u00bb762&Prime; parallax_background_image=\u00a0\u00bb762&Prime;][vc_column][vc_row_inner content_placement=\u00a0\u00bbmiddle\u00a0\u00bb row_content_width=\u00a0\u00bbgrid\u00a0\u00bb content_text_aligment=\u00a0\u00bbcenter\u00a0\u00bb][vc_column_inner width=\u00a0\u00bb1\/3&Prime; css=\u00a0\u00bb.vc_custom_1608215458206{padding-top: 10px !important;padding-right: 60px !important;padding-left: 60px !important;}\u00a0\u00bb]<div class=\"mkdf-team-holder mkdf-team-info-on-image\">\n\t<div class=\"mkdf-team-inner\">\n\t\t\t\t\t<div class=\"mkdf-team-image\">\n                <img width=\"345\" height=\"345\" src=\"https:\/\/eldoncel.com\/wp-content\/uploads\/2020\/12\/h2_team_eduardo_img_2.png\" class=\"attachment-full size-full\" alt=\"\" srcset=\"https:\/\/eldoncel.com\/wp-content\/uploads\/2020\/12\/h2_team_eduardo_img_2.png 345w, https:\/\/eldoncel.com\/wp-content\/uploads\/2020\/12\/h2_team_eduardo_img_2-300x300.png 300w, https:\/\/eldoncel.com\/wp-content\/uploads\/2020\/12\/h2_team_eduardo_img_2-150x150.png 150w, https:\/\/eldoncel.com\/wp-content\/uploads\/2020\/12\/h2_team_eduardo_img_2-100x100.png 100w\" sizes=\"(max-width: 345px) 100vw, 345px\" loading=\"eager\" \/>\t\t\t\t<div class=\"mkdf-team-social-wrapper\">\n\t\t\t\t\t<div class=\"mkdf-team-social-outer\">\n\t\t\t\t\t\t<div class=\"mkdf-team-social-inner\">\n\t\t\t\t\t\t\t\t\t\t\t\t\t\t\t<h6 class=\"mkdf-team-name\" >Eduardo P\u00e9rez<\/h6>\n\t\t\t\t\t\t\t\t\t\t\t\t\t\t\t\t\t\t\t\t\t\t<span class=\"mkdf-team-position\" >Chef de salle<\/span>\n\t\t\t\t\t\t\t\t\t\t\t\t\t\t\t\t\t\t\t\t\t\t\t\t\t\t\t<\/div>\n\t\t\t\t\t<\/div>\n\t\t\t\t<\/div>\n\t\t\t<\/div>\n\t\t\t<\/div>\n<\/div>[\/vc_column_inner][vc_column_inner width=\u00a0\u00bb1\/3&Prime; css=\u00a0\u00bb.vc_custom_1608215470390{padding-top: 10px !important;padding-right: 60px !important;padding-left: 60px !important;}\u00a0\u00bb]<div class=\"mkdf-team-holder mkdf-team-info-on-image\">\n\t<div class=\"mkdf-team-inner\">\n\t\t\t\t\t<div class=\"mkdf-team-image\">\n                <img width=\"345\" height=\"345\" src=\"https:\/\/eldoncel.com\/wp-content\/uploads\/2020\/12\/h1_team_enrique_img_1.png\" class=\"attachment-full size-full\" alt=\"\" srcset=\"https:\/\/eldoncel.com\/wp-content\/uploads\/2020\/12\/h1_team_enrique_img_1.png 345w, https:\/\/eldoncel.com\/wp-content\/uploads\/2020\/12\/h1_team_enrique_img_1-300x300.png 300w, https:\/\/eldoncel.com\/wp-content\/uploads\/2020\/12\/h1_team_enrique_img_1-150x150.png 150w, https:\/\/eldoncel.com\/wp-content\/uploads\/2020\/12\/h1_team_enrique_img_1-100x100.png 100w\" sizes=\"(max-width: 345px) 100vw, 345px\" loading=\"eager\" \/>\t\t\t\t<div class=\"mkdf-team-social-wrapper\">\n\t\t\t\t\t<div class=\"mkdf-team-social-outer\">\n\t\t\t\t\t\t<div class=\"mkdf-team-social-inner\">\n\t\t\t\t\t\t\t\t\t\t\t\t\t\t\t<h6 class=\"mkdf-team-name\" >Enrique P\u00e9rez<\/h6>\n\t\t\t\t\t\t\t\t\t\t\t\t\t\t\t\t\t\t\t\t\t\t<span class=\"mkdf-team-position\" >Chef<\/span>\n\t\t\t\t\t\t\t\t\t\t\t\t\t\t\t\t\t\t\t\t\t\t\t\t\t\t\t<\/div>\n\t\t\t\t\t<\/div>\n\t\t\t\t<\/div>\n\t\t\t<\/div>\n\t\t\t<\/div>\n<\/div>[\/vc_column_inner][vc_column_inner width=\u00a0\u00bb1\/3&Prime; css=\u00a0\u00bb.vc_custom_1608215477747{padding-top: 10px !important;padding-right: 60px !important;padding-left: 60px !important;}\u00a0\u00bb]<div class=\"mkdf-team-holder mkdf-team-info-on-image\">\n\t<div class=\"mkdf-team-inner\">\n\t\t\t\t\t<div class=\"mkdf-team-image\">\n                <img width=\"345\" height=\"345\" src=\"https:\/\/eldoncel.com\/wp-content\/uploads\/2020\/12\/h3_team_andrei_img_3.png\" class=\"attachment-full size-full\" alt=\"Fotografia Andrei Popa Sommelier\" srcset=\"https:\/\/eldoncel.com\/wp-content\/uploads\/2020\/12\/h3_team_andrei_img_3.png 345w, https:\/\/eldoncel.com\/wp-content\/uploads\/2020\/12\/h3_team_andrei_img_3-300x300.png 300w, https:\/\/eldoncel.com\/wp-content\/uploads\/2020\/12\/h3_team_andrei_img_3-150x150.png 150w, https:\/\/eldoncel.com\/wp-content\/uploads\/2020\/12\/h3_team_andrei_img_3-100x100.png 100w\" sizes=\"(max-width: 345px) 100vw, 345px\" loading=\"eager\" \/>\t\t\t\t<div class=\"mkdf-team-social-wrapper\">\n\t\t\t\t\t<div class=\"mkdf-team-social-outer\">\n\t\t\t\t\t\t<div class=\"mkdf-team-social-inner\">\n\t\t\t\t\t\t\t\t\t\t\t\t\t\t\t<h6 class=\"mkdf-team-name\" >Andrei Popa<\/h6>\n\t\t\t\t\t\t\t\t\t\t\t\t\t\t\t\t\t\t\t\t\t\t<span class=\"mkdf-team-position\" >Sommelier<\/span>\n\t\t\t\t\t\t\t\t\t\t\t\t\t\t\t\t\t\t\t\t\t\t\t\t\t\t\t<\/div>\n\t\t\t\t\t<\/div>\n\t\t\t\t<\/div>\n\t\t\t<\/div>\n\t\t\t<\/div>\n<\/div>[\/vc_column_inner][\/vc_row_inner][\/vc_column][\/vc_row][vc_row disable_element=\u00a0\u00bbyes\u00a0\u00bb content_text_aligment=\u00a0\u00bbcenter\u00a0\u00bb css=\u00a0\u00bb.vc_custom_1609792370206{padding-top: 140px !important;padding-bottom: 35px !important;}\u00a0\u00bb][vc_column][vc_separator color=\u00a0\u00bbcustom\u00a0\u00bb accent_color=\u00a0\u00bb#f6efe5&Prime;][vc_empty_space height=\u00a0\u00bb15&Prime;][vc_row_inner content_placement=\u00a0\u00bbbottom\u00a0\u00bb row_content_width=\u00a0\u00bbgrid\u00a0\u00bb content_text_aligment=\u00a0\u00bbcenter\u00a0\u00bb][vc_column_inner offset=\u00a0\u00bbvc_col-lg-4 vc_col-md-4&Prime;]<div class=\"mkdf-section-title-holder  mkdf-st-standard mkdf-st-title-left mkdf-st-normal-space \" >\n\t<div class=\"mkdf-st-inner\">\n\t\t\t\t\t<h5 class=\"mkdf-st-title\" >\n\t\t\t\tAlberto Bravo\t\t\t<\/h5>\n\t\t    <span class=\"mkdf-st-line\" style=\"margin: 10px 0 0 50%; height: 20px\"><\/span>\n    <div class=\"mkdf-st-text\" >\n            <\/div>\n\t<\/div>\n<\/div>[vc_column_text css=\u00a0\u00bb.vc_custom_1608140757939{padding-top: 10px !important;}\u00a0\u00bb]Gestion[\/vc_column_text][vc_empty_space height=\u00a0\u00bb80px\u00a0\u00bb][\/vc_column_inner][vc_column_inner offset=\u00a0\u00bbvc_col-lg-4 vc_col-md-4&Prime;]<div class=\"mkdf-section-title-holder  mkdf-st-standard mkdf-st-title-left mkdf-st-normal-space \" >\n\t<div class=\"mkdf-st-inner\">\n\t\t\t\t\t<h5 class=\"mkdf-st-title\" >\n\t\t\t\tIsabel del R\u00edo\t\t\t<\/h5>\n\t\t    <span class=\"mkdf-st-line\" style=\"margin: 10px 0 0 50%; height: 20px\"><\/span>\n    <div class=\"mkdf-st-text\" >\n            <\/div>\n\t<\/div>\n<\/div>[vc_column_text css=\u00a0\u00bb.vc_custom_1608140197218{padding-top: 10px !important;}\u00a0\u00bb]Commis de cuisine[\/vc_column_text][vc_empty_space height=\u00a0\u00bb80px\u00a0\u00bb][\/vc_column_inner][vc_column_inner offset=\u00a0\u00bbvc_col-lg-4 vc_col-md-4&Prime;]<div class=\"mkdf-section-title-holder  mkdf-st-standard mkdf-st-title-left mkdf-st-normal-space \" >\n\t<div class=\"mkdf-st-inner\">\n\t\t\t\t\t<h5 class=\"mkdf-st-title\" >\n\t\t\t\tMioara Cosmina Ionel\t\t\t<\/h5>\n\t\t    <span class=\"mkdf-st-line\" style=\"margin: 10px 0 0 50%; height: 20px\"><\/span>\n    <div class=\"mkdf-st-text\" >\n            <\/div>\n\t<\/div>\n<\/div>[vc_column_text css=\u00a0\u00bb.vc_custom_1608140205837{padding-top: 10px !important;}\u00a0\u00bb]Commis de cuisine[\/vc_column_text][vc_empty_space height=\u00a0\u00bb80px\u00a0\u00bb][\/vc_column_inner][\/vc_row_inner][vc_row_inner row_content_width=\u00a0\u00bbgrid\u00a0\u00bb content_text_aligment=\u00a0\u00bbcenter\u00a0\u00bb][vc_column_inner offset=\u00a0\u00bbvc_col-lg-4 vc_col-md-4&Prime;]<div class=\"mkdf-section-title-holder  mkdf-st-standard mkdf-st-title-left mkdf-st-normal-space \" >\n\t<div class=\"mkdf-st-inner\">\n\t\t\t\t\t<h5 class=\"mkdf-st-title\" >\n\t\t\t\tSergio Molina\t\t\t<\/h5>\n\t\t    <span class=\"mkdf-st-line\" style=\"margin: 10px 0 0 50%; height: 20px\"><\/span>\n    <div class=\"mkdf-st-text\" >\n            <\/div>\n\t<\/div>\n<\/div>[vc_column_text css=\u00a0\u00bb.vc_custom_1608140223533{padding-top: 10px !important;}\u00a0\u00bb]Commis de cuisine[\/vc_column_text][vc_empty_space height=\u00a0\u00bb80px\u00a0\u00bb][\/vc_column_inner][vc_column_inner offset=\u00a0\u00bbvc_col-lg-4 vc_col-md-4&Prime;]<div class=\"mkdf-section-title-holder  mkdf-st-standard mkdf-st-title-left mkdf-st-normal-space \" >\n\t<div class=\"mkdf-st-inner\">\n\t\t\t\t\t<h5 class=\"mkdf-st-title\" >\n\t\t\t\tBladimiro Anciani\t\t\t<\/h5>\n\t\t    <span class=\"mkdf-st-line\" style=\"margin: 10px 0 0 50%; height: 20px\"><\/span>\n    <div class=\"mkdf-st-text\" >\n            <\/div>\n\t<\/div>\n<\/div>[vc_column_text css=\u00a0\u00bb.vc_custom_1608140603587{padding-top: 10px !important;}\u00a0\u00bb]Commis de cuisine[\/vc_column_text][vc_empty_space height=\u00a0\u00bb80px\u00a0\u00bb][\/vc_column_inner][vc_column_inner offset=\u00a0\u00bbvc_col-lg-4 vc_col-md-4&Prime;]<div class=\"mkdf-section-title-holder  mkdf-st-standard mkdf-st-title-left mkdf-st-normal-space \" >\n\t<div class=\"mkdf-st-inner\">\n\t\t\t\t\t<h5 class=\"mkdf-st-title\" >\n\t\t\t\tAdri\u00e1n Pozsar\t\t\t<\/h5>\n\t\t    <span class=\"mkdf-st-line\" style=\"margin: 10px 0 0 50%; height: 20px\"><\/span>\n    <div class=\"mkdf-st-text\" >\n            <\/div>\n\t<\/div>\n<\/div>[vc_column_text css=\u00a0\u00bb.vc_custom_1608140427707{padding-top: 10px !important;}\u00a0\u00bb]Gar\u00e7on[\/vc_column_text][vc_empty_space height=\u00a0\u00bb80px\u00a0\u00bb][\/vc_column_inner][\/vc_row_inner][vc_row_inner row_content_width=\u00a0\u00bbgrid\u00a0\u00bb content_text_aligment=\u00a0\u00bbcenter\u00a0\u00bb][vc_column_inner offset=\u00a0\u00bbvc_col-lg-4 vc_col-md-4&Prime;]<div class=\"mkdf-section-title-holder  mkdf-st-standard mkdf-st-title-left mkdf-st-normal-space \" >\n\t<div class=\"mkdf-st-inner\">\n\t\t\t\t\t<h5 class=\"mkdf-st-title\" >\n\t\t\t\tTeresa Domingo\t\t\t<\/h5>\n\t\t    <span class=\"mkdf-st-line\" style=\"margin: 10px 0 0 50%; height: 20px\"><\/span>\n    <div class=\"mkdf-st-text\" >\n            <\/div>\n\t<\/div>\n<\/div>[vc_column_text css=\u00a0\u00bb.vc_custom_1608140444302{padding-top: 10px !important;}\u00a0\u00bb]Gar\u00e7on[\/vc_column_text][vc_empty_space height=\u00a0\u00bb\u00a0\u00bb][\/vc_column_inner][vc_column_inner offset=\u00a0\u00bbvc_col-lg-4 vc_col-md-4&Prime;]<div class=\"mkdf-section-title-holder  mkdf-st-standard mkdf-st-title-left mkdf-st-normal-space \" >\n\t<div class=\"mkdf-st-inner\">\n\t\t\t\t\t<h5 class=\"mkdf-st-title\" >\n\t\t\t\tDaniel de Francisco\t\t\t<\/h5>\n\t\t    <span class=\"mkdf-st-line\" style=\"margin: 10px 0 0 50%; height: 20px\"><\/span>\n    <div class=\"mkdf-st-text\" >\n            <\/div>\n\t<\/div>\n<\/div>[vc_column_text css=\u00a0\u00bb.vc_custom_1608140412881{padding-top: 10px !important;}\u00a0\u00bb]Gar\u00e7on[\/vc_column_text][vc_empty_space height=\u00a0\u00bb\u00a0\u00bb][\/vc_column_inner][vc_column_inner offset=\u00a0\u00bbvc_col-lg-4 vc_col-md-4&Prime;]<div class=\"mkdf-section-title-holder  mkdf-st-standard mkdf-st-title-left mkdf-st-normal-space \" >\n\t<div class=\"mkdf-st-inner\">\n\t\t\t\t\t<h5 class=\"mkdf-st-title\" >\n\t\t\t\tEduard Izdrea\t\t\t<\/h5>\n\t\t    <span class=\"mkdf-st-line\" style=\"margin: 10px 0 0 50%; height: 20px\"><\/span>\n    <div class=\"mkdf-st-text\" >\n            <\/div>\n\t<\/div>\n<\/div>[vc_column_text css=\u00a0\u00bb.vc_custom_1608140427707{padding-top: 10px !important;}\u00a0\u00bb]Gar\u00e7on[\/vc_column_text][vc_empty_space height=\u00a0\u00bb\u00a0\u00bb][\/vc_column_inner][\/vc_row_inner][\/vc_column][\/vc_row][vc_row disable_element=\u00a0\u00bbyes\u00a0\u00bb css=\u00a0\u00bb.vc_custom_1606938490243{padding-bottom: 200px !important;}\u00a0\u00bb][vc_column][vc_row_inner content_placement=\u00a0\u00bbmiddle\u00a0\u00bb row_content_width=\u00a0\u00bbgrid\u00a0\u00bb][vc_column_inner offset=\u00a0\u00bbvc_col-lg-6 vc_col-md-12&Prime;]<div class=\"mkdf-section-title-holder  mkdf-st-standard mkdf-st-title-left mkdf-st-normal-space \" style=\"padding:0 0 15% 0;text-align: left\">\n\t<div class=\"mkdf-st-inner\">\n\t\t\t\t\t<h2 class=\"mkdf-st-title\" >\n\t\t\t\tOpen<br \/> job<br \/> positions\t\t\t<\/h2>\n\t\t    <span class=\"mkdf-st-line\" style=\"margin: 50px 9% 0 14%; height: 120px\"><\/span>\n    <div class=\"mkdf-st-text\" style=\"margin-top: 45px;padding-right: 30px\">\n        Lorem ipsum dolor sit amet, consectetuer adipiscing elit. Aenean commodo ligula eget dolor. Aenean massa. Cum sociis Theme natoque penatibus et magnis dis parturient montes nascetur.    <\/div>\n\t<\/div>\n<\/div>[\/vc_column_inner][vc_column_inner width=\u00a0\u00bb7\/12&Prime; css=\u00a0\u00bb.vc_custom_1535447972496{padding-right: 0px !important;padding-left: 0px !important;}\u00a0\u00bb offset=\u00a0\u00bbvc_col-lg-4 vc_col-md-7&Prime;][vc_empty_space height=\u00a0\u00bb100px\u00a0\u00bb]<div class=\"mkdf-ib \">\n\t<div class=\"mkdf-ib-content\" style=\"background-color: #f6efe6;padding: 22%\">\n\t\t\t\t<h5 class=\"mkdf-ib-title\">\n\t\tJob inquiry\t    <\/h5>\n\t\t                    <a itemprop=\"url\" href=\"mailto:work@attika.ny\">\n        \t\t<span class=\"mkdf-ib-email\" >work@attika.ny<\/span>\n                    <\/a>\n        \t    <\/div>\n<\/div>[\/vc_column_inner][vc_column_inner width=\u00a0\u00bb5\/12&Prime; css=\u00a0\u00bb.vc_custom_1535447959496{margin-top: -15px !important;margin-left: -30px !important;padding-top: 0px !important;padding-right: 0px !important;padding-left: 0px !important;}\u00a0\u00bb offset=\u00a0\u00bbvc_col-lg-2 vc_col-md-5&Prime;]<div class=\"mkdf-single-image-holder    \" >\n    <div class=\"mkdf-si-inner\" >\n                                    <img width=\"206\" height=\"254\" src=\"https:\/\/eldoncel.com\/wp-content\/uploads\/2018\/08\/kitchen-right-img-1.jpg\" class=\"attachment-full size-full\" alt=\"j\" loading=\"eager\" \/>                        <\/div>\n<\/div>[\/vc_column_inner][\/vc_row_inner][\/vc_column][\/vc_row]<\/p>\n","protected":false},"excerpt":{"rendered":"<p>[vc_row content_placement=\u00a0\u00bbtop\u00a0\u00bb enable_parallax_background_elements=\u00a0\u00bbyes\u00a0\u00bb right_parallax_background_element=\u00a0\u00bb762&Prime;][vc_column][vc_row_inner content_placement=\u00a0\u00bbmiddle\u00a0\u00bb row_content_width=\u00a0\u00bbgrid\u00a0\u00bb css=\u00a0\u00bb.vc_custom_1535380918653{padding-bottom: 40px !important;}\u00a0\u00bb][vc_column_inner offset=\u00a0\u00bbvc_col-lg-6 vc_col-md-12&Prime;][vc_empty_space height=\u00a0\u00bb100px\u00a0\u00bb][\/vc_column_inner][vc_column_inner offset=\u00a0\u00bbvc_col-lg-6 vc_col-md-12&Prime; css=\u00a0\u00bb.vc_custom_1535446084271{padding-right: 0px !important;padding-left: 0px !important;}\u00a0\u00bb][\/vc_column_inner][\/vc_row_inner][vc_empty_space height=\u00a0\u00bb5&Prime;][\/vc_column][\/vc_row][vc_row content_placement=\u00a0\u00bbtop\u00a0\u00bb enable_parallax_background_elements=\u00a0\u00bbyes\u00a0\u00bb left_parallax_background_element=\u00a0\u00bb762&Prime;][vc_column][vc_empty_space height=\u00a0\u00bb40&Prime;][\/vc_column][\/vc_row][vc_row][vc_column][vc_empty_space height=\u00a0\u00bb15&Prime;][vc_text_separator title=\u00a0\u00bb\u00a0\u00bb i_icon_fontawesome=\u00a0\u00bbfas fa-users\u00a0\u00bb i_color=\u00a0\u00bbcustom\u00a0\u00bb i_size=\u00a0\u00bblg\u00a0\u00bb color=\u00a0\u00bbcustom\u00a0\u00bb add_icon=\u00a0\u00bbtrue\u00a0\u00bb accent_color=\u00a0\u00bb#f6efe5&Prime; i_custom_color=\u00a0\u00bb#f6efe5&Prime;][vc_empty_space height=\u00a0\u00bb25&Prime;][\/vc_column][\/vc_row][vc_row equal_height=\u00a0\u00bbyes\u00a0\u00bb content_placement=\u00a0\u00bbmiddle\u00a0\u00bb css_animation=\u00a0\u00bbappear\u00a0\u00bb enable_parallax_background_elements=\u00a0\u00bbyes\u00a0\u00bb parallax_background_elements_vertical_alignment=\u00a0\u00bbmiddle\u00a0\u00bb [&hellip;]<\/p>\n","protected":false},"author":2,"featured_media":0,"parent":4975,"menu_order":0,"comment_status":"closed","ping_status":"closed","template":"full-width.php","meta":[],"_links":{"self":[{"href":"https:\/\/eldoncel.com\/fr\/wp-json\/wp\/v2\/pages\/4990"}],"collection":[{"href":"https:\/\/eldoncel.com\/fr\/wp-json\/wp\/v2\/pages"}],"about":[{"href":"https:\/\/eldoncel.com\/fr\/wp-json\/wp\/v2\/types\/page"}],"author":[{"embeddable":true,"href":"https:\/\/eldoncel.com\/fr\/wp-json\/wp\/v2\/users\/2"}],"replies":[{"embeddable":true,"href":"https:\/\/eldoncel.com\/fr\/wp-json\/wp\/v2\/comments?post=4990"}],"version-history":[{"count":3,"href":"https:\/\/eldoncel.com\/fr\/wp-json\/wp\/v2\/pages\/4990\/revisions"}],"predecessor-version":[{"id":4993,"href":"https:\/\/eldoncel.com\/fr\/wp-json\/wp\/v2\/pages\/4990\/revisions\/4993"}],"up":[{"embeddable":true,"href":"https:\/\/eldoncel.com\/fr\/wp-json\/wp\/v2\/pages\/4975"}],"wp:attachment":[{"href":"https:\/\/eldoncel.com\/fr\/wp-json\/wp\/v2\/media?parent=4990"}],"curies":[{"name":"wp","href":"https:\/\/api.w.org\/{rel}","templated":true}]}}