{"id":5001,"date":"2021-02-23T21:21:55","date_gmt":"2021-02-23T21:21:55","guid":{"rendered":"https:\/\/eldoncel.com\/trajectoire\/essence"},"modified":"2021-02-23T21:22:01","modified_gmt":"2021-02-23T21:22:01","slug":"essence","status":"publish","type":"page","link":"https:\/\/eldoncel.com\/fr\/trajectoire\/essence","title":{"rendered":"Essence"},"content":{"rendered":"<p>[vc_row content_placement=\u00a0\u00bbtop\u00a0\u00bb enable_parallax_background_elements=\u00a0\u00bbyes\u00a0\u00bb right_parallax_background_element=\u00a0\u00bb762&Prime;][vc_column][vc_row_inner content_placement=\u00a0\u00bbmiddle\u00a0\u00bb row_content_width=\u00a0\u00bbgrid\u00a0\u00bb css=\u00a0\u00bb.vc_custom_1535380918653{padding-bottom: 40px !important;}\u00a0\u00bb][vc_column_inner offset=\u00a0\u00bbvc_col-lg-6 vc_col-md-12&Prime;]<div class=\"mkdf-section-title-holder  mkdf-st-standard mkdf-st-title-left mkdf-st-normal-space \" style=\"padding:0 0 15% 0;text-align: left\">\n\t<div class=\"mkdf-st-inner\">\n\t\t\t\t\t<h2 class=\"mkdf-st-title\" >\n\t\t\t\tEssence<br \/>\t\t\t<\/h2>\n\t\t    <span class=\"mkdf-st-line\" style=\"margin: 50px 9% 0 14%; height: 120px\"><\/span>\n    <div class=\"mkdf-st-text\" style=\"margin-top: 45px;padding-right: 40px\">\n        El doncel est un projet con\u00e7u depuis sa cr\u00e9ation, qui reste jour apr\u00e8s jour en progr\u00e8s et \u00e9volution continus dans le but de cr\u00e9er des exp\u00e9riences exclusives, excitantes et inoubliables pour nos clients.<\/p>\n<p>Positionn\u00e9 sur le march\u00e9 de la gastronomie avec sa propre identit\u00e9, nous valorisons les immenses ressources naturelles de notre environnement et les pr\u00e9sentons sur sc\u00e8ne d&rsquo;une mani\u00e8re diff\u00e9rente, cr\u00e9ative et tr\u00e8s personnelle.<\/p>\n<p>Nous appr\u00e9cions ce que nous faisons \u00e0 tout moment et par cons\u00e9quent, cela nous permet d&rsquo;obtenir des r\u00e9sultats sp\u00e9ciaux dans chacune de nos pr\u00e9parations    <\/div>\n\t<\/div>\n<\/div>[vc_empty_space height=\u00a0\u00bb100px\u00a0\u00bb][\/vc_column_inner][vc_column_inner offset=\u00a0\u00bbvc_col-lg-6 vc_col-md-12&Prime; css=\u00a0\u00bb.vc_custom_1535446084271{padding-right: 0px !important;padding-left: 0px !important;}\u00a0\u00bb]<div class=\"mkdf-single-image-holder    \" >\n    <div class=\"mkdf-si-inner\" >\n                                    <img width=\"1000\" height=\"855\" src=\"https:\/\/eldoncel.com\/wp-content\/uploads\/2020\/12\/esencia_eldoncel_0.jpg\" class=\"attachment-full size-full\" alt=\"\" srcset=\"https:\/\/eldoncel.com\/wp-content\/uploads\/2020\/12\/esencia_eldoncel_0.jpg 1000w, https:\/\/eldoncel.com\/wp-content\/uploads\/2020\/12\/esencia_eldoncel_0-300x257.jpg 300w, https:\/\/eldoncel.com\/wp-content\/uploads\/2020\/12\/esencia_eldoncel_0-768x657.jpg 768w, https:\/\/eldoncel.com\/wp-content\/uploads\/2020\/12\/esencia_eldoncel_0-600x513.jpg 600w\" sizes=\"(max-width: 1000px) 100vw, 1000px\" loading=\"eager\" \/>                        <\/div>\n<\/div>[\/vc_column_inner][\/vc_row_inner][vc_row_inner row_content_width=\u00a0\u00bbgrid\u00a0\u00bb enable_parallax_background_elements=\u00a0\u00bbyes\u00a0\u00bb css=\u00a0\u00bb.vc_custom_1608404865927{padding-bottom: 30px !important;}\u00a0\u00bb left_parallax_background_element=\u00a0\u00bb762&Prime;][vc_column_inner offset=\u00a0\u00bbvc_col-lg-offset-1 vc_col-lg-10&Prime; css=\u00a0\u00bb.vc_custom_1534234226432{padding-right: 0px !important;padding-left: 0px !important;}\u00a0\u00bb]<div class=\"mkdf-single-image-holder   mkdf-image-behavior-custom-link \" >\n    <div class=\"mkdf-si-inner\" >\n        \t            <a itemprop=\"url\" href=\"http:\/\/attika.mikado-themes.com\/portfolio-item\/seasoning-time\/\" target=\"_self\">\n                                    <img width=\"1024\" height=\"684\" src=\"https:\/\/eldoncel.com\/wp-content\/uploads\/2020\/12\/esencia_eldoncel_01.jpg\" class=\"attachment-full size-full\" alt=\"\" srcset=\"https:\/\/eldoncel.com\/wp-content\/uploads\/2020\/12\/esencia_eldoncel_01.jpg 1024w, https:\/\/eldoncel.com\/wp-content\/uploads\/2020\/12\/esencia_eldoncel_01-300x200.jpg 300w, https:\/\/eldoncel.com\/wp-content\/uploads\/2020\/12\/esencia_eldoncel_01-768x513.jpg 768w, https:\/\/eldoncel.com\/wp-content\/uploads\/2020\/12\/esencia_eldoncel_01-600x401.jpg 600w\" sizes=\"(max-width: 1024px) 100vw, 1024px\" loading=\"eager\" \/>                                <\/a>\n            <\/div>\n<\/div>[\/vc_column_inner][\/vc_row_inner][vc_row_inner row_content_width=\u00a0\u00bbgrid\u00a0\u00bb enable_parallax_background_elements=\u00a0\u00bbyes\u00a0\u00bb parallax_background_elements_vertical_alignment=\u00a0\u00bbmiddle\u00a0\u00bb right_parallax_background_element=\u00a0\u00bb762&Prime;][vc_column_inner width=\u00a0\u00bb1\/12&Prime; offset=\u00a0\u00bbvc_col-lg-1 vc_hidden-md vc_hidden-sm vc_hidden-xs\u00a0\u00bb][\/vc_column_inner][vc_column_inner css=\u00a0\u00bb.vc_custom_1535445707647{padding-right: 0px !important;padding-left: 0px !important;}\u00a0\u00bb offset=\u00a0\u00bbvc_col-lg-10 vc_col-md-12 vc_col-xs-12&Prime;]<div class=\"mkdf-image-gallery mkdf-grid-list mkdf-grid-masonry-list mkdf-disable-bottom-space  mkdf-ig-masonry-type mkdf-three-columns mkdf-normal-space  mkdf-image-behavior-custom-link\">\n\t<div class=\"mkdf-ig-inner mkdf-outer-space mkdf-masonry-list-wrapper\">\n\t\t<div class=\"mkdf-masonry-grid-sizer\"><\/div>\n\t\t<div class=\"mkdf-masonry-grid-gutter\"><\/div>\n\t\t\t\t\t\t\t\t<div class=\"mkdf-ig-image mkdf-item-space mkdf-fixed-masonry-item mkdf-masonry-size-large-height\">\n\t\t\t\t<div class=\"mkdf-ig-image-inner\">\n\t\t\t\t\t\t\t\t\t\t\t<a itemprop=\"url\" class=\"mkdf-ig-custom-link\" href=\"http:\/\/attika.mikado-themes.com\/portfolio-item\/homemade-dining\/\" target=\"_self\" title=\"esencia_eldoncel_03-1024&#215;1024\">\n\t\t\t\t\t\t\t\t\t\t\t<img src=\"https:\/\/eldoncel.com\/wp-content\/uploads\/2020\/12\/esencia_eldoncel_03-1024x1024-1-e1608121360140-1300x1300.jpg\" alt=\"\" width=\"1300\" height=\"1300\" \/>\t\t\t\t\t\t\t\t\t\t\t<\/a>\n\t\t\t\t\t\t\t\t\t<\/div>\n\t\t\t<\/div>\n\t\t\t\t\t\t\t\t<div class=\"mkdf-ig-image mkdf-item-space mkdf-fixed-masonry-item mkdf-masonry-size-large-width-height\">\n\t\t\t\t<div class=\"mkdf-ig-image-inner\">\n\t\t\t\t\t\t\t\t\t\t\t<a itemprop=\"url\" class=\"mkdf-ig-custom-link\" href=\"http:\/\/attika.mikado-themes.com\/portfolio-item\/italian-kiss\/\" target=\"_self\" title=\"esencia_eldoncel_04-1024&#215;1024\">\n\t\t\t\t\t\t\t\t\t\t\t<img src=\"https:\/\/eldoncel.com\/wp-content\/uploads\/2020\/12\/esencia_eldoncel_04-1024x1024-1-1300x1300.jpg\" alt=\"\" width=\"1300\" height=\"1300\" \/>\t\t\t\t\t\t\t\t\t\t\t<\/a>\n\t\t\t\t\t\t\t\t\t<\/div>\n\t\t\t<\/div>\n\t\t\t<\/div>\n<\/div>[\/vc_column_inner][vc_column_inner width=\u00a0\u00bb1\/12&Prime; css=\u00a0\u00bb.vc_custom_1535382774510{padding-right: 0px !important;}\u00a0\u00bb offset=\u00a0\u00bbvc_col-lg-1 vc_hidden-md vc_hidden-sm vc_hidden-xs\u00a0\u00bb][\/vc_column_inner][\/vc_row_inner][vc_empty_space height=\u00a0\u00bb5&Prime;][\/vc_column][\/vc_row]<\/p>\n","protected":false},"excerpt":{"rendered":"<p>[vc_row content_placement=\u00a0\u00bbtop\u00a0\u00bb enable_parallax_background_elements=\u00a0\u00bbyes\u00a0\u00bb right_parallax_background_element=\u00a0\u00bb762&Prime;][vc_column][vc_row_inner content_placement=\u00a0\u00bbmiddle\u00a0\u00bb row_content_width=\u00a0\u00bbgrid\u00a0\u00bb css=\u00a0\u00bb.vc_custom_1535380918653{padding-bottom: 40px !important;}\u00a0\u00bb][vc_column_inner offset=\u00a0\u00bbvc_col-lg-6 vc_col-md-12&Prime;][vc_empty_space height=\u00a0\u00bb100px\u00a0\u00bb][\/vc_column_inner][vc_column_inner offset=\u00a0\u00bbvc_col-lg-6 vc_col-md-12&Prime; css=\u00a0\u00bb.vc_custom_1535446084271{padding-right: 0px !important;padding-left: 0px !important;}\u00a0\u00bb][\/vc_column_inner][\/vc_row_inner][vc_row_inner row_content_width=\u00a0\u00bbgrid\u00a0\u00bb enable_parallax_background_elements=\u00a0\u00bbyes\u00a0\u00bb css=\u00a0\u00bb.vc_custom_1608404865927{padding-bottom: 30px !important;}\u00a0\u00bb left_parallax_background_element=\u00a0\u00bb762&Prime;][vc_column_inner offset=\u00a0\u00bbvc_col-lg-offset-1 vc_col-lg-10&Prime; css=\u00a0\u00bb.vc_custom_1534234226432{padding-right: 0px !important;padding-left: 0px !important;}\u00a0\u00bb][\/vc_column_inner][\/vc_row_inner][vc_row_inner row_content_width=\u00a0\u00bbgrid\u00a0\u00bb enable_parallax_background_elements=\u00a0\u00bbyes\u00a0\u00bb parallax_background_elements_vertical_alignment=\u00a0\u00bbmiddle\u00a0\u00bb right_parallax_background_element=\u00a0\u00bb762&Prime;][vc_column_inner width=\u00a0\u00bb1\/12&Prime; offset=\u00a0\u00bbvc_col-lg-1 vc_hidden-md vc_hidden-sm [&hellip;]<\/p>\n","protected":false},"author":2,"featured_media":0,"parent":4975,"menu_order":0,"comment_status":"closed","ping_status":"closed","template":"full-width.php","meta":[],"_links":{"self":[{"href":"https:\/\/eldoncel.com\/fr\/wp-json\/wp\/v2\/pages\/5001"}],"collection":[{"href":"https:\/\/eldoncel.com\/fr\/wp-json\/wp\/v2\/pages"}],"about":[{"href":"https:\/\/eldoncel.com\/fr\/wp-json\/wp\/v2\/types\/page"}],"author":[{"embeddable":true,"href":"https:\/\/eldoncel.com\/fr\/wp-json\/wp\/v2\/users\/2"}],"replies":[{"embeddable":true,"href":"https:\/\/eldoncel.com\/fr\/wp-json\/wp\/v2\/comments?post=5001"}],"version-history":[{"count":7,"href":"https:\/\/eldoncel.com\/fr\/wp-json\/wp\/v2\/pages\/5001\/revisions"}],"predecessor-version":[{"id":5008,"href":"https:\/\/eldoncel.com\/fr\/wp-json\/wp\/v2\/pages\/5001\/revisions\/5008"}],"up":[{"embeddable":true,"href":"https:\/\/eldoncel.com\/fr\/wp-json\/wp\/v2\/pages\/4975"}],"wp:attachment":[{"href":"https:\/\/eldoncel.com\/fr\/wp-json\/wp\/v2\/media?parent=5001"}],"curies":[{"name":"wp","href":"https:\/\/api.w.org\/{rel}","templated":true}]}}