{"id":5185,"date":"2021-02-24T20:19:30","date_gmt":"2021-02-24T20:19:30","guid":{"rendered":"https:\/\/eldoncel.com\/politique-de-confidentialite"},"modified":"2021-02-24T20:19:32","modified_gmt":"2021-02-24T20:19:32","slug":"politique-de-confidentialite","status":"publish","type":"page","link":"https:\/\/eldoncel.com\/fr\/politique-de-confidentialite","title":{"rendered":"POLITIQUE DE CONFIDENTIALIT\u00c9"},"content":{"rendered":"\n<p>Nous vous souhaitons la bienvenue \u00e0 HOTEL-RESTAURANTE EL DONCEL, vous invitant \u00e0 prendre connaissance de cette Politique de Confidentialit\u00e9 afin de vous informer des modalit\u00e9s de traitement de vos donn\u00e9es personnelles et de vos droits.<\/p>\n\n<p>HOTEL-RESTAURANTE EL DONCEL attache une grande importance au respect de la vie priv\u00e9e et prend toutes les mesures n\u00e9cessaires pour garantir la confidentialit\u00e9 et la s\u00e9curit\u00e9 des donn\u00e9es personnelles des Utilisateurs.<\/p>\n\n<h5>INFORMATIONS SUPPL\u00c9MENTAIRES SUR LA PROTECTION DES DONN\u00c9ES (RGPD \/ LOPD-GDD))<\/h5>\n\n<p>R\u00e9glementations l\u00e9gales auxquelles le site est h\u00e9berg\u00e9: HOTEL-RESTAURANTE EL DONCEL a adapt\u00e9 ce site aux exigences de la loi organique 3\/2018 du 5 d\u00e9cembre, protection des donn\u00e9es personnelles et garantie des droits num\u00e9riques (LOPD-gdd). Il est \u00e9galement conforme au r\u00e8glement (UE) 2016\/679 du Parlement europ\u00e9en et du Conseil, du 27 avril 2016, relatif \u00e0 la protection des personnes physiques \u00e0 l&rsquo;\u00e9gard du traitement des donn\u00e9es \u00e0 caract\u00e8re personnel et \u00e0 la libre circulation de ces donn\u00e9es (RGPD) , ainsi qu&rsquo;avec la loi 34\/2002 du 11 juillet sur les services de la soci\u00e9t\u00e9 de l&rsquo;information et du commerce \u00e9lectronique (LSSICE).<\/p>\n\n<h5>1. RESPONSABLE DU TRAITEMENT:<\/h5>\n\n<h6>1.1 QUI EST RESPONSABLE DU TRAITEMENT?<\/h6>\n\n<p>HOTEL-RESTAURANTE EL DONCEL<br\/>Identit\u00e9 du responsable: HOSTAL EL DONCEL, S.L.<br\/>Num\u00e9ro d&rsquo;identification fiscale: B-19118603<br\/>Adresse postale: Paseo Alameda, n \u00b0 3, 19250, Sig\u00fcenza, (Guadalajara)<br\/>Adresse e-mail: eldoncel@eldoncel.com<\/p>\n\n<p>Aux fins des dispositions du RGPD et de la LOPD-gdd, la soumission ou l&rsquo;envoi par l&rsquo;utilisateur de donn\u00e9es personnelles (donn\u00e9es relatives \u00e0 des personnes identifi\u00e9es ou identifiables) via le Web et le traitement ult\u00e9rieur par nous, seront consid\u00e9r\u00e9s comme un traitement de donn\u00e9es. activit\u00e9. Les donn\u00e9es personnelles qui sont trait\u00e9es dans HOTEL-RESTAURANTE EL DONCEL proviennent des diff\u00e9rents formulaires sur le web. (formulaire de r\u00e9servation dans le restaurant et formulaire de r\u00e9servation \u00e0 l&rsquo;h\u00f4tel).<\/p>\n\n<p>HOTEL-RESTAURANTE EL DONCEL garantit \u00e0 l&rsquo;Utilisateur qu&rsquo;il a mis en \u0153uvre les mesures de s\u00e9curit\u00e9 techniques et organisationnelles appropri\u00e9es pour le traitement desdites donn\u00e9es, afin d&rsquo;assurer la confidentialit\u00e9 des informations.<\/p>\n\n<h5>2. OBJET DU TRAITEMENT ET L\u00c9GITIMATION<\/h5>\n\n<h6>2.1 DANS QUEL BUT TRAITERONS-NOUS VOS DONN\u00c9ES?<\/h6>\n\n<p>Chez HOTEL-RESTAURANTE EL DONCEL nous traitons les donn\u00e9es collect\u00e9es \u00e0 travers les diff\u00e9rents formulaires sur le web afin de:<br\/>-Gestion des r\u00e9servations par les clients pour contracter les services fournis par le responsable du traitement (h\u00f4tel, restaurant).<\/p>\n\n<p>Les donn\u00e9es fournies seront situ\u00e9es sur les serveurs g\u00e9r\u00e9s par 1 &amp; 1 INTERNET ESPA\u00d1A, S.L.U., un fournisseur de services d&rsquo;h\u00e9bergement pour HOTEL-RESTAURANTE EL DONCEL, qui sera consid\u00e9r\u00e9 comme le responsable du traitement des donn\u00e9es. Les serveurs sont situ\u00e9s sur le territoire europ\u00e9en et la soci\u00e9t\u00e9 qui les g\u00e8re offre des garanties suffisantes pour appliquer les mesures de s\u00e9curit\u00e9 requises par la r\u00e9glementation sur la protection des donn\u00e9es pour le traitement des donn\u00e9es personnelles.<\/p>\n\n<p>L&rsquo;int\u00e9ress\u00e9 sera seul responsable du remplissage des formulaires avec des informations fausses, inexactes, incompl\u00e8tes ou p\u00e9rim\u00e9es, exon\u00e9rant HOTEL-RESTAURANTE EL DONCEL de toute responsabilit\u00e9 \u00e0 cet \u00e9gard. Les utilisateurs garantissent et r\u00e9pondent, dans tous les cas, \u00e0 l&rsquo;exactitude, la validit\u00e9 et l&rsquo;authenticit\u00e9 des donn\u00e9es personnelles fournies et s&rsquo;engagent \u00e0 les tenir d\u00fbment \u00e0 jour.<\/p>\n\n<h6>2.2 QUELLE EST LA BASE L\u00c9GITIME DU TRAITEMENT DE VOS DONN\u00c9ES?<\/h6>\n\n<p>La base juridique du traitement de vos donn\u00e9es est le consentement<\/p>\n\n<p>Le traitement de vos donn\u00e9es est bas\u00e9 sur votre consentement expr\u00e8s, que vous accordez en fournissant les donn\u00e9es demand\u00e9es via les formulaires sur le Web et en cochant la case d&rsquo;acceptation de cette politique de confidentialit\u00e9.<\/p>\n\n<h6>2.3 SERA-T-IL N\u00c9CESSAIRE DE NOUS FOURNIR TOUTES VOS DONN\u00c9ES? QUE SE PASSE-T-IL SI VOUS NE NOUS FACILITEZ PAS?<\/h6>\n\n<p>Oui, il vous sera n\u00e9cessaire de nous fournir toutes les donn\u00e9es personnelles demand\u00e9es. Dans le cas o\u00f9 vous ne nous fournissez pas les donn\u00e9es demand\u00e9es, nous ne serons pas en mesure de r\u00e9pondre correctement \u00e0 votre demande.<\/p>\n\n<h6>2.4 ALLONS-NOUS PRENDRE DES D\u00c9CISIONS INDIVIDUALIS\u00c9ES AUTOMATIS\u00c9ES ET \/ OU D\u00c9VELOPPER DES PROFILS QUI PRODUISENT DES EFFETS JURIDIQUES OU VOUS AFFECTERONT SIGNIFICATIVEMENT DE FA\u00c7ON SIMILAIRE?<\/h6>\n\n<p>Non. En aucun cas, les donn\u00e9es fournies ne seront utilis\u00e9es pour la prise de d\u00e9cision automatis\u00e9e ou le profilage.<\/p>\n\n<h6>2.5 PENDANT COMBIEN DE TEMPS TRAITERONS-NOUS VOS DONN\u00c9ES?<\/h6>\n\n<p>Les donn\u00e9es personnelles fournies seront conserv\u00e9es, au moins, pendant le temps n\u00e9cessaire pour atteindre les finalit\u00e9s pour lesquelles elles ont \u00e9t\u00e9 collect\u00e9es et pour d\u00e9terminer les responsabilit\u00e9s \u00e9ventuelles pouvant d\u00e9couler de cette finalit\u00e9 et du traitement des donn\u00e9es, conform\u00e9ment aux d\u00e9lais de conservation. . prescrits par la loi ou des r\u00e8glements sp\u00e9cifiques qui peuvent \u00eatre applicables et, dans tous les cas, tant que sa suppression n&rsquo;est pas demand\u00e9e par l&rsquo;Utilisateur.<\/p>\n\n<h5>3. B\u00c9N\u00c9FICIAIRES DES MISSIONS:<\/h5>\n\n<h6>3.1 TRANSF\u00c9RERONS-NOUS VOS DONN\u00c9ES \u00c0 D&rsquo;AUTRES ENTREPRISES?<\/h6>\n\n<p>HOTEL-RESTAURANTE EL DONCEL ne transmettra vos donn\u00e9es \u00e0 aucun tiers, sauf dans les cas pr\u00e9vus par la loi.<\/p>\n\n<p>L&rsquo;Utilisateur est inform\u00e9 que, pour la bonne fourniture des services (voir, h\u00e9bergement web, support, email marketing, etc.), diff\u00e9rents prestataires contract\u00e9s par HOTEL-RESTAURANTE EL DONCEL (ceux en charge du traitement) peuvent avoir acc\u00e8s au personnel de l\u2019information n\u00e9cessaire \u00e0 l\u2019exercice de ses fonctions.<\/p>\n\n<p>Ces services fournis par des tiers sont n\u00e9cessaires au d\u00e9veloppement de l&rsquo;activit\u00e9 de HOTEL-RESTAURANTE EL DONCEL et, \u00e0 tout moment, le traitement des donn\u00e9es qu&rsquo;ils effectuent sera r\u00e9gi par un contrat qui lie le responsable vis-\u00e0-vis de HOTEL -RESTAURANTE EL DONCEL. En aucun cas, ils n&rsquo;utiliseront les informations \u00e0 d&rsquo;autres fins et ils les traiteront conform\u00e9ment aux directives stipul\u00e9es par HOTEL-RESTAURANTE EL DONCEL et \u00e0 la r\u00e9glementation en vigueur sur la protection des donn\u00e9es.<\/p>\n\n<p>HOTEL-RESTAURANTE EL DONCEL, dans son engagement en faveur de la confidentialit\u00e9 et de la protection des donn\u00e9es des Utilisateurs, ne choisira que des prestataires offrant des garanties suffisantes pour appliquer les mesures techniques et organisationnelles appropri\u00e9es, afin que le traitement soit conforme \u00e0 la l\u00e9gislation applicable en mati\u00e8re de protection des donn\u00e9es et garantir la protection des droits de l&rsquo;Utilisateur.<\/p>\n\n<h5>4. B\u00c9N\u00c9FICIAIRES DES TRANSFERTS INTERNATIONAUX:<\/h5>\n\n<h6>4.1 VOS DONN\u00c9ES PERSONNELLES SERONT-ELLES TRANSF\u00c9R\u00c9ES \u00c0 DES PAYS TIERS OU \u00c0 DES ORGANISATIONS INTERNATIONALES?<\/h6>\n\n<p>Non. En r\u00e8gle g\u00e9n\u00e9rale, les donn\u00e9es personnelles ne seront pas transf\u00e9r\u00e9es \u00e0 des pays tiers ou \u00e0 des organisations internationales. Dans le cas o\u00f9 nous serions oblig\u00e9s de le faire, HOTEL-RESTAURANTE EL DONCEL garantit \u00e0 l&rsquo;Utilisateur la mise en place de m\u00e9canismes de protection (garanties ad\u00e9quates en vigueur lors du transfert de ses donn\u00e9es hors de son pays et de l&rsquo;Espace Economique Europ\u00e9en) conform\u00e9ment \u00e0 la l\u00e9gislation applicable (articles 44 \u00e0 50 du RGPD).<\/p>\n\n<h5>5. DROITS DE LA PARTIE INT\u00c9RESS\u00c9E:<\/h5>\n\n<h6>5.1 QUELS DROITS AVEZ-VOUS CONCERNANT LE TRAITEMENT DE VOS DONN\u00c9ES?<\/h6>\n\n<p>Toute personne int\u00e9ress\u00e9e a le droit d&rsquo;obtenir la confirmation que l&rsquo;HOTEL-RESTAURANTE EL DONCEL traite ou non les donn\u00e9es personnelles qui la concernent.<\/p>\n\n<p>De m\u00eame, comme pr\u00e9vu par le RGPD (art.15-22) et la LOPD-gdd (art.12-18), nous vous informons que vous disposez des droits suivants: &#8211; Acc\u00e9der \u00e0 vos donn\u00e9es:<\/p>\n\n<p>Vous avez le droit d&rsquo;acc\u00e9der \u00e0 vos donn\u00e9es pour savoir quelles donn\u00e9es personnelles nous traitons et qui vous concernent.<\/p>\n\n<p>&#8211; Demander la rectification ou la suppression de vos donn\u00e9es: dans certaines circonstances, vous avez le droit de rectifier les donn\u00e9es personnelles inexactes qui vous concernent et qui font l&rsquo;objet d&rsquo;un traitement par nos soins ou, m\u00eame, de demander leur suppression lorsque, entre autres raisons, les donn\u00e9es n&rsquo;est plus n\u00e9cessaire aux fins pour lesquelles il a \u00e9t\u00e9 collect\u00e9.<\/p>\n\n<p>&#8211; Demander la limitation du traitement de vos donn\u00e9es: Dans certaines circonstances, vous aurez le droit de demander la limitation du traitement de vos donn\u00e9es, auquel cas nous vous informons que nous ne les conserverons que pour l&rsquo;exercice ou la d\u00e9fense de r\u00e9clamations tel que pr\u00e9vu par le RGPD et le LOPD-gdd.<\/p>\n\n<p>&#8211; A la portabilit\u00e9 de vos donn\u00e9es: Dans certaines circonstances, vous aurez le droit de recevoir les donn\u00e9es personnelles qui vous concernent, et que vous nous avez fournies, dans un format structur\u00e9, \u00e0 usage commun et de lecture m\u00e9canique, et de les transmettre \u00e0 un autre responsable du traitement.<\/p>\n\n<p>&#8211; Vous opposer au traitement de vos donn\u00e9es: Dans certaines circonstances et pour des raisons li\u00e9es \u00e0 votre situation particuli\u00e8re, vous aurez le droit de vous opposer au traitement de vos donn\u00e9es auquel cas, nous arr\u00eaterions de les traiter sauf pour des raisons l\u00e9gitimes imp\u00e9rieuses, ou l&rsquo;exercice ou la d\u00e9fense d&rsquo;\u00e9ventuelles r\u00e9clamations.<\/p>\n\n<h6>5.2 QUAND ALLONS-NOUS R\u00c9PONDRE \u00c0 VOTRE DEMANDE?<\/h6>\n\n<p>Nous r\u00e9pondrons \u00e0 vos demandes dans les plus brefs d\u00e9lais et, dans tous les cas, dans un d\u00e9lai d&rsquo;un mois \u00e0 compter de la r\u00e9ception de votre demande. Ce d\u00e9lai peut \u00eatre prolong\u00e9 de deux mois suppl\u00e9mentaires si n\u00e9cessaire, en tenant compte de la complexit\u00e9 et du nombre de demandes. Le responsable informera l&rsquo;int\u00e9ress\u00e9 de la prolongation dans le premier mois suivant la demande.<\/p>\n\n<h6>5.3 AVEZ-VOUS LE DROIT DE RETIRER VOTRE CONSENTEMENT?<\/h6>\n\n<p>L&rsquo;int\u00e9ress\u00e9 a le droit de retirer son consentement \u00e0 tout moment, sans affecter la l\u00e9galit\u00e9 du traitement bas\u00e9 sur le consentement avant son retrait.<\/p>\n\n<h6>5.4 O DEVRIEZ-VOUS ALLER POUR EXERCER VOS DROITS?<\/h6>\n\n<p>Pour exercer les droits reconnus, l&rsquo;int\u00e9ress\u00e9 peut contacter HOTEL-RESTAURANTE EL DONCEL via l&rsquo;adresse \u00e9lectronique: eldoncel@eldoncel.com ou en \u00e9crivant \u00e0 l&rsquo;adresse postale: Paseo Alameda 3, 19250, Sig\u00fcenza, (Guadalajara).<\/p>\n\n<h6>5.5 AVEZ-VOUS LE DROIT DE R\u00c9CLAMER?<\/h6>\n\n<p>Oui, vous avez, en particulier lorsque vous n&rsquo;avez pas obtenu satisfaction dans l&rsquo;exercice de vos droits, le droit de d\u00e9poser une r\u00e9clamation aupr\u00e8s de l&rsquo;autorit\u00e9 nationale de contr\u00f4le. \u00c0 ces fins, vous devez contacter l&rsquo;Agence espagnole de protection des donn\u00e9es.<\/p>\n\n<h5>6. ACCEPTATION ET CONSENTEMENT<\/h5>\n\n<p>En tant qu&rsquo;Utilisateur, vous d\u00e9clarez avoir \u00e9t\u00e9 inform\u00e9 des conditions relatives \u00e0 la protection des donn\u00e9es personnelles, en acceptant et en consentant \u00e0 leur traitement par HOTEL-RESTAURANTE EL DONCEL, de la mani\u00e8re et aux fins indiqu\u00e9es dans la pr\u00e9sente politique de confidentialit\u00e9.<\/p>\n\n<h5>7. MODIFICATION DES CONDITIONS DE LA POLITIQUE DE CONFIDENTIALIT\u00c9<\/h5>\n\n<p>HOTEL-RESTAURANTE EL DONCEL se r\u00e9serve express\u00e9ment le droit de modifier cette politique de confidentialit\u00e9 pour l&rsquo;adapter \u00e0 toute nouvelle l\u00e9gislation, jurisprudence ou de toute autre nature.<\/p>\n\n<h5>8. CONTACT<\/h5>\n\n<p>Si l&rsquo;utilisateur a des questions sur notre politique de confidentialit\u00e9, veuillez contacter eldoncel@eldoncel.com<\/p>\n\n<p>La politique de confidentialit\u00e9 a \u00e9t\u00e9 mise \u00e0 jour pour la derni\u00e8re fois le 1er f\u00e9vrier 2020.<\/p>\n","protected":false},"excerpt":{"rendered":"<p>Nous vous souhaitons la bienvenue \u00e0 HOTEL-RESTAURANTE EL DONCEL, vous invitant \u00e0 prendre connaissance de cette Politique de Confidentialit\u00e9 afin de vous informer des modalit\u00e9s de traitement de vos donn\u00e9es personnelles et de vos droits. HOTEL-RESTAURANTE EL DONCEL attache une [&hellip;]<\/p>\n","protected":false},"author":2,"featured_media":0,"parent":0,"menu_order":0,"comment_status":"closed","ping_status":"closed","template":"","meta":[],"_links":{"self":[{"href":"https:\/\/eldoncel.com\/fr\/wp-json\/wp\/v2\/pages\/5185"}],"collection":[{"href":"https:\/\/eldoncel.com\/fr\/wp-json\/wp\/v2\/pages"}],"about":[{"href":"https:\/\/eldoncel.com\/fr\/wp-json\/wp\/v2\/types\/page"}],"author":[{"embeddable":true,"href":"https:\/\/eldoncel.com\/fr\/wp-json\/wp\/v2\/users\/2"}],"replies":[{"embeddable":true,"href":"https:\/\/eldoncel.com\/fr\/wp-json\/wp\/v2\/comments?post=5185"}],"version-history":[{"count":2,"href":"https:\/\/eldoncel.com\/fr\/wp-json\/wp\/v2\/pages\/5185\/revisions"}],"predecessor-version":[{"id":5187,"href":"https:\/\/eldoncel.com\/fr\/wp-json\/wp\/v2\/pages\/5185\/revisions\/5187"}],"wp:attachment":[{"href":"https:\/\/eldoncel.com\/fr\/wp-json\/wp\/v2\/media?parent=5185"}],"curies":[{"name":"wp","href":"https:\/\/api.w.org\/{rel}","templated":true}]}}