{"id":5196,"date":"2021-02-24T23:51:16","date_gmt":"2021-02-24T23:51:16","guid":{"rendered":"https:\/\/eldoncel.com\/politique-de-cookies"},"modified":"2021-03-03T15:10:33","modified_gmt":"2021-03-03T15:10:33","slug":"politique-de-cookies","status":"publish","type":"page","link":"https:\/\/eldoncel.com\/fr\/politique-de-cookies","title":{"rendered":"POLITIQUE DE COOKIES"},"content":{"rendered":"\n<script id=\"CookieDeclaration\" src=\"https:\/\/consent.cookiebot.com\/689f198e-e6f2-4be9-9252-1d33ba051b8f\/cd.js\" type=\"text\/javascript\" async><\/script>\n\n\n\n<h5>QUE SONT LES COOKIES?<\/h5>\n\n\n\n<p>Les cookies sont des fichiers que le site Web ou l&rsquo;application que vous utilisez installent dans votre navigateur ou sur votre appareil (Smartphone, tablette ou t\u00e9l\u00e9vision connect\u00e9e) lors de votre visite des pages ou de l&rsquo;application, et ils servent \u00e0 stocker des informations sur votre visite. Comme la plupart des sites Internet, ce portail Web utilise des cookies pour:<\/p>\n\n\n\n<p>&#8211; Assurez-vous que les pages Web peuvent fonctionner correctement.<\/p>\n\n\n\n<p>&#8211; Stockez vos pr\u00e9f\u00e9rences, telles que la langue que vous avez s\u00e9lectionn\u00e9e ou la taille de la police.<\/p>\n\n\n\n<p>&#8211; Connaissez votre exp\u00e9rience de navigation.<\/p>\n\n\n\n<p>&#8211; Collectez des informations statistiques anonymes, telles que les pages que vous avez consult\u00e9es ou depuis combien de temps vous \u00eates dans nos m\u00e9dias.<\/p>\n\n\n\n<p>Les cookies ne sont associ\u00e9s qu&rsquo;\u00e0 un utilisateur anonyme et \u00e0 son ordinateur \/ appareil et ne fournissent pas de r\u00e9f\u00e9rences permettant de conna\u00eetre les donn\u00e9es personnelles. \u00c0 tout moment, vous pouvez acc\u00e9der aux param\u00e8tres de votre navigateur pour modifier et \/ ou bloquer l&rsquo;installation de cookies, sans emp\u00eacher l&rsquo;acc\u00e8s au contenu, \u00e0 l&rsquo;exception des cookies qui sont essentiels \u00e0 la fourniture du service, sans lesquels le Web ne peut pas fonctionner. Gardez \u00e0 l&rsquo;esprit dans tous les cas que, si vous modifiez et \/ ou bloquez l&rsquo;installation de Cookies, la qualit\u00e9 du fonctionnement des Services ou leur disponibilit\u00e9 peuvent \u00eatre affect\u00e9es.<\/p>\n\n\n\n<h5>TYPOLOGIE, OBJET ET FONCTIONNEMENT DES COOKIES<\/h5>\n\n\n\n<p>Les cookies, en fonction de leur permanence, peuvent \u00eatre divis\u00e9s en cookies de session ou permanents:<\/p>\n\n\n\n<p>&#8211; Cookies de session: ce sont ceux qui stockent des donn\u00e9es uniquement pendant que l&rsquo;utilisateur acc\u00e8de au site Web et une fois qu&rsquo;il est abandonn\u00e9, il ne reste pas sur le disque dur de l&rsquo;utilisateur et est donc supprim\u00e9 de l&rsquo;ordinateur.<\/p>\n\n\n\n<p>&#8211; Cookies permanents: ce sont ceux qui stockent les donn\u00e9es sur le disque dur de l&rsquo;utilisateur afin qu&rsquo;ils soient consult\u00e9s et utilis\u00e9s \u00e0 chaque fois qu&rsquo;il visite notre site Web.<\/p>\n\n\n\n<p>En fonction de l&rsquo;entit\u00e9 qui les g\u00e8re, on peut distinguer:<\/p>\n\n\n\n<p>&#8211; Cookies propres: il s&rsquo;agit de ceux qui sont envoy\u00e9s \u00e0 l&rsquo;\u00e9quipement terminal de l&rsquo;utilisateur \u00e0 partir d&rsquo;un ordinateur ou d&rsquo;un domaine g\u00e9r\u00e9 par l&rsquo;\u00e9diteur lui-m\u00eame et \u00e0 partir duquel le service demand\u00e9 par l&rsquo;utilisateur est fourni.<\/p>\n\n\n\n<p>&#8211; Cookies tiers: ce sont ceux qui sont envoy\u00e9s \u00e0 l&rsquo;\u00e9quipement terminal de l&rsquo;utilisateur \u00e0 partir d&rsquo;un ordinateur ou d&rsquo;un domaine qui n&rsquo;est pas g\u00e9r\u00e9 par l&rsquo;\u00e9diteur, mais par une autre entit\u00e9 qui traite les donn\u00e9es obtenues gr\u00e2ce aux cookies. Par exemple, Google Analytics ou Comscore.<\/p>\n\n\n\n<p>En fonction de la finalit\u00e9, les cookies peuvent \u00eatre class\u00e9s comme suit:<\/p>\n\n\n\n<p>&#8211; Cookies techniques: ce sont ceux qui permettent \u00e0 l&rsquo;utilisateur de naviguer \u00e0 travers une page Web, une plateforme ou une application et d&rsquo;utiliser les diff\u00e9rentes options ou services qui y existent, tels que, par exemple, contr\u00f4ler le trafic et la communication de donn\u00e9es, identifier la session, acc\u00e9der aux parties d&rsquo;acc\u00e8s restreint, m\u00e9moriser les \u00e9l\u00e9ments qui composent une commande, effectuer le processus d&rsquo;achat d&rsquo;une commande, faire la demande d&rsquo;inscription ou de participation \u00e0 un \u00e9v\u00e9nement, utiliser des \u00e9l\u00e9ments de s\u00e9curit\u00e9 lors de la navigation, stocker du contenu pour la diffusion de vid\u00e9os ou de son ou partager du contenu via les r\u00e9seaux sociaux.<\/p>\n\n\n\n<p>&#8211; Cookies de personnalisation: ce sont ceux qui permettent \u00e0 l&rsquo;utilisateur d&rsquo;acc\u00e9der au service avec certaines caract\u00e9ristiques g\u00e9n\u00e9rales pr\u00e9d\u00e9finies en fonction d&rsquo;une s\u00e9rie de crit\u00e8res dans le terminal de l&rsquo;utilisateur, tels que la langue, le type de navigateur par lequel l&rsquo;utilisateur acc\u00e8de au service, les param\u00e8tres r\u00e9gionaux d&rsquo;o\u00f9 vous acc\u00e9dez au service, etc.<\/p>\n\n\n\n<p>&#8211; Cookies d&rsquo;analyse: ce sont ceux qui permettent \u00e0 leur responsable de surveiller et d&rsquo;analyser le comportement des utilisateurs des sites Web auxquels ils sont li\u00e9s. Les informations collect\u00e9es via ce type de cookies sont utilis\u00e9es pour mesurer l&rsquo;activit\u00e9 des sites Web, de l&rsquo;application ou de la plate-forme et pour cr\u00e9er des profils de navigation des utilisateurs desdits sites, applications et plates-formes, afin d&rsquo;introduire des am\u00e9liorations en fonction de l&rsquo;analyse de l&rsquo;utilisation donn\u00e9es r\u00e9alis\u00e9es par les utilisateurs du service.<\/p>\n\n\n\n<p>&#8211; Cookies publicitaires: ce sont ceux qui permettent la gestion, de la mani\u00e8re la plus efficace possible, des espaces publicitaires que, le cas \u00e9ch\u00e9ant, l&rsquo;\u00e9diteur a inclus dans une page Web, une application ou une plateforme \u00e0 partir de laquelle le service demand\u00e9 est fourni en fonction de crit\u00e8res comme le contenu modifi\u00e9 ou la fr\u00e9quence \u00e0 laquelle les annonces sont diffus\u00e9es.<\/p>\n\n\n\n<p>&#8211; Cookies de publicit\u00e9 comportementale: ce sont ceux qui permettent la gestion, de la mani\u00e8re la plus efficace possible, des espaces publicitaires que, le cas \u00e9ch\u00e9ant, l&rsquo;\u00e9diteur a inclus dans une page Web, une application ou une plateforme \u00e0 partir de laquelle le service demand\u00e9 est fourni. Ces cookies stockent des informations sur le comportement des utilisateurs obtenues gr\u00e2ce \u00e0 l&rsquo;observation continue de leurs habitudes de navigation, ce qui permet le d\u00e9veloppement d&rsquo;un profil sp\u00e9cifique pour afficher des publicit\u00e9s bas\u00e9es sur celui-ci.<\/p>\n\n\n\n<p>&#8211; Les cookies des r\u00e9seaux sociaux externes: ce sont ceux qui sont utilis\u00e9s pour permettre aux visiteurs d&rsquo;interagir avec le contenu des diff\u00e9rentes plateformes sociales (Facebook, Youtube, Twitter, Linkedin, etc.) et qui sont g\u00e9n\u00e9r\u00e9s uniquement pour les utilisateurs desdits r\u00e9seaux sociaux. Les conditions d&rsquo;utilisation de ces cookies et les informations collect\u00e9es sont r\u00e9glement\u00e9es dans la politique de confidentialit\u00e9 de la plateforme sociale correspondante.<\/p>\n\n\n\n<h5>COOKIES UTILIS\u00c9S SUR CE SITE WEB<\/h5>\n\n\n\n<p>En suivant les directives de l&rsquo;Agence espagnole de protection des donn\u00e9es, nous proc\u00e9dons au d\u00e9tail de l&rsquo;utilisation des cookies effectu\u00e9s par ce site Web afin de vous informer le plus pr\u00e9cis\u00e9ment possible. Ce site Web utilise les cookies suivants:<\/p>\n\n\n\n<h6>COOKIES N\u00c9CESSAIRES:<\/h6>\n\n\n\n<p>Les cookies n\u00e9cessaires aident \u00e0 rendre une page Web utilisable en activant des fonctions de base telles que la navigation de page et l&rsquo;acc\u00e8s \u00e0 des zones s\u00e9curis\u00e9es de la page Web. Le site Web ne peut pas fonctionner correctement sans ces cookies.<\/p>\n\n\n\n<p>Nom: CookieConsent<br>Domaine: eldoncel.com<br>Dur\u00e9e: 1 an<br>Objectif: stocke le statut de consentement de l&rsquo;utilisateur aux cookies pour le domaine actuel<\/p>\n\n\n\n<p>Nom: local_storage_support_test<br>Domaine: twitter.com<br>Dur\u00e9e: persistante<br>Objectif: le cookie est utilis\u00e9 en relation avec la fonction de stockage local dans le navigateur. Cette fonctionnalit\u00e9 permet au Web de se charger plus rapidement en pr\u00e9chargeant certaines proc\u00e9dures.<\/p>\n\n\n\n<p>Nom: PHPSESSID<br>Domaine: bodas.net<br>Domaine: weddings.net<br>Dur\u00e9e: Session Objectif: Il pr\u00e9serve les \u00e9tats des utilisateurs dans toutes les requ\u00eates de la page.<\/p>\n\n\n\n<p>Nom: PHPSESSID<br>Domaine: cdn1.bodas.net<br>Dur\u00e9e: Session<br>Objectif: Il pr\u00e9serve les \u00e9tats des utilisateurs dans toutes les requ\u00eates de la page.<\/p>\n\n\n\n<h6>COOKIES DE PR\u00c9F\u00c9RENCE:<\/h6>\n\n\n\n<p>Les cookies de pr\u00e9f\u00e9rence permettent au site Web de m\u00e9moriser des informations qui modifient le comportement de la page ou son apparence, telles que votre langue pr\u00e9f\u00e9r\u00e9e ou la r\u00e9gion dans laquelle vous vous trouvez.<\/p>\n\n\n\n<p>Nom: lang<br>Domaine: cdn.syndication.twimg.com<br>Dur\u00e9e: Session<br>Objectif: m\u00e9moriser la langue s\u00e9lectionn\u00e9e par un utilisateur avec laquelle afficher une page Web<\/p>\n\n\n\n<h6>COOKIES STATISTIQUES:<\/h6>\n\n\n\n<p>Les cookies statistiques aident les propri\u00e9taires de pages Web \u00e0 comprendre comment les visiteurs interagissent avec les pages Web en collectant et en fournissant des informations de mani\u00e8re anonyme.<\/p>\n\n\n\n<p>Nom: personalization_id<br>Domaine: twitter.com<br>Dur\u00e9e: 2 ans<br>Objectif: d\u00e9fini par Twitter &#8211; Le cookie permet au visiteur de partager du contenu Web sur son profil Twitter.<\/p>\n\n\n\n<h6>COOKIES DE MARKETING:<\/h6>\n\n\n\n<p>Les cookies marketing sont utilis\u00e9s pour suivre les visiteurs sur les pages Web. L&rsquo;intention est de diffuser des annonces pertinentes et attrayantes pour l&rsquo;utilisateur individuel, et donc plus pr\u00e9cieuses pour les \u00e9diteurs et les annonceurs tiers.<\/p>\n\n\n\n<p>Nom: __widgetsettings<br>Domaine: twitter.com<br>Dur\u00e9e: persistante<br>Objectif: d\u00e9fini par Twitter &#8211; Le cookie permet au visiteur de partager du contenu Web sur son profil Twitter.<\/p>\n\n\n\n<p>Nom: GPS<br>Domaine: youtube.com<br>Dur\u00e9e: 1 jour<br>Objectif: enregistre un identifiant unique sur les appareils mobiles pour permettre le suivi en fonction de l&#8217;emplacement g\u00e9ographique par GPS.<\/p>\n\n\n\n<p>Nom: guest_id<br>Domaine: youtube.comtwitter.com<br>Dur\u00e9e: 2 ans<br>Finalit\u00e9: Collecte des donn\u00e9es relatives aux visites de l&rsquo;utilisateur sur le site Web, telles que le nombre de visites, le temps moyen pass\u00e9 sur le site Web et les pages charg\u00e9es, dans le but de personnaliser et d&rsquo;am\u00e9liorer le service Twitter.<\/p>\n\n\n\n<p>Nom: IDE<br>Domaine: doubleclick.net<br>Dur\u00e9e: 1 an<br>Objectif: utilis\u00e9 par Google DoubleClick pour enregistrer et rendre compte des actions des utilisateurs sur le site Web apr\u00e8s avoir consult\u00e9 ou cliqu\u00e9 sur l&rsquo;une des annonces de l&rsquo;annonceur dans le but de mesurer l&rsquo;efficacit\u00e9 d&rsquo;une annonce et de pr\u00e9senter des annonces sp\u00e9cifiques \u00e0 l&rsquo;utilisateur.<\/p>\n\n\n\n<p>Nom: test_cookie<br>Domaine: doubleclick.net<br>Dur\u00e9e: 1 jour<br>Objectif: utilis\u00e9 pour v\u00e9rifier si le navigateur de l&rsquo;utilisateur prend en charge les cookies.<\/p>\n\n\n\n<p>Nom: VISITOR_INFO1_LIVE<br>Domaine: youtube.com<br>Dur\u00e9e: 179 jours Dur\u00e9e: 179 jours Objectif: essayez de calculer la bande passante utilisateur sur les pages contenant des vid\u00e9os YouTube int\u00e9gr\u00e9es. Nom: YSC Domaine: youtube.com Dur\u00e9e: Session Objectif: enregistre une identification unique pour conserver des statistiques sur les vid\u00e9os YouTube que l&rsquo;utilisateur a vues. Nom: yt-remote-cast-installed Domaine: youtube.com Dur\u00e9e: Session Objectif: enregistre les pr\u00e9f\u00e9rences du lecteur vid\u00e9o de l&rsquo;utilisateur lors du visionnage de vid\u00e9os YouTube int\u00e9gr\u00e9es. Nom: yt-remote-connected-devic<br>Dur\u00e9e: 179 jours Objectif: essayez de calculer la bande passante utilisateur sur les pages contenant des vid\u00e9os YouTube int\u00e9gr\u00e9es.<\/p>\n\n\n\n<p>Nom: YSC<br>Domaine: youtube.com<br>Dur\u00e9e: Session<br>Objectif: enregistre une identification unique pour conserver des statistiques sur les vid\u00e9os YouTube que l&rsquo;utilisateur a vues.<\/p>\n\n\n\n<p>Nom: yt-remote-cast-installed<br>Domaine: youtube.com<br>Dur\u00e9e: Session<br>Objectif: enregistre les pr\u00e9f\u00e9rences du lecteur vid\u00e9o de l&rsquo;utilisateur lors du visionnage de vid\u00e9os YouTube int\u00e9gr\u00e9es.<\/p>\n\n\n\n<p>Nom: yt-remote-connected-devices<br>Domaine: youtube.com<br>Dur\u00e9e: persistante<br>Objectif: enregistre les pr\u00e9f\u00e9rences du lecteur vid\u00e9o de l&rsquo;utilisateur lors du visionnage de vid\u00e9os YouTube int\u00e9gr\u00e9es.<\/p>\n\n\n\n<p>Name: yt-remote-device-id<br>Domaine: youtube.com<br>Dur\u00e9e: persistante<br>Objectif: enregistre les pr\u00e9f\u00e9rences du lecteur vid\u00e9o de l&rsquo;utilisateur lors du visionnage de vid\u00e9os YouTube int\u00e9gr\u00e9es.<\/p>\n\n\n\n<p>Name: yt-remote-fast-check-period<br>Domaine: youtube.com<br>Dur\u00e9e: Session<br>Objectif: enregistre les pr\u00e9f\u00e9rences du lecteur vid\u00e9o de l&rsquo;utilisateur lors du visionnage de vid\u00e9os YouTube int\u00e9gr\u00e9es.<\/p>\n\n\n\n<p>Name: yt-remote-session-app<br>Domaine: youtube.com<br>Dur\u00e9e: Session<br>Objectif: enregistre les pr\u00e9f\u00e9rences du lecteur vid\u00e9o de l&rsquo;utilisateur lors du visionnage de vid\u00e9os YouTube int\u00e9gr\u00e9es.<\/p>\n\n\n\n<p>Name: yt-remote-session-name<br>Domaine: youtube.com<br>Dur\u00e9e: Session<br>Objectif: enregistre les pr\u00e9f\u00e9rences du lecteur vid\u00e9o de l&rsquo;utilisateur lors du visionnage de vid\u00e9os YouTube int\u00e9gr\u00e9es.<\/p>\n\n\n\n<h5>LEGITIMATION FOR THE USE OF COOKIES<\/h5>\n\n\n\n<p>Dans le cas des cookies techniques, c&rsquo;est-\u00e0-dire ceux qui sont essentiels pour naviguer sur ce site Web et recevoir le service propos\u00e9 par son interm\u00e9diaire, la base juridique de leur utilisation est l&rsquo;accord par lequel l&rsquo;utilisateur d\u00e9cide de visiter ce site Web et d&rsquo;utiliser ses services.<\/p>\n\n\n\n<p>La base l\u00e9gale pour l&rsquo;utilisation du reste des cookies est le consentement de l&rsquo;utilisateur, qui est demand\u00e9 au moment de l&rsquo;acc\u00e8s \u00e0 ce site Web, et peut \u00eatre r\u00e9voqu\u00e9 \u00e0 tout moment. Le retrait dudit consentement n&rsquo;affectera pas la possibilit\u00e9 de naviguer sur ce site et d&rsquo;utiliser ses services, mais le traitement des donn\u00e9es effectu\u00e9 pr\u00e9c\u00e9demment ne perdra pas sa l\u00e9galit\u00e9 du fait que le consentement a \u00e9t\u00e9 r\u00e9voqu\u00e9.<\/p>\n\n\n\n<h5>TRANSFERTS DE DONN\u00c9ES PERSONNELLES VERS DES PAYS TIERS OU DES ORGANISATIONS INTERNATIONALES<\/h5>\n\n\n\n<p>Comme stipul\u00e9 dans la r\u00e9glementation en vigueur sur la protection des donn\u00e9es, aux art. 44 \u00e0 50 du RGPD, ainsi que dans les Arts . 40 \u00e0 43 de la LOPD, nous entendons par transfert international de donn\u00e9es les activit\u00e9s qui impliquent le traitement de donn\u00e9es \u00e0 caract\u00e8re personnel effectu\u00e9 dans le cadre des activit\u00e9s d&rsquo;\u00e9tablissements dans plus d&rsquo;un \u00c9tat membre d&rsquo;une personne responsable ou d&rsquo;un sous-traitant dans l&rsquo;Union, si le responsable du traitement ou le sous-traitant est \u00e9tabli dans plus d&rsquo;un \u00c9tat membre, ainsi que le traitement des donn\u00e9es \u00e0 caract\u00e8re personnel effectu\u00e9 dans le cadre des activit\u00e9s d&rsquo;un seul \u00e9tablissement d&rsquo;un responsable du traitement ou d&rsquo;un sous-traitant dans l&rsquo;Union, mais qui affecte substantiellement ou est susceptible de affectent substantiellement les personnes concern\u00e9es dans plusieurs \u00c9tats membres.<\/p>\n\n\n\n<p>Tant le RGPD que le LOPD-gdd \u00e9tablissent que les transferts internationaux de donn\u00e9es ne peuvent \u00eatre effectu\u00e9s que si le responsable ou le responsable du traitement peut garantir que le niveau de protection des donn\u00e9es est garanti par:<\/p>\n\n\n\n<p>&#8211; D\u00e9cision d&rsquo;ad\u00e9quation prise par la commission de l&rsquo;Union europ\u00e9enne (art. 45 RGPD).<\/p>\n\n\n\n<p>&#8211; Des garanties ad\u00e9quates de protection des donn\u00e9es. (Art. 46 RGPD)<\/p>\n\n\n\n<p>&#8211; R\u00e8gles d&rsquo;entreprise contraignantes (art. 47 RGPD)<\/p>\n\n\n\n<p>Si vous souhaitez plus d&rsquo;informations sur eux et leurs conditions, vous pouvez visiter le lien suivant: <a target=\"_blank\" href=\"https:\/\/www.aepd.es\/es\/derechos-ydeberes\/cumple-tus-deberes\/medidas-de-cumplimiento\/transferenciasinternacionales\" rel=\"noreferrer noopener\">https:\/\/www.aepd.es\/es\/derechos-ydeberes\/cumple-tus-deberes\/medidas-de-cumplimiento\/transferenciainternacionales.<\/a><\/p>\n\n\n\n<p>Effectuer un transfert international de donn\u00e9es sans respecter les exigences applicables en vertu de l&rsquo;art. 83.5.c RGPD, impliquerait une infraction qui, dans le cas d&rsquo;une entreprise, pourrait \u00eatre sanctionn\u00e9e par une amende administrative (\u00e9conomique) pour le responsable du traitement du secteur priv\u00e9 de vingt millions d&rsquo;euros (20000000 \u20ac) ou un un montant \u00e9quivalent au maximum \u00e0 4% du volume d&rsquo;affaires global annuel total de l&rsquo;exercice pr\u00e9c\u00e9dent, en optant pour le montant le plus \u00e9lev\u00e9.<\/p>\n\n\n\n<h5>EXERCICE DES DROITS RELATIF \u00c0 L&rsquo;UTILISATION DE COOKIES SUR CE SITE WEB<\/h5>\n\n\n\n<p>Conform\u00e9ment \u00e0 la r\u00e9glementation en vigueur sur la protection des donn\u00e9es (RGPD \/ LOPDgdd), toute personne a le droit d&rsquo;obtenir la confirmation du traitement ou non des donn\u00e9es personnelles la concernant. De m\u00eame, dans les conditions l\u00e9galement \u00e9tablies, les personnes int\u00e9ress\u00e9es ont le droit d&rsquo;acc\u00e9der \u00e0 leurs donn\u00e9es, ainsi que de demander la rectification de donn\u00e9es inexactes ou, le cas \u00e9ch\u00e9ant, de demander leur suppression lorsque, entre autres raisons, les donn\u00e9es ne sont plus n\u00e9cessaires pour les fins pour Dans le cas des cookies, ces droits peuvent \u00eatre exerc\u00e9s sous r\u00e9serve des limitations d\u00e9coulant de la nature de ces fichiers.<\/p>\n\n\n\n<p>Dans les conditions pr\u00e9vues par le r\u00e8glement g\u00e9n\u00e9ral sur la protection des donn\u00e9es, ainsi que par la LOPD-gdd, les parties int\u00e9ress\u00e9es peuvent demander la limitation du traitement de leurs donn\u00e9es ou de leur portabilit\u00e9, auquel cas nous ne les conserverons que pour l&rsquo;exercice ou la d\u00e9fense de r\u00e9clamations.<\/p>\n\n\n\n<p>Dans certaines circonstances et pour des raisons li\u00e9es \u00e0 leur situation particuli\u00e8re, les parties int\u00e9ress\u00e9es peuvent s&rsquo;opposer au traitement de leurs donn\u00e9es. Si vous avez donn\u00e9 votre consentement \u00e0 des fins sp\u00e9cifiques, vous avez le droit de le retirer \u00e0 tout moment, sans affecter la l\u00e9galit\u00e9 du traitement bas\u00e9 sur le consentement avant son retrait. Dans ces cas, nous arr\u00eaterons de traiter les donn\u00e9es ou, le cas \u00e9ch\u00e9ant, nous arr\u00eaterons de le faire \u00e0 cette fin sp\u00e9cifique, sauf pour des raisons l\u00e9gitimes imp\u00e9rieuses ou pour l&rsquo;exercice ou la d\u00e9fense d&rsquo;\u00e9ventuelles r\u00e9clamations.<\/p>\n\n\n\n<p>Face \u00e0 toute violation de vos droits, notamment lorsque vous n&rsquo;avez pas obtenu satisfaction dans son exercice, vous pouvez d\u00e9poser une r\u00e9clamation aupr\u00e8s de l&rsquo;Agence espagnole de protection des donn\u00e9es (coordonn\u00e9es accessibles sur www.agpd.es) ou d&rsquo;une autre autorit\u00e9 de contr\u00f4le comp\u00e9tente.<\/p>\n\n\n\n<p>Vous pouvez \u00e9galement obtenir plus d&rsquo;informations sur les droits qui vous aident en contactant ces organisations ou en visitant notre <a href=\"http:\/\/www.eldoncel.com\/privaciad.html\">politique de confidentialit\u00e9.<\/a><\/p>\n\n\n\n<h5>COMMENT ADMINISTRER \/ CONFIGURER \/ D\u00c9SACTIVER LES COOKIES DANS LE NAVIGATEUR<\/h5>\n\n\n\n<p>En naviguant et en continuant sur notre site Web, vous consentez \u00e0 l&rsquo;utilisation de cookies dans les conditions contenues dans cette politique de cookies. L&rsquo;entit\u00e9 vous donne acc\u00e8s \u00e0 cette politique de cookies afin que vous, en tant que partie int\u00e9ress\u00e9e, soyez inform\u00e9, et sans pr\u00e9judice du fait que vous pouvez exercer votre droit de bloquer, d&rsquo;\u00e9liminer et de refuser l&rsquo;utilisation de cookies \u00e0 tout moment.<\/p>\n\n\n\n<p>Dans tous les cas, nous vous informons que, les cookies n&rsquo;\u00e9tant pas n\u00e9cessaires \u00e0 l&rsquo;utilisation de notre site Web, vous pouvez les bloquer ou les d\u00e9sactiver en activant la configuration de votre navigateur, ce qui vous permet de refuser l&rsquo;installation de tous les cookies ou de certains d&rsquo;entre eux. La plupart des navigateurs vous permettent d&rsquo;avertir de la pr\u00e9sence de cookies ou de les rejeter automatiquement. Si vous les rejetez, vous pouvez continuer \u00e0 utiliser notre site Web, bien que l&rsquo;utilisation de certains de ses services puisse \u00eatre limit\u00e9e et donc votre exp\u00e9rience sur notre site Web moins satisfaisante. Ensuite, nous expliquons comment acc\u00e9der au menu de configuration des navigateurs les plus populaires.<\/p>\n\n\n\n<h6>Chrome:<\/h6>\n\n\n\n<p>&#8211; Cliquez sur le menu Chrome dans la barre d&rsquo;outils du navigateur. &#8211; S\u00e9lectionnez Param\u00e8tres.<br>&#8211; Cliquez sur Afficher les param\u00e8tres avanc\u00e9s.<br>&#8211; Cliquez sur Afficher les param\u00e8tres avanc\u00e9s.<br>&#8211; Dans la section \u00ab\u00a0Confidentialit\u00e9\u00a0\u00bb, cliquez sur le bouton Param\u00e8tres de contenu.<br>&#8211; Dans la rubrique \u00ab\u00a0Cookie\u00a0\u00bb \u00ab\u00a0, vous pouvez modifier les param\u00e8tres relatifs aux cookies.<\/p>\n\n\n\n<h6>Firefox:<\/h6>\n\n\n\n<p>&#8211; Cliquez sur le bouton de menu et s\u00e9lectionnez Favoris.<br>&#8211; S\u00e9lectionnez le panneau Confidentialit\u00e9.<br>&#8211; Dans l&rsquo;entr\u00e9e Param\u00e8tres de l&rsquo;historique: s\u00e9lectionnez Utiliser une configuration personnalis\u00e9e pour l&rsquo;historique.<br>&#8211; Pour activer les cookies, cochez l&rsquo;entr\u00e9e Accepter les cookies des sites; pour les d\u00e9sactiver, d\u00e9cochez l&rsquo;entr\u00e9e.<\/p>\n\n\n\n<h6>Explorer:<\/h6>\n\n\n\n<p>&#8211; Cliquez sur le bouton Outils puis sur Options Internet.<br>&#8211; Cliquez sur l&rsquo;onglet Confidentialit\u00e9 et dans Param\u00e8tres, d\u00e9placez le dispositif coulissant vers le haut pour bloquer tous les cookies ou vers le bas pour les autoriser tous, puis cliquez sur OK (le blocage des cookies peut emp\u00eacher l&rsquo;affichage correct de certaines pages Web).<\/p>\n\n\n\n<h6>Safari:<\/h6>\n\n\n\n<p>&#8211; Pour configurer le blocage des cookies par Safari dans iOS 8, touchez Param\u00e8tres&gt;Safari&gt;&gt;Bloquer les cookies et choisissez \u00abToujours autoriser\u00bb, \u00abAutoriser uniquement \u00e0 partir des sites Web que je visite\u00bb, \u00abAutoriser uniquement \u00e0 partir du site Web actuel\u00bb ou \u00abToujours bloquer\u00bb .<br>&#8211; Dans iOS 7 ou les versions moins r\u00e9centes, choisissez \u00abJamais\u00bb, \u00abDe tiers et d&rsquo;annonceurs\u00bb ou \u00abToujours\u00bb.<\/p>\n\n\n\n<h5>MISE \u00c0 JOUR DE LA POLITIQUE DE COOKIES<\/h5>\n\n\n\n<p>Es posible que actualicemos la Pol\u00edtica de Cookies de nuestro Sitio Web en funci\u00f3n de exigencias legislativas, reglamentarias o con la finalidad de adaptar dicha pol\u00edtica a las instrucciones dictadas por la Agencia Espa\u00f1ola de Protecci\u00f3n de Datos, por ello le recomendamos revisar esta pol\u00edtica cada vez que acceda a nuestro Sitio Web con el objetivo de estar adecuadamente informado sobre c\u00f3mo y para qu\u00e9 usamos las cookies.<\/p>\n","protected":false},"excerpt":{"rendered":"<p>QUE SONT LES COOKIES? Les cookies sont des fichiers que le site Web ou l&rsquo;application que vous utilisez installent dans votre navigateur ou sur votre appareil (Smartphone, tablette ou t\u00e9l\u00e9vision connect\u00e9e) lors de votre visite des pages ou de l&rsquo;application, [&hellip;]<\/p>\n","protected":false},"author":2,"featured_media":0,"parent":0,"menu_order":0,"comment_status":"closed","ping_status":"closed","template":"","meta":[],"_links":{"self":[{"href":"https:\/\/eldoncel.com\/fr\/wp-json\/wp\/v2\/pages\/5196"}],"collection":[{"href":"https:\/\/eldoncel.com\/fr\/wp-json\/wp\/v2\/pages"}],"about":[{"href":"https:\/\/eldoncel.com\/fr\/wp-json\/wp\/v2\/types\/page"}],"author":[{"embeddable":true,"href":"https:\/\/eldoncel.com\/fr\/wp-json\/wp\/v2\/users\/2"}],"replies":[{"embeddable":true,"href":"https:\/\/eldoncel.com\/fr\/wp-json\/wp\/v2\/comments?post=5196"}],"version-history":[{"count":5,"href":"https:\/\/eldoncel.com\/fr\/wp-json\/wp\/v2\/pages\/5196\/revisions"}],"predecessor-version":[{"id":5254,"href":"https:\/\/eldoncel.com\/fr\/wp-json\/wp\/v2\/pages\/5196\/revisions\/5254"}],"wp:attachment":[{"href":"https:\/\/eldoncel.com\/fr\/wp-json\/wp\/v2\/media?parent=5196"}],"curies":[{"name":"wp","href":"https:\/\/api.w.org\/{rel}","templated":true}]}}