{"id":5206,"date":"2021-02-25T14:28:14","date_gmt":"2021-02-25T14:28:14","guid":{"rendered":"https:\/\/eldoncel.com\/avis-juridique"},"modified":"2021-02-25T14:59:32","modified_gmt":"2021-02-25T14:59:32","slug":"avis-juridique","status":"publish","type":"page","link":"https:\/\/eldoncel.com\/fr\/avis-juridique","title":{"rendered":"AVIS JURIDIQUE"},"content":{"rendered":"\n<p>Conform\u00e9ment aux dispositions de la loi 34\/2002 du 11 juillet, Services de la soci\u00e9t\u00e9 de l&rsquo;information et du commerce \u00e9lectronique (LSSICE), les aspects juridiques suivants sont signal\u00e9s:<\/p>\n\n<h5>PROPRI\u00c9T\u00c9 DU SITE WEB<\/h5>\n\n<p>HOTEL-RESTAURANTE EL DONCEL<br\/>Responsable: HOSTAL EL DONCEL, S.L.<br\/>CIF: B19118603<br\/>Adresse: Paseo de la Alameda 3, 19250 Sig\u00fcenza-Guadalajara.<br\/>Contact: T\u00e9l.949390001 E-mail eldoncel@eldoncel.com<br\/>Activit\u00e9: H\u00f4tel, restaurant et ferme \u00e9v\u00e9nementielle<\/p>\n\n<h5>CONDITIONS GENERALES D&rsquo;UTILISATION<\/h5>\n\n<p>Le but du portail web est de fournir au public, en g\u00e9n\u00e9ral, une connaissance des activit\u00e9s que cet organisme exerce et des services qu&rsquo;il fournit, pour le d\u00e9veloppement de son activit\u00e9.<\/p>\n\n<p>L&rsquo;utilisation de l&rsquo;une des fonctionnalit\u00e9s du site Web implique l&rsquo;acceptation expresse et pleine des conditions \u00e9nonc\u00e9es ici, sans pr\u00e9judice de celles qui peuvent s&rsquo;appliquer \u00e0 certains des services sp\u00e9cifiques propos\u00e9s par le biais du site Web.<\/p>\n\n<p>HOTEL-RESTAURANTE EL DONCEL se r\u00e9serve le droit d&rsquo;apporter, \u00e0 tout moment et sans pr\u00e9avis, des modifications et mises \u00e0 jour aux informations contenues sur son site Internet ou dans sa configuration et sa pr\u00e9sentation.<\/p>\n\n<p>Afin de maintenir \u00e0 jour les informations publi\u00e9es sur le site Web, son contenu peut \u00eatre modifi\u00e9, corrig\u00e9, supprim\u00e9 ou ajout\u00e9 \u00e0 tout moment, il sera donc pratique de v\u00e9rifier la validit\u00e9 ou l&rsquo;exactitude de celui-ci en allant aux sources officielles.<\/p>\n\n<h5>PROPRI\u00c9T\u00c9 INTELLECTUELLE, INDUSTRIELLE ET CADRES<\/h5>\n\n<p>Tous les \u00e9l\u00e9ments qui composent le site, ainsi que sa structure, son design, son code source, ainsi que les logos, marques et autres signes distinctifs qui y figurent, sont la propri\u00e9t\u00e9 de HOTEL-RESTAURANTE EL DONCEL ou de ses collaborateurs et sont prot\u00e9g\u00e9s par les droits de propri\u00e9t\u00e9 intellectuelle et industrielle correspondants.<\/p>\n\n<p>Les images et autres \u00e9l\u00e9ments graphiques contenus sur le site sont \u00e9galement prot\u00e9g\u00e9s par les droits de propri\u00e9t\u00e9 intellectuelle et industrielle correspondants. HOTEL-RESTAURANTE EL DONCEL interdit express\u00e9ment l&rsquo;ex\u00e9cution de \u00ab\u00a0framing\u00a0\u00bb ou l&rsquo;utilisation par des tiers de tout autre m\u00e9canisme qui alt\u00e8re la conception, la configuration originale ou le contenu de notre site Web.<\/p>\n\n<p>L&rsquo;utilisation des contenus doit respecter leur licence particuli\u00e8re. De cette mani\u00e8re, son utilisation, reproduction, distribution, communication publique, transformation ou toute autre activit\u00e9 similaire ou analogue, est totalement interdite sauf autorisation pr\u00e9alable et expresse de HOTEL-RESTAURANTE EL DONCEL.<\/p>\n\n<p>Seule la reproduction totale ou partielle des textes et contenus fournis par le site est autoris\u00e9e, \u00e0 condition que chacune des conditions suivantes soit remplie: L&rsquo;int\u00e9grit\u00e9 du contenu, des documents ou des graphiques est pr\u00e9serv\u00e9e; HOTEL-RESTAURANTE EL DONCEL est express\u00e9ment cit\u00e9 comme source et origine de ceux-ci; le but et la finalit\u00e9 d&rsquo;une telle utilisation sont compatibles avec les finalit\u00e9s du site Web et \/ ou l&rsquo;activit\u00e9 de HOTEL-RESTAURANTE EL DONCEL; et aucune utilisation commerciale n&rsquo;est pr\u00e9vue, sa distribution, sa communication publique, sa transformation ou sa d\u00e9compilation \u00e9tant express\u00e9ment interdites.<\/p>\n\n<p>Toute autre utilisation doit \u00eatre communiqu\u00e9e et autoris\u00e9e par HOTEL-RESTAURANTE EL DONCEL, pr\u00e9alablement et express\u00e9ment.<\/p>\n\n<p>Concernant les nominations de produits et services de tiers, HOTEL-RESTAURANTE EL DONCEL reconna\u00eet en faveur de leurs propri\u00e9taires les droits de propri\u00e9t\u00e9 industrielle et intellectuelle correspondants, leur simple mention ou apparition sur le Web n&rsquo;implique pas l&rsquo;existence de droits ou une quelconque responsabilit\u00e9 sur le idem, ni approbation, parrainage ou recommandation.<\/p>\n\n<p>HOTEL-RESTAURANTE EL DONCEL d\u00e9clare son respect des droits de propri\u00e9t\u00e9 intellectuelle et industrielle des tiers; Par cons\u00e9quent, si vous consid\u00e9rez que notre site Web pourrait porter atteinte \u00e0 vos droits, veuillez contacter HOTEL-RESTAURANTE EL DONCEL.<\/p>\n\n<h5>RESPONSABILIT\u00c9<\/h5>\n\n<p>HOTEL-RESTAURANTE EL DONCEL ne garantit pas l&rsquo;absence d&rsquo;erreurs dans l&rsquo;acc\u00e8s au Web, dans son contenu, ni qu&rsquo;il soit mis \u00e0 jour, bien que HOTEL-RESTAURANTE EL DONCEL fera ses meilleurs efforts pour, le cas \u00e9ch\u00e9ant, \u00e9viter, corriger ou mettre \u00e0 jour eux.<\/p>\n\n<p>Tant l&rsquo;acc\u00e8s au site de l&rsquo;HOTEL-RESTAURANTE EL DONCEL que l&rsquo;utilisation qui peut \u00eatre faite des informations qui y sont contenues rel\u00e8vent de la seule responsabilit\u00e9 de la personne qui l&rsquo;ex\u00e9cute.<\/p>\n\n<p>HOTEL-RESTAURANTE EL DONCEL n&rsquo;est pas responsable des informations et contenus stock\u00e9s, \u00e0 titre d&rsquo;exemple, mais sans s&rsquo;y limiter, dans les forums, chats, blogs, commentaires, r\u00e9seaux sociaux ou tout autre moyen permettant \u00e0 des tiers de publier du contenu de mani\u00e8re ind\u00e9pendante dans le site web de l&rsquo;HOTEL-RESTAURANTE EL DONCEL.<\/p>\n\n<p>Cependant, et conform\u00e9ment aux dispositions de la LSSI, HOTEL-RESTAURANTE EL DONCEL est mis \u00e0 la disposition de tous les utilisateurs, autorit\u00e9s et forces de s\u00e9curit\u00e9, et collabore activement au retrait ou, le cas \u00e9ch\u00e9ant, au blocage de tous ces contenus qui pourraient affecter ou contrevenir l\u00e9gislation nationale ou internationale, droits des tiers ou moralit\u00e9 et ordre public. Dans l&rsquo;hypoth\u00e8se o\u00f9 l&rsquo;utilisateur consid\u00e9rerait qu&rsquo;il existe sur le site un contenu susceptible de faire l&rsquo;objet de cette classification, veuillez contacter HOTEL-RESTAURANTE EL DONCEL.<\/p>\n\n<p>HOTEL-RESTAURANTE EL DONCEL n&rsquo;est pas responsable des r\u00e9ponses qui sont faites via les diff\u00e9rentes adresses e-mail qui apparaissent sur son site Web, de sorte qu&rsquo;en aucun cas un effet juridique contraignant ne peut en d\u00e9couler.<\/p>\n\n<h5>LIENS OU HYPERLIENS<\/h5>\n\n<p>Les liens contenus dans notre site Web peuvent conduire \u00e0 du contenu Web tiers.<\/p>\n\n<p>Le but de ces liens est uniquement de faciliter la recherche de ressources susceptibles de vous int\u00e9resser via Internet. Cependant, ces pages n&rsquo;appartiennent pas \u00e0 HOTELRESTAURANTE EL DONCEL, ni ne r\u00e9vise leur contenu et, par cons\u00e9quent, HOTELRESTAURANTE EL DONCEL n&rsquo;assume aucune responsabilit\u00e9 quant au contenu, aux informations ou aux services pouvant appara\u00eetre sur lesdits sites, qui seront exclusivement informatifs. et qu&rsquo;en aucun cas ils n&rsquo;impliquent une quelconque relation entre HOTEL-RESTAURANTE EL DONCEL et les personnes ou entit\u00e9s qui poss\u00e8dent ce contenu ou les propri\u00e9taires d&rsquo;autres sites o\u00f9 ils se trouvent. HOTEL-RESTAURANTE EL DONCEL ne peut \u00eatre tenu responsable du fonctionnement de la page li\u00e9e ou des \u00e9ventuels dommages pouvant r\u00e9sulter de son acc\u00e8s ou de son utilisation.<\/p>\n\n<h5>PROTECTION DES DONN\u00c9ES PERSONNELLES<\/h5>\n\n<p>Les donn\u00e9es personnelles demand\u00e9es pour la fourniture de nos services sont incluses dans les traitements soumis aux dispositions de la loi organique 3\/2018, du 5 d\u00e9cembre, sur la protection des donn\u00e9es personnelles et la garantie des droits num\u00e9riques (LOPD-gdd) et du r\u00e8glement (UE ) 2016\/679 du Parlement europ\u00e9en et du Conseil, du 27 avril 2016, concernant la protection des personnes physiques \u00e0 l&rsquo;\u00e9gard du traitement des donn\u00e9es \u00e0 caract\u00e8re personnel et la libre circulation de ces donn\u00e9es (RGPD).<\/p>\n\n<p>La collecte et le traitement desdites donn\u00e9es sont effectu\u00e9s par HOTEL-RESTAURANTE EL DONCEL, et leur finalit\u00e9 est la gestion, la fourniture, l&rsquo;expansion et l&rsquo;am\u00e9lioration des services demand\u00e9s \u00e0 tout moment par l&rsquo;utilisateur, le suivi des requ\u00eates, la participation aux processus de la s\u00e9lection du personnel, des communications \u00e9lectroniques et \/ ou de la pr\u00e9paration de statistiques.<\/p>\n\n<p>Les services fournis par HOTEL-RESTAURANTE EL DONCEL s&rsquo;adressent aux personnes majeures. Dans le cas exceptionnel o\u00f9 un service serait d\u00e9velopp\u00e9 sp\u00e9cifiquement destin\u00e9 aux mineurs de cet \u00e2ge, HOTEL-RESTAURANTE EL DONCEL demandera le consentement des parents ou tuteurs pour la collecte de donn\u00e9es personnelles ou, le cas \u00e9ch\u00e9ant, pour le traitement de celles-ci.<\/p>\n\n<p>HOTEL-RESTAURANTE EL DONCEL s&rsquo;engage \u00e0 respecter son obligation de secret \u00e0 l&rsquo;\u00e9gard des donn\u00e9es personnelles fournies et le devoir de les traiter avec confidentialit\u00e9 et r\u00e9serve, conform\u00e9ment \u00e0 la l\u00e9gislation en vigueur. \u00c0 ces fins, il adoptera les mesures n\u00e9cessaires pour \u00e9viter sa modification, sa perte, son traitement ou son acc\u00e8s non autoris\u00e9.<\/p>\n\n<h5>DROITS DES PARTIES INT\u00c9RESS\u00c9ES<\/h5>\n\n<p>Les r\u00e9glementations en vigueur en mati\u00e8re de protection des donn\u00e9es vous prot\u00e8gent dans une s\u00e9rie de droits li\u00e9s \u00e0 l&rsquo;utilisation que nous donnons \u00e0 vos donn\u00e9es. Chacun de vos droits est unipersonnel et incessible, c&rsquo;est-\u00e0-dire qu&rsquo;ils ne peuvent \u00eatre exerc\u00e9s que par le propri\u00e9taire des donn\u00e9es, apr\u00e8s v\u00e9rification de son identit\u00e9.<\/p>\n\n<p>Ensuite, nous indiquons quels sont les droits qui vous aident:<br\/>&#8211; Demander l&rsquo;acc\u00e8s \u00e0 vos donn\u00e9es personnelles.<br\/>&#8211; Demander la rectification de vos donn\u00e9es.<br\/>&#8211; Demander la suppression ou l&rsquo;\u00e9limination de vos donn\u00e9es (droit \u00e0 \u00ab\u00eatre oubli\u00e9\u00bb).<br\/>&#8211; Limiter ou s&rsquo;opposer \u00e0 l&rsquo;utilisation que nous donnons \u00e0 vos donn\u00e9es.<br\/>&#8211; Droit \u00e0 la portabilit\u00e9 de vos donn\u00e9es pour les cas de t\u00e9l\u00e9communications ou de services Internet.<br\/>&#8211; Droit de retirer votre consentement \u00e0 tout moment.<br\/>&#8211; Droit de d\u00e9poser une r\u00e9clamation concernant la protection des donn\u00e9es aupr\u00e8s de l&rsquo;autorit\u00e9 de contr\u00f4le (agence espagnole de protection des donn\u00e9es)<\/p>\n\n<h6>COMMENT EXERCER VOS DROITS PAR RAPPORT \u00c0 VOS DONN\u00c9ES?<\/h6>\n\n<p>Pour exercer vos droits d&rsquo;acc\u00e8s, de rectification, de suppression, de limitation ou d&rsquo;opposition, de portabilit\u00e9 et de retrait de votre consentement, vous pouvez le faire de la mani\u00e8re suivante:<\/p>\n\n<p>Responsable: HOSTAL EL DONCEL, S.L.<br\/>Adresse: Paseo Alameda n \u00b0 3, 19250, Sig\u00fcenza, (Guadalajara).<br\/>T\u00e9l\u00e9phone: 949 39 00 01<br\/>E-mail: eldoncel@eldoncel.com<\/p>\n\n<h6>COMMENT D\u00c9POSER VOTRE R\u00c9CLAMATION?<\/h6>\n\n<p>Outre les droits qui vous assistent, si vous pensez que vos donn\u00e9es ne sont pas collect\u00e9es ou trait\u00e9es conform\u00e9ment \u00e0 la r\u00e9glementation en vigueur sur la protection des donn\u00e9es, vous pouvez d\u00e9poser une r\u00e9clamation aupr\u00e8s de l&rsquo;autorit\u00e9 de contr\u00f4le, dont nous indiquons ci-dessous les coordonn\u00e9es:<\/p>\n\n<p>Agence espagnole de protection des donn\u00e9es<br\/>C\/ Jorge Juan, 6. 28001, Madrid (Madrid), Espa\u00f1a<br\/>C \/ Jorge Juan, 6. 28001, Madrid (Madrid), Espagne Courriel: info@agpd.es &#8211; T\u00e9l\u00e9phone: 912663517 Web: https:\/\/www.agpd.es<\/p>\n\n<h5>LOI APPLICABLE ET JURIDICTION<\/h5>\n\n<p>La loi applicable en cas de litige ou de conflit d&rsquo;interpr\u00e9tation des termes qui composent cet avis juridique, ainsi que toute question relative aux services de ce portail, sera la loi espagnole.<\/p>\n\n<p>Pour la r\u00e9solution de tout conflit pouvant survenir lors de la visite du site ou de l&rsquo;utilisation des services qui pourraient y \u00eatre propos\u00e9s, HOTEL-RESTAURANTE EL DONCEL et l&rsquo;Utilisateur s&rsquo;engagent \u00e0 se soumettre aux Juges et Tribunaux du domicile de l&rsquo;Utilisateur, \u00e0 condition que il est situ\u00e9 sur le territoire espagnol et agit en tant que consommateur. Dans le cas contraire, la soumission sera pr\u00e9sent\u00e9e aux cours et tribunaux de Guadalajara, en Espagne.<\/p>\n\n<p>Cet avis juridique a \u00e9t\u00e9 mis \u00e0 jour pour la derni\u00e8re fois le 1er f\u00e9vrier 2020.<\/p>\n","protected":false},"excerpt":{"rendered":"<p>Conform\u00e9ment aux dispositions de la loi 34\/2002 du 11 juillet, Services de la soci\u00e9t\u00e9 de l&rsquo;information et du commerce \u00e9lectronique (LSSICE), les aspects juridiques suivants sont signal\u00e9s: PROPRI\u00c9T\u00c9 DU SITE WEB HOTEL-RESTAURANTE EL DONCELResponsable: HOSTAL EL DONCEL, S.L.CIF: B19118603Adresse: Paseo [&hellip;]<\/p>\n","protected":false},"author":2,"featured_media":0,"parent":0,"menu_order":0,"comment_status":"closed","ping_status":"closed","template":"","meta":[],"_links":{"self":[{"href":"https:\/\/eldoncel.com\/fr\/wp-json\/wp\/v2\/pages\/5206"}],"collection":[{"href":"https:\/\/eldoncel.com\/fr\/wp-json\/wp\/v2\/pages"}],"about":[{"href":"https:\/\/eldoncel.com\/fr\/wp-json\/wp\/v2\/types\/page"}],"author":[{"embeddable":true,"href":"https:\/\/eldoncel.com\/fr\/wp-json\/wp\/v2\/users\/2"}],"replies":[{"embeddable":true,"href":"https:\/\/eldoncel.com\/fr\/wp-json\/wp\/v2\/comments?post=5206"}],"version-history":[{"count":4,"href":"https:\/\/eldoncel.com\/fr\/wp-json\/wp\/v2\/pages\/5206\/revisions"}],"predecessor-version":[{"id":5210,"href":"https:\/\/eldoncel.com\/fr\/wp-json\/wp\/v2\/pages\/5206\/revisions\/5210"}],"wp:attachment":[{"href":"https:\/\/eldoncel.com\/fr\/wp-json\/wp\/v2\/media?parent=5206"}],"curies":[{"name":"wp","href":"https:\/\/api.w.org\/{rel}","templated":true}]}}