{"id":5814,"date":"2023-10-18T12:30:59","date_gmt":"2023-10-18T12:30:59","guid":{"rendered":"https:\/\/eldoncel.com\/?page_id=5814"},"modified":"2026-03-24T13:07:21","modified_gmt":"2026-03-24T13:07:21","slug":"menu-essences-et-saveurs","status":"publish","type":"page","link":"https:\/\/eldoncel.com\/fr\/le-restaurant\/vivre\/menu-essences-et-saveurs","title":{"rendered":"Menu essences et saveurs"},"content":{"rendered":"<p>[vc_row full_height=\u00a0\u00bbyes\u00a0\u00bb parallax_background_image=\u00a0\u00bb4024&Prime; parallax_bg_speed=\u00a0\u00bb0&Prime;][vc_column][vc_row_inner row_content_width=\u00a0\u00bbgrid\u00a0\u00bb][vc_column_inner width=\u00a0\u00bb1\/2&Prime; offset=\u00a0\u00bbvc_col-lg-6 vc_hidden-sm vc_hidden-xs\u00a0\u00bb][\/vc_column_inner][vc_column_inner css=\u00a0\u00bb.vc_custom_1645879859761{padding-right: 0px !important;padding-left: 0px !important;}\u00a0\u00bb offset=\u00a0\u00bbvc_col-lg-6 vc_col-md-8&Prime;]<div class=\"mkdf-elements-holder   mkdf-one-column  mkdf-responsive-mode-768 \" ><div class=\"mkdf-eh-item    \" style=\"background-color: rgba(255,255,255,0.9)\" data-item-class=\"mkdf-eh-custom-5223\">\n\t<div class=\"mkdf-eh-item-inner\">\n\t\t<div class=\"mkdf-eh-item-content mkdf-eh-custom-5223\" style=\"padding: 14% 1% 0\">\n\t\t\t[vc_single_image image=\u00a0\u00bb6328&Prime; img_size=\u00a0\u00bb\u00a0\u00bb alignment=\u00a0\u00bbright\u00a0\u00bb]<div class=\"mkdf-section-title-holder  mkdf-st-standard mkdf-st-title-left mkdf-st-normal-space \" >\n\t<div class=\"mkdf-st-inner\">\n\t\t\t\t\t<h2 class=\"mkdf-st-title\" >\n\t\t\t\tMenu essences et saveurs\t\t\t<\/h2>\n\t\t    <span class=\"mkdf-st-line\" style=\"height: 0px\"><\/span>\n    <div class=\"mkdf-st-text\" >\n            <\/div>\n\t<\/div>\n<\/div>[vc_empty_space height=\u00a0\u00bb10px\u00a0\u00bb]<div class=\"mkdf-section-title-holder  mkdf-st-standard mkdf-st-title-left mkdf-st-normal-space \" >\n\t<div class=\"mkdf-st-inner\">\n\t\t\t\t\t<h5 class=\"mkdf-st-title\" >\n\t\t\t\t3 Entr\u00e9es et collations\t\t\t<\/h5>\n\t\t    <span class=\"mkdf-st-line\" style=\"margin: 10px 0 0 0; height: 20px\"><\/span>\n    <div class=\"mkdf-st-text\" >\n            <\/div>\n\t<\/div>\n<\/div>[vc_empty_space height=\u00a0\u00bb10px\u00a0\u00bb][vc_column_text]<strong><em><span class=\"Apple-converted-space\">Beurre, AOVE et sel<\/span><\/em><\/strong><\/p>\n<p><strong><em><span class=\"Apple-converted-space\">Pains artisanaux \u00e0 base de farines biologiques<\/span><\/em><\/strong>[\/vc_column_text][vc_empty_space height=\u00a0\u00bb10px\u00a0\u00bb]<div class=\"mkdf-section-title-holder  mkdf-st-standard mkdf-st-title-left mkdf-st-normal-space \" >\n\t<div class=\"mkdf-st-inner\">\n\t\t\t\t\t<h5 class=\"mkdf-st-title\" >\n\t\t\t\t4 Entr\u00e9es\t\t\t<\/h5>\n\t\t    <span class=\"mkdf-st-line\" style=\"margin: 10px 0 0 0; height: 20px\"><\/span>\n    <div class=\"mkdf-st-text\" >\n            <\/div>\n\t<\/div>\n<\/div>[vc_empty_space height=\u00a0\u00bb10px\u00a0\u00bb]<div class=\"mkdf-section-title-holder  mkdf-st-standard mkdf-st-title-left mkdf-st-normal-space \" >\n\t<div class=\"mkdf-st-inner\">\n\t\t\t\t\t<h5 class=\"mkdf-st-title\" >\n\t\t\t\t1 Poisson\t\t\t<\/h5>\n\t\t    <span class=\"mkdf-st-line\" style=\"margin: 10px 0 0 0; height: 20px\"><\/span>\n    <div class=\"mkdf-st-text\" >\n            <\/div>\n\t<\/div>\n<\/div>[vc_empty_space height=\u00a0\u00bb10px\u00a0\u00bb]<div class=\"mkdf-section-title-holder  mkdf-st-standard mkdf-st-title-left mkdf-st-normal-space \" >\n\t<div class=\"mkdf-st-inner\">\n\t\t\t\t\t<h5 class=\"mkdf-st-title\" >\n\t\t\t\t1 Viande\t\t\t<\/h5>\n\t\t    <span class=\"mkdf-st-line\" style=\"margin: 10px 0 0 0; height: 20px\"><\/span>\n    <div class=\"mkdf-st-text\" >\n            <\/div>\n\t<\/div>\n<\/div>[vc_empty_space height=\u00a0\u00bb10px\u00a0\u00bb]<div class=\"mkdf-section-title-holder  mkdf-st-standard mkdf-st-title-left mkdf-st-normal-space \" >\n\t<div class=\"mkdf-st-inner\">\n\t\t\t\t\t<h5 class=\"mkdf-st-title\" >\n\t\t\t\t1 Pr\u00e9-dessert\t\t\t<\/h5>\n\t\t    <span class=\"mkdf-st-line\" style=\"margin: 10px 0 0 0; height: 20px\"><\/span>\n    <div class=\"mkdf-st-text\" >\n            <\/div>\n\t<\/div>\n<\/div>[vc_empty_space height=\u00a0\u00bb10px\u00a0\u00bb]<div class=\"mkdf-section-title-holder  mkdf-st-standard mkdf-st-title-left mkdf-st-normal-space \" >\n\t<div class=\"mkdf-st-inner\">\n\t\t\t\t\t<h5 class=\"mkdf-st-title\" >\n\t\t\t\t1 Dessert\t\t\t<\/h5>\n\t\t    <span class=\"mkdf-st-line\" style=\"margin: 10px 0 0 0; height: 20px\"><\/span>\n    <div class=\"mkdf-st-text\" >\n            <\/div>\n\t<\/div>\n<\/div>[vc_empty_space height=\u00a0\u00bb10px\u00a0\u00bb]<div class=\"mkdf-section-title-holder  mkdf-st-standard mkdf-st-title-left mkdf-st-normal-space \" >\n\t<div class=\"mkdf-st-inner\">\n\t\t\t\t\t<h5 class=\"mkdf-st-title\" >\n\t\t\t\tPetites douceurs maison\t\t\t<\/h5>\n\t\t    <span class=\"mkdf-st-line\" style=\"margin: 10px 0 0 0; height: 20px\"><\/span>\n    <div class=\"mkdf-st-text\" >\n            <\/div>\n\t<\/div>\n<\/div>[vc_empty_space height=\u00a0\u00bb10px\u00a0\u00bb][vc_separator][vc_column_text]<\/p>\n<p style=\"text-align: left;\">Notre Chef Enrique P\u00e9rez pr\u00e9pare le menu \u00e0 votre go\u00fbt et en fonction du march\u00e9<\/p>\n<p style=\"text-align: left;\">Service de pain artisanal r\u00e9alis\u00e9 par nos soins avec notre propre levain<\/p>\n<p>[\/vc_column_text][vc_separator][vc_column_text]<\/p>\n<p style=\"text-align: right;\"><strong>MENU ESSENCES ET SAVEURS<\/strong><\/p>\n<p style=\"text-align: right;\">92\u20ac\/personne (TVA incluse)<br \/>\nBoissons non incluses<\/p>\n<p>[\/vc_column_text][vc_separator][vc_column_text]<\/p>\n<p style=\"text-align: left;\">Pour les amateurs de fromages, compl\u00e9tez votre exp\u00e9rience gastronomique avec notre plateau de fromages (6 vari\u00e9t\u00e9s) 15\u20ac\/personne<\/p>\n<p>[\/vc_column_text][vc_separator][vc_column_text]<\/p>\n<p style=\"text-align: right;\">Pour vivre une exp\u00e9rience gastronomique<br \/>\ncomplet, nous vous recommandons d&rsquo;accompagner le menu de<br \/>\n<strong>Accord mets et vins \u00ab\u00a0HARMONIE\u00a0\u00bb<\/strong><br \/>\ns\u00e9lectionn\u00e9s par notre sommelier Andrei Popa<\/p>\n<p>[\/vc_column_text][vc_separator][vc_empty_space height=\u00a0\u00bb10px\u00a0\u00bb][vc_column_text]<\/p>\n<p style=\"text-align: left;\">Afin de vous offrir la meilleure exp\u00e9rience et en raison en raison de la capacit\u00e9 d&rsquo;accueil et de la r\u00e9partition r\u00e9duite de notre salle, Nous ne pouvons malheureusement pas accueillir de poussettes ou de poussettes. Nous avons des chaises hautes et nous n&rsquo;avons pas non plus de menus enfants<\/p>\n<p>[\/vc_column_text][vc_empty_space height=\u00a0\u00bb30px\u00a0\u00bb]\t\t<\/div>\n\t<\/div>\n<\/div><\/div>[\/vc_column_inner][\/vc_row_inner][\/vc_column][\/vc_row]<\/p>\n","protected":false},"excerpt":{"rendered":"<p>[vc_row full_height=\u00a0\u00bbyes\u00a0\u00bb parallax_background_image=\u00a0\u00bb4024&Prime; parallax_bg_speed=\u00a0\u00bb0&Prime;][vc_column][vc_row_inner row_content_width=\u00a0\u00bbgrid\u00a0\u00bb][vc_column_inner width=\u00a0\u00bb1\/2&Prime; offset=\u00a0\u00bbvc_col-lg-6 vc_hidden-sm vc_hidden-xs\u00a0\u00bb][\/vc_column_inner][vc_column_inner css=\u00a0\u00bb.vc_custom_1645879859761{padding-right: 0px !important;padding-left: 0px !important;}\u00a0\u00bb offset=\u00a0\u00bbvc_col-lg-6 vc_col-md-8&Prime;][\/vc_column_inner][\/vc_row_inner][\/vc_column][\/vc_row]<\/p>\n","protected":false},"author":2,"featured_media":0,"parent":4628,"menu_order":0,"comment_status":"closed","ping_status":"closed","template":"full-width.php","meta":[],"_links":{"self":[{"href":"https:\/\/eldoncel.com\/fr\/wp-json\/wp\/v2\/pages\/5814"}],"collection":[{"href":"https:\/\/eldoncel.com\/fr\/wp-json\/wp\/v2\/pages"}],"about":[{"href":"https:\/\/eldoncel.com\/fr\/wp-json\/wp\/v2\/types\/page"}],"author":[{"embeddable":true,"href":"https:\/\/eldoncel.com\/fr\/wp-json\/wp\/v2\/users\/2"}],"replies":[{"embeddable":true,"href":"https:\/\/eldoncel.com\/fr\/wp-json\/wp\/v2\/comments?post=5814"}],"version-history":[{"count":13,"href":"https:\/\/eldoncel.com\/fr\/wp-json\/wp\/v2\/pages\/5814\/revisions"}],"predecessor-version":[{"id":6350,"href":"https:\/\/eldoncel.com\/fr\/wp-json\/wp\/v2\/pages\/5814\/revisions\/6350"}],"up":[{"embeddable":true,"href":"https:\/\/eldoncel.com\/fr\/wp-json\/wp\/v2\/pages\/4628"}],"wp:attachment":[{"href":"https:\/\/eldoncel.com\/fr\/wp-json\/wp\/v2\/media?parent=5814"}],"curies":[{"name":"wp","href":"https:\/\/api.w.org\/{rel}","templated":true}]}}